{"id":1491,"date":"2020-11-25T17:27:27","date_gmt":"2020-11-25T16:27:27","guid":{"rendered":"https:\/\/www.pharmacieonline.lu\/produit\/hansaplast-med-fingerstrips-16-strips\/"},"modified":"2026-04-08T15:55:29","modified_gmt":"2026-04-08T13:55:29","slug":"hansaplast-med-fingerstrips-16-strips","status":"publish","type":"product","link":"https:\/\/www.pharmacieonline.lu\/de\/produit\/hansaplast-med-fingerstrips-16-strips\/","title":{"rendered":"HANSAPLAST MED FINGERSTRIPS 16 STRIPS"},"content":{"rendered":"<p>Hansaplast Finger Strips eignet sich f\u00fcr alle Arten von kleinen Wunden und Verletzungen. Die Fingerstreifen sind extrem lang f\u00fcr eine perfekte Fixierung.<\/p>\n<p>Ultra lange Streifen f\u00fcr eine perfekte Fixierung.<br \/>\nBest\u00e4ndiges Textil, das die Haut atmen l\u00e4sst.<\/p>\n<p>Verwenden<br \/>\nReinigen Sie die Wunde und entfernen Sie vorsichtig Fremdk\u00f6rper und Schmutz.<br \/>\nTrocknen Sie die Haut vorsichtig um die Wunde.<br \/>\nTragen Sie das Pflaster auf, ohne ihn zu dehnen, und vermeiden Sie Faltenbildung.<\/p>\n<p>Einwegverband.<\/p>","protected":false},"excerpt":{"rendered":"<p>Hansaplast Finger Strips eignet sich f\u00fcr alle Arten von kleinen Wunden und Verletzungen. Die Fingerstreifen sind extrem lang f\u00fcr eine perfekte Fixierung. Ultra lange Streifen f\u00fcr eine perfekte Fixierung. Best\u00e4ndiges Textil, das die Haut atmen l\u00e4sst. Verwenden Reinigen Sie die Wunde und entfernen Sie vorsichtig Fremdk\u00f6rper und Schmutz. Trocknen Sie die Haut vorsichtig um die [&hellip;]<\/p>\n","protected":false},"featured_media":3422,"template":"","meta":{"_acf_changed":false,"footnotes":""},"product_brand":[],"product_cat":[775,789,45],"product_tag":[],"class_list":{"0":"post-1491","1":"product","2":"type-product","3":"status-publish","4":"has-post-thumbnail","6":"product_cat-premiers-soins-plaies-brulures","7":"product_cat-pansements","8":"product_cat-materiel-medical","10":"first","11":"instock","12":"taxable","13":"shipping-taxable","14":"purchasable","15":"product-type-simple"},"acf":[],"_links":{"self":[{"href":"https:\/\/www.pharmacieonline.lu\/de\/wp-json\/wp\/v2\/product\/1491","targetHints":{"allow":["GET"]}}],"collection":[{"href":"https:\/\/www.pharmacieonline.lu\/de\/wp-json\/wp\/v2\/product"}],"about":[{"href":"https:\/\/www.pharmacieonline.lu\/de\/wp-json\/wp\/v2\/types\/product"}],"version-history":[{"count":0,"href":"https:\/\/www.pharmacieonline.lu\/de\/wp-json\/wp\/v2\/product\/1491\/revisions"}],"wp:featuredmedia":[{"embeddable":true,"href":"https:\/\/www.pharmacieonline.lu\/de\/wp-json\/wp\/v2\/media\/3422"}],"wp:attachment":[{"href":"https:\/\/www.pharmacieonline.lu\/de\/wp-json\/wp\/v2\/media?parent=1491"}],"wp:term":[{"taxonomy":"product_brand","embeddable":true,"href":"https:\/\/www.pharmacieonline.lu\/de\/wp-json\/wp\/v2\/product_brand?post=1491"},{"taxonomy":"product_cat","embeddable":true,"href":"https:\/\/www.pharmacieonline.lu\/de\/wp-json\/wp\/v2\/product_cat?post=1491"},{"taxonomy":"product_tag","embeddable":true,"href":"https:\/\/www.pharmacieonline.lu\/de\/wp-json\/wp\/v2\/product_tag?post=1491"}],"curies":[{"name":"wp","href":"https:\/\/api.w.org\/{rel}","templated":true}]}}