{"id":14932,"date":"2021-02-02T15:40:46","date_gmt":"2021-02-02T14:40:46","guid":{"rendered":"https:\/\/www.pharmacieonline.lu\/?post_type=product&#038;p=14932"},"modified":"2026-04-15T18:25:25","modified_gmt":"2026-04-15T16:25:25","slug":"vichy-is-creme-onctueuse-f50-50ml","status":"publish","type":"product","link":"https:\/\/www.pharmacieonline.lu\/de\/produit\/vichy-is-creme-onctueuse-f50-50ml\/","title":{"rendered":"VICHY IS CREME ONCTUEUSE F50+ 50ML"},"content":{"rendered":"<p>Der sehr hohe Sonnenschutz, der Ihre Haut vor UV-Strahlen sch\u00fctzt und ideal macht:<br \/>\n&#8211; Leuchtende Br\u00e4une<br \/>\n&#8211; Glatte Hautstruktur<br \/>\n&#8211; Anti Falten und Sonnenflecken<br \/>\nSeine mit Hyalurons\u00e4ure angereicherte weiche und seidige Textur schmilzt in die Haut und f\u00fcllt sie sofort auf. Es ist glatter, weicher und flexibler.<\/p>\n<p>Anwendung<br \/>\nTragen Sie die glatte Creme kurz vor der Belichtung auf. Wenden Sie es h\u00e4ufig und gro\u00dfz\u00fcgig an, insbesondere nach dem Schwimmen, Schwitzen oder Trocknen<\/p>","protected":false},"excerpt":{"rendered":"<p>Der sehr hohe Sonnenschutz, der Ihre Haut vor UV-Strahlen sch\u00fctzt und ideal macht: &#8211; Leuchtende Br\u00e4une &#8211; Glatte Hautstruktur &#8211; Anti Falten und Sonnenflecken Seine mit Hyalurons\u00e4ure angereicherte weiche und seidige Textur schmilzt in die Haut und f\u00fcllt sie sofort auf. Es ist glatter, weicher und flexibler. Anwendung Tragen Sie die glatte Creme kurz vor [&hellip;]<\/p>\n","protected":false},"featured_media":24415,"template":"","meta":{"_acf_changed":false,"footnotes":""},"product_brand":[],"product_cat":[47,67,42,52],"product_tag":[],"class_list":{"0":"post-14932","1":"product","2":"type-product","3":"status-publish","4":"has-post-thumbnail","6":"product_cat-dermocosmetique","7":"product_cat-cremes-solaire","8":"product_cat-para-pharmacie","9":"product_cat-produits-solaires","11":"first","12":"instock","13":"sale","14":"taxable","15":"shipping-taxable","16":"purchasable","17":"product-type-simple"},"acf":[],"_links":{"self":[{"href":"https:\/\/www.pharmacieonline.lu\/de\/wp-json\/wp\/v2\/product\/14932","targetHints":{"allow":["GET"]}}],"collection":[{"href":"https:\/\/www.pharmacieonline.lu\/de\/wp-json\/wp\/v2\/product"}],"about":[{"href":"https:\/\/www.pharmacieonline.lu\/de\/wp-json\/wp\/v2\/types\/product"}],"version-history":[{"count":0,"href":"https:\/\/www.pharmacieonline.lu\/de\/wp-json\/wp\/v2\/product\/14932\/revisions"}],"wp:featuredmedia":[{"embeddable":true,"href":"https:\/\/www.pharmacieonline.lu\/de\/wp-json\/wp\/v2\/media\/24415"}],"wp:attachment":[{"href":"https:\/\/www.pharmacieonline.lu\/de\/wp-json\/wp\/v2\/media?parent=14932"}],"wp:term":[{"taxonomy":"product_brand","embeddable":true,"href":"https:\/\/www.pharmacieonline.lu\/de\/wp-json\/wp\/v2\/product_brand?post=14932"},{"taxonomy":"product_cat","embeddable":true,"href":"https:\/\/www.pharmacieonline.lu\/de\/wp-json\/wp\/v2\/product_cat?post=14932"},{"taxonomy":"product_tag","embeddable":true,"href":"https:\/\/www.pharmacieonline.lu\/de\/wp-json\/wp\/v2\/product_tag?post=14932"}],"curies":[{"name":"wp","href":"https:\/\/api.w.org\/{rel}","templated":true}]}}