{"id":1496,"date":"2020-11-25T17:27:27","date_gmt":"2020-11-25T16:27:27","guid":{"rendered":"https:\/\/www.pharmacieonline.lu\/produit\/tena-pants-plus-proskin-large-a-14\/"},"modified":"2026-04-03T16:25:25","modified_gmt":"2026-04-03T14:25:25","slug":"tena-pants-plus-proskin-large-a-14","status":"publish","type":"product","link":"https:\/\/www.pharmacieonline.lu\/de\/produit\/tena-pants-plus-proskin-large-a-14\/","title":{"rendered":"TENA PANTS PLUS PROSKIN LARGE A 14"},"content":{"rendered":"<p>Dank des ConfioFit-Systems profitiert die Person von einem feinen und flexiblen Schutz, der f\u00fcr Komfort und Diskretion steht. TENA Pants Plus bieten zus\u00e4tzlichen Schutz, wenn die Undichtigkeiten etwas schwerwiegender sind. Dank ihrer hervorragenden Atmungsaktivit\u00e4t sind sie die ideale Wahl f\u00fcr die Erhaltung einer gesunden Haut.<\/p>\n<p>ConfioFit ist schlank und umarmt den K\u00f6rper<br \/>\nDie doppelte Auslaufbarriere bietet hohe Sicherheit<br \/>\nSchnelle Absorption und ein stark saugf\u00e4higer Kern sorgen f\u00fcr lang anhaltende Trockenheit<\/p>","protected":false},"excerpt":{"rendered":"<p>Dank des ConfioFit-Systems profitiert die Person von einem feinen und flexiblen Schutz, der f\u00fcr Komfort und Diskretion steht. TENA Pants Plus bieten zus\u00e4tzlichen Schutz, wenn die Undichtigkeiten etwas schwerwiegender sind. Dank ihrer hervorragenden Atmungsaktivit\u00e4t sind sie die ideale Wahl f\u00fcr die Erhaltung einer gesunden Haut. ConfioFit ist schlank und umarmt den K\u00f6rper Die doppelte Auslaufbarriere [&hellip;]<\/p>\n","protected":false},"featured_media":3477,"template":"","meta":{"_acf_changed":false,"footnotes":""},"product_brand":[],"product_cat":[144,45],"product_tag":[],"class_list":{"0":"post-1496","1":"product","2":"type-product","3":"status-publish","4":"has-post-thumbnail","6":"product_cat-incontinence","7":"product_cat-materiel-medical","9":"first","10":"outofstock","11":"taxable","12":"shipping-taxable","13":"purchasable","14":"product-type-simple"},"acf":[],"_links":{"self":[{"href":"https:\/\/www.pharmacieonline.lu\/de\/wp-json\/wp\/v2\/product\/1496","targetHints":{"allow":["GET"]}}],"collection":[{"href":"https:\/\/www.pharmacieonline.lu\/de\/wp-json\/wp\/v2\/product"}],"about":[{"href":"https:\/\/www.pharmacieonline.lu\/de\/wp-json\/wp\/v2\/types\/product"}],"version-history":[{"count":0,"href":"https:\/\/www.pharmacieonline.lu\/de\/wp-json\/wp\/v2\/product\/1496\/revisions"}],"wp:featuredmedia":[{"embeddable":true,"href":"https:\/\/www.pharmacieonline.lu\/de\/wp-json\/wp\/v2\/media\/3477"}],"wp:attachment":[{"href":"https:\/\/www.pharmacieonline.lu\/de\/wp-json\/wp\/v2\/media?parent=1496"}],"wp:term":[{"taxonomy":"product_brand","embeddable":true,"href":"https:\/\/www.pharmacieonline.lu\/de\/wp-json\/wp\/v2\/product_brand?post=1496"},{"taxonomy":"product_cat","embeddable":true,"href":"https:\/\/www.pharmacieonline.lu\/de\/wp-json\/wp\/v2\/product_cat?post=1496"},{"taxonomy":"product_tag","embeddable":true,"href":"https:\/\/www.pharmacieonline.lu\/de\/wp-json\/wp\/v2\/product_tag?post=1496"}],"curies":[{"name":"wp","href":"https:\/\/api.w.org\/{rel}","templated":true}]}}