{"id":1507,"date":"2020-11-25T17:27:28","date_gmt":"2020-11-25T16:27:28","guid":{"rendered":"https:\/\/www.pharmacieonline.lu\/produit\/vichy-deo-beauty-bille-48h-a-transp-50ml\/"},"modified":"2026-04-04T02:25:23","modified_gmt":"2026-04-04T00:25:23","slug":"vichy-deo-beauty-bille-48h-a-transp-50ml","status":"publish","type":"product","link":"https:\/\/www.pharmacieonline.lu\/de\/produit\/vichy-deo-beauty-bille-48h-a-transp-50ml\/","title":{"rendered":"VICHY DEO BEAUTY BILLE 48H A\/TRANSP 50ML"},"content":{"rendered":"<p>Deodorant Beauty Deodorant 48h Antitranspirant<\/p>\n<p>Indikation<br \/>\nF\u00fcr Frauen, die ihre Rasiersitzungen noch weiter ausr\u00e4umen und das Erscheinungsbild ihrer Achselh\u00f6hlen verbessern m\u00f6chten, ohne die Wirksamkeit des Antitranspirants zu beeintr\u00e4chtigen, selbst bei den empfindlichsten Hauttypen. Frei von Parabenen.<\/p>\n<p>Verwendung<br \/>\nT\u00e4glich auf saubere, trockene Achselh\u00f6hlen auftragen.<\/p>\n<p>Komposition<br \/>\nAQUA \/ WASSER &#8211; ALUMINIUMCHLOROHYDRAT &#8211; CETEARYLALKOHOL &#8211; CETEARETH-33 &#8211; PERFUM \/ DUFT &#8211; PERLIT &#8211; PHENOXYETHANOL &#8211; DIMETHIKON &#8211; CITRUS LIMON FRUCHT EXTRAKT \/ ZITRONE FRUCHT &#8211; PERFEKT EXTRAKT \/ ZITRONENFR\u00dcCHTE EXTRAKT &#8211; CAPRYLOYLTAMIDRACYL &#8211; TAMORA TAMID \/ MICXYLICI89 &#8211; TAMUTR TAMID \/ ACXYLICIUM &#8211; 77 GLUCOSID<\/p>","protected":false},"excerpt":{"rendered":"<p>Deodorant Beauty Deodorant 48h Antitranspirant Indikation F\u00fcr Frauen, die ihre Rasiersitzungen noch weiter ausr\u00e4umen und das Erscheinungsbild ihrer Achselh\u00f6hlen verbessern m\u00f6chten, ohne die Wirksamkeit des Antitranspirants zu beeintr\u00e4chtigen, selbst bei den empfindlichsten Hauttypen. Frei von Parabenen. Verwendung T\u00e4glich auf saubere, trockene Achselh\u00f6hlen auftragen. Komposition AQUA \/ WASSER &#8211; ALUMINIUMCHLOROHYDRAT &#8211; CETEARYLALKOHOL &#8211; CETEARETH-33 &#8211; PERFUM [&hellip;]<\/p>\n","protected":false},"featured_media":3421,"template":"","meta":{"_acf_changed":false,"footnotes":""},"product_brand":[],"product_cat":[47,42,905],"product_tag":[],"class_list":{"0":"post-1507","1":"product","2":"type-product","3":"status-publish","4":"has-post-thumbnail","6":"product_cat-dermocosmetique","7":"product_cat-para-pharmacie","8":"product_cat-deodorants","10":"first","11":"outofstock","12":"taxable","13":"shipping-taxable","14":"purchasable","15":"product-type-simple"},"acf":[],"_links":{"self":[{"href":"https:\/\/www.pharmacieonline.lu\/de\/wp-json\/wp\/v2\/product\/1507","targetHints":{"allow":["GET"]}}],"collection":[{"href":"https:\/\/www.pharmacieonline.lu\/de\/wp-json\/wp\/v2\/product"}],"about":[{"href":"https:\/\/www.pharmacieonline.lu\/de\/wp-json\/wp\/v2\/types\/product"}],"version-history":[{"count":0,"href":"https:\/\/www.pharmacieonline.lu\/de\/wp-json\/wp\/v2\/product\/1507\/revisions"}],"wp:featuredmedia":[{"embeddable":true,"href":"https:\/\/www.pharmacieonline.lu\/de\/wp-json\/wp\/v2\/media\/3421"}],"wp:attachment":[{"href":"https:\/\/www.pharmacieonline.lu\/de\/wp-json\/wp\/v2\/media?parent=1507"}],"wp:term":[{"taxonomy":"product_brand","embeddable":true,"href":"https:\/\/www.pharmacieonline.lu\/de\/wp-json\/wp\/v2\/product_brand?post=1507"},{"taxonomy":"product_cat","embeddable":true,"href":"https:\/\/www.pharmacieonline.lu\/de\/wp-json\/wp\/v2\/product_cat?post=1507"},{"taxonomy":"product_tag","embeddable":true,"href":"https:\/\/www.pharmacieonline.lu\/de\/wp-json\/wp\/v2\/product_tag?post=1507"}],"curies":[{"name":"wp","href":"https:\/\/api.w.org\/{rel}","templated":true}]}}