{"id":1510,"date":"2020-11-25T17:27:28","date_gmt":"2020-11-25T16:27:28","guid":{"rendered":"https:\/\/www.pharmacieonline.lu\/produit\/mustela-bebe-creme-change-1-2-3-100-ml\/"},"modified":"2026-04-29T01:40:55","modified_gmt":"2026-04-28T23:40:55","slug":"mustela-bebe-creme-change-1-2-3-100-ml","status":"publish","type":"product","link":"https:\/\/www.pharmacieonline.lu\/de\/produit\/mustela-bebe-creme-change-1-2-3-100-ml\/","title":{"rendered":"MUSTELA BEBE CREME CHANGE 1-2-3 100 ML"},"content":{"rendered":"<p>Die neue Mustela B\u00e9b\u00e9 Wickelcreme 123 wurde speziell entwickelt, um dank eines einzigartigen Komplexes patentierter nat\u00fcrlicher Wirkstoffe die Ausl\u00f6ser von Reizungen und R\u00f6tungen auszul\u00f6sen.<\/p>\n<p>Verwendung<br \/>\nTragen Sie von Geburt an * bei jedem Wechsel eine dicke Schicht auf den sauberen, trockenen Sitz auf. * einschlie\u00dflich Babys, die aus der Neugeborenenversorgung entlassen wurden.<\/p>\n<p>Komposition<br \/>\nAqua (Wasser), Zinkoxid, Capryl \/ Capric Triglycerid, Coco-Caprylat \/ Caprat, Polyglyceryl-2-dipolyhydroxystearat, Glycerin, Cera Alba (Bienenwachs), Persea Gratissima (Avocado) \u00d6l, Polyglyceryl-3 Diisostuearat, Heliantus Anniant, Sonnenblumen-) Samen\u00f6l nicht verseifbar, Magnesiumsulfat, Stearalkoniumhektorit, Levulins\u00e4ure, Caprylylglykol, Capryloylglycin, Natriumlevulinat, Undecyldimethyloxazolin, Propylencarbonat, Persea Gratissima (Avocado) Fruchtextrakt<\/p>","protected":false},"excerpt":{"rendered":"<p>Die neue Mustela B\u00e9b\u00e9 Wickelcreme 123 wurde speziell entwickelt, um dank eines einzigartigen Komplexes patentierter nat\u00fcrlicher Wirkstoffe die Ausl\u00f6ser von Reizungen und R\u00f6tungen auszul\u00f6sen. Verwendung Tragen Sie von Geburt an * bei jedem Wechsel eine dicke Schicht auf den sauberen, trockenen Sitz auf. * einschlie\u00dflich Babys, die aus der Neugeborenenversorgung entlassen wurden. Komposition Aqua (Wasser), [&hellip;]<\/p>\n","protected":false},"featured_media":3420,"template":"","meta":{"_acf_changed":false,"footnotes":""},"product_brand":[],"product_cat":[783,42,115,44,114],"product_tag":[],"class_list":{"0":"post-1510","1":"product","2":"type-product","3":"status-publish","4":"has-post-thumbnail","6":"product_cat-creme-pour-le-change","7":"product_cat-para-pharmacie","8":"product_cat-change-de-bebe","9":"product_cat-bebe-maman","10":"product_cat-soins-de-bebe","12":"first","13":"instock","14":"taxable","15":"shipping-taxable","16":"purchasable","17":"product-type-simple"},"acf":[],"_links":{"self":[{"href":"https:\/\/www.pharmacieonline.lu\/de\/wp-json\/wp\/v2\/product\/1510","targetHints":{"allow":["GET"]}}],"collection":[{"href":"https:\/\/www.pharmacieonline.lu\/de\/wp-json\/wp\/v2\/product"}],"about":[{"href":"https:\/\/www.pharmacieonline.lu\/de\/wp-json\/wp\/v2\/types\/product"}],"version-history":[{"count":1,"href":"https:\/\/www.pharmacieonline.lu\/de\/wp-json\/wp\/v2\/product\/1510\/revisions"}],"predecessor-version":[{"id":55300,"href":"https:\/\/www.pharmacieonline.lu\/de\/wp-json\/wp\/v2\/product\/1510\/revisions\/55300"}],"wp:featuredmedia":[{"embeddable":true,"href":"https:\/\/www.pharmacieonline.lu\/de\/wp-json\/wp\/v2\/media\/3420"}],"wp:attachment":[{"href":"https:\/\/www.pharmacieonline.lu\/de\/wp-json\/wp\/v2\/media?parent=1510"}],"wp:term":[{"taxonomy":"product_brand","embeddable":true,"href":"https:\/\/www.pharmacieonline.lu\/de\/wp-json\/wp\/v2\/product_brand?post=1510"},{"taxonomy":"product_cat","embeddable":true,"href":"https:\/\/www.pharmacieonline.lu\/de\/wp-json\/wp\/v2\/product_cat?post=1510"},{"taxonomy":"product_tag","embeddable":true,"href":"https:\/\/www.pharmacieonline.lu\/de\/wp-json\/wp\/v2\/product_tag?post=1510"}],"curies":[{"name":"wp","href":"https:\/\/api.w.org\/{rel}","templated":true}]}}