{"id":15147,"date":"2021-02-04T17:35:27","date_gmt":"2021-02-04T16:35:27","guid":{"rendered":"https:\/\/www.pharmacieonline.lu\/?post_type=product&#038;p=15147"},"modified":"2026-04-13T03:55:56","modified_gmt":"2026-04-13T01:55:56","slug":"frontline-spot-on-chat-305-ml-vet","status":"publish","type":"product","link":"https:\/\/www.pharmacieonline.lu\/de\/produit\/frontline-spot-on-chat-305-ml-vet\/","title":{"rendered":"FRONTLINE SPOT ON CHAT 3*0,5 ML VET"},"content":{"rendered":"<p>Frontline\u00ae Spot-On ist ein einfach anzuwendendes Produkt, das Ihrer Katze einen guten Schutz gegen Fl\u00f6he und Zecken bietet. Frontline\u00ae Spot-On t\u00f6tet Fl\u00f6he in 24 Stunden und Zecken in 48 Stunden. Sch\u00fctzt Ihre Katze 4 Wochen vor Fl\u00f6hen und 2 Wochen vor Zecken.<\/p>\n<p>Indikation<\/p>\n<p>Bei Katzen:<\/p>\n<p>Zur alleinigen Anwendung gegen Flohbefall oder Mischbefall durch Fl\u00f6he und \/ oder Bei\u00dfl\u00e4use:<br \/>\nEliminierung von Fl\u00f6hen (Ctenocephalides spp.). Die insektizide Wirksamkeit gegen Neubefall durch erwachsene Fl\u00f6he bleibt 4 Wochen lang bestehen. Verhinderung der Vermehrung von Fl\u00f6hen durch Hemmung der Entwicklung von Eiern (ovizide Aktivit\u00e4t) sowie Larven und Puppen (larvizide Aktivit\u00e4t) aus Eiern, die von erwachsenen Fl\u00f6hen 6 Wochen nach der Anwendung gelegt wurden.<br \/>\nBeseitigung von Zecken (Ixodes ricinus, Dermacentor variabilis, Rhipicephalus sanguineus). Das Tierarzneimittel hat eine akarizide Wirksamkeit gegen Zecken, die bis zu 2 Wochen anh\u00e4lt (basierend auf experimentellen Daten).<br \/>\nBeseitigung von bei\u00dfenden L\u00e4usen (Felicola subrostratus).<\/p>\n<p>Bei Frettchen:<\/p>\n<p>Zur alleinigen Bek\u00e4mpfung von Flohbefall oder Mischbefall durch Fl\u00f6he und Schicksale.<br \/>\nEliminierung von Fl\u00f6hen (Ctenocephalides spp.). Die insektizide Wirksamkeit gegen Neubefall durch erwachsene Fl\u00f6he bleibt 4 Wochen lang bestehen. Verhinderung der Vermehrung von Bijsluiter &#8211; Versie FR FRONTLINE COMBO LINE CATchips durch Hemmung der Entwicklung von Eiern (ovizide Aktivit\u00e4t) sowie Larven und Puppen (larvizide Aktivit\u00e4t) aus Eiern, die von erwachsenen Fl\u00f6hen gelegt wurden.<br \/>\nBeseitigung von Zecken (Ixodes ricinus). Das Tierarzneimittel hat eine akarizide Wirksamkeit gegen Zecken, die (nach experimentellen Daten) 4 Wochen anh\u00e4lt.<\/p>","protected":false},"excerpt":{"rendered":"<p>Frontline\u00ae Spot-On ist ein einfach anzuwendendes Produkt, das Ihrer Katze einen guten Schutz gegen Fl\u00f6he und Zecken bietet. Frontline\u00ae Spot-On t\u00f6tet Fl\u00f6he in 24 Stunden und Zecken in 48 Stunden. Sch\u00fctzt Ihre Katze 4 Wochen vor Fl\u00f6hen und 2 Wochen vor Zecken. Indikation Bei Katzen: Zur alleinigen Anwendung gegen Flohbefall oder Mischbefall durch Fl\u00f6he und [&hellip;]<\/p>\n","protected":false},"featured_media":15149,"template":"","meta":{"_acf_changed":false,"footnotes":""},"product_brand":[],"product_cat":[150,153,46],"product_tag":[],"class_list":{"0":"post-15147","1":"product","2":"type-product","3":"status-publish","4":"has-post-thumbnail","6":"product_cat-chats","7":"product_cat-puces-et-tiques","8":"product_cat-veterinaire","10":"first","11":"instock","12":"taxable","13":"shipping-taxable","14":"purchasable","15":"product-type-simple"},"acf":[],"_links":{"self":[{"href":"https:\/\/www.pharmacieonline.lu\/de\/wp-json\/wp\/v2\/product\/15147","targetHints":{"allow":["GET"]}}],"collection":[{"href":"https:\/\/www.pharmacieonline.lu\/de\/wp-json\/wp\/v2\/product"}],"about":[{"href":"https:\/\/www.pharmacieonline.lu\/de\/wp-json\/wp\/v2\/types\/product"}],"version-history":[{"count":0,"href":"https:\/\/www.pharmacieonline.lu\/de\/wp-json\/wp\/v2\/product\/15147\/revisions"}],"wp:featuredmedia":[{"embeddable":true,"href":"https:\/\/www.pharmacieonline.lu\/de\/wp-json\/wp\/v2\/media\/15149"}],"wp:attachment":[{"href":"https:\/\/www.pharmacieonline.lu\/de\/wp-json\/wp\/v2\/media?parent=15147"}],"wp:term":[{"taxonomy":"product_brand","embeddable":true,"href":"https:\/\/www.pharmacieonline.lu\/de\/wp-json\/wp\/v2\/product_brand?post=15147"},{"taxonomy":"product_cat","embeddable":true,"href":"https:\/\/www.pharmacieonline.lu\/de\/wp-json\/wp\/v2\/product_cat?post=15147"},{"taxonomy":"product_tag","embeddable":true,"href":"https:\/\/www.pharmacieonline.lu\/de\/wp-json\/wp\/v2\/product_tag?post=15147"}],"curies":[{"name":"wp","href":"https:\/\/api.w.org\/{rel}","templated":true}]}}