{"id":15155,"date":"2021-02-04T17:37:21","date_gmt":"2021-02-04T16:37:21","guid":{"rendered":"https:\/\/www.pharmacieonline.lu\/?post_type=product&#038;p=15155"},"modified":"2026-04-28T07:40:21","modified_gmt":"2026-04-28T05:40:21","slug":"frontline-spot-on-chien-l-20-40-kg-a-3","status":"publish","type":"product","link":"https:\/\/www.pharmacieonline.lu\/de\/produit\/frontline-spot-on-chien-l-20-40-kg-a-3\/","title":{"rendered":"FRONTLINE SPOT ON CHIEN L 20-40 KG A 3"},"content":{"rendered":"<p>Frontline\u00ae Spot-On ist ein einfach anzuwendendes Produkt, das Ihrem Hund einen guten Schutz gegen Fl\u00f6he und Zecken bietet. Frontline\u00ae Spot-On t\u00f6tet Fl\u00f6he in 24 Stunden und Zecken in 48 Stunden. Frontline\u00ae Spot-On sch\u00fctzt Ihren Hund 4 Wochen vor Fl\u00f6hen und 4 Wochen vor Zecken. F\u00fcr Hunde von 20 kg bis 40 kg.<\/p>\n<p>Indikation<br \/>\nZur Behandlung von Hunden mit einem K\u00f6rpergewicht von 10 bis 20 kg:<\/p>\n<p>Zur alleinigen Anwendung gegen Flohbefall oder Mischbefall durch Fl\u00f6he und \/ oder Bei\u00dfl\u00e4use:<br \/>\nBehandlung von Flohbefall (Ctenocephalides spp.). Die insektizide Wirksamkeit gegen Neubefall durch erwachsene Fl\u00f6he bleibt 8 Wochen lang bestehen. Verhinderung der Flohvermehrung durch Hemmung der Entwicklung von Eiern (ovizide Aktivit\u00e4t) sowie Larven und Puppen (larvizide Aktivit\u00e4t) aus Eiern, die von erwachsenen Fl\u00f6hen 8 Wochen nach der Anwendung gelegt wurden.<br \/>\nBehandlung von Zeckenbefall (Ixodes ricinus, Dermacentor variabilis, Dermacentorreticulatus, Rhipicephalus sanguineus). Das Produkt hat eine akarizide Wirksamkeit gegen Zecken, die bis zu 4 Wochen anh\u00e4lt (basierend auf experimentellen Daten).<br \/>\nBehandlung von Bei\u00dfl\u00e4usen (Trichodectes canis).<\/p>\n<p>Das Medikament kann in ein Behandlungsprogramm f\u00fcr Allergie gegen Flohbissdermatitis (PADB) integriert werden.<\/p>","protected":false},"excerpt":{"rendered":"<p>Frontline\u00ae Spot-On ist ein einfach anzuwendendes Produkt, das Ihrem Hund einen guten Schutz gegen Fl\u00f6he und Zecken bietet. Frontline\u00ae Spot-On t\u00f6tet Fl\u00f6he in 24 Stunden und Zecken in 48 Stunden. Frontline\u00ae Spot-On sch\u00fctzt Ihren Hund 4 Wochen vor Fl\u00f6hen und 4 Wochen vor Zecken. F\u00fcr Hunde von 20 kg bis 40 kg. Indikation Zur Behandlung [&hellip;]<\/p>\n","protected":false},"featured_media":15157,"template":"","meta":{"_acf_changed":false,"footnotes":""},"product_brand":[],"product_cat":[151,157,46],"product_tag":[],"class_list":{"0":"post-15155","1":"product","2":"type-product","3":"status-publish","4":"has-post-thumbnail","6":"product_cat-chiens","7":"product_cat-puces-et-tiques-chiens","8":"product_cat-veterinaire","10":"first","11":"instock","12":"taxable","13":"shipping-taxable","14":"purchasable","15":"product-type-simple"},"acf":[],"_links":{"self":[{"href":"https:\/\/www.pharmacieonline.lu\/de\/wp-json\/wp\/v2\/product\/15155","targetHints":{"allow":["GET"]}}],"collection":[{"href":"https:\/\/www.pharmacieonline.lu\/de\/wp-json\/wp\/v2\/product"}],"about":[{"href":"https:\/\/www.pharmacieonline.lu\/de\/wp-json\/wp\/v2\/types\/product"}],"version-history":[{"count":0,"href":"https:\/\/www.pharmacieonline.lu\/de\/wp-json\/wp\/v2\/product\/15155\/revisions"}],"wp:featuredmedia":[{"embeddable":true,"href":"https:\/\/www.pharmacieonline.lu\/de\/wp-json\/wp\/v2\/media\/15157"}],"wp:attachment":[{"href":"https:\/\/www.pharmacieonline.lu\/de\/wp-json\/wp\/v2\/media?parent=15155"}],"wp:term":[{"taxonomy":"product_brand","embeddable":true,"href":"https:\/\/www.pharmacieonline.lu\/de\/wp-json\/wp\/v2\/product_brand?post=15155"},{"taxonomy":"product_cat","embeddable":true,"href":"https:\/\/www.pharmacieonline.lu\/de\/wp-json\/wp\/v2\/product_cat?post=15155"},{"taxonomy":"product_tag","embeddable":true,"href":"https:\/\/www.pharmacieonline.lu\/de\/wp-json\/wp\/v2\/product_tag?post=15155"}],"curies":[{"name":"wp","href":"https:\/\/api.w.org\/{rel}","templated":true}]}}