{"id":1516,"date":"2020-11-25T17:27:28","date_gmt":"2020-11-25T16:27:28","guid":{"rendered":"https:\/\/www.pharmacieonline.lu\/produit\/pures-assain-spray-500-ml\/"},"modified":"2026-04-04T02:25:12","modified_gmt":"2026-04-04T00:25:12","slug":"pures-assain-spray-500-ml","status":"publish","type":"product","link":"https:\/\/www.pharmacieonline.lu\/de\/produit\/pures-assain-spray-500-ml\/","title":{"rendered":"PURES ASSAIN SPRAY 500 ML"},"content":{"rendered":"<p>ACARICIDE &#8211; BACTERICIDE &#8211; VIRUCIDE &#8211; FUNGICIDE<\/p>\n<p>Verwendung<br \/>\nSpr\u00fchl\u00f6sung f\u00fcr den atmosph\u00e4rischen Gebrauch: 6 bis 8 Sprays (3 bis 5 ml) zum Spr\u00fchen in die Luft, an den vier Ecken des Ortes, die mehrmals t\u00e4glich und insbesondere nachts vor dem Schlafengehen desinfiziert werden sollen. Kann auf Teppiche und andere Oberfl\u00e4chen gespr\u00fcht werden (vorher einen Test durchf\u00fchren). Lesen Sie die Anweisungen vor dem Gebrauch. Spr\u00fchen Sie nicht in Gegenwart eines Kindes unter 1 Jahr. Warten Sie 30 Minuten, bevor Sie das Kind in den Raum zur\u00fcckbringen. Von Kindern fern halten. Wenn Sie einen Arzt konsultieren, halten Sie das Produkt bereit. Kann Hautallergien verursachen. Verursacht bei Augen schwere Augenreizungen. Leicht entz\u00fcndbare Fl\u00fcssigkeit und Dampf. Von Hitze \/ Funken \/ offenen Flammen \/ hei\u00dfen Oberfl\u00e4chen fernhalten. Bei einer Temperatur unter 50 \u00b0 C und an einem k\u00fchlen, trockenen und gut bel\u00fcfteten Ort aufbewahren. Wenn das Produkt versehentlich verbrannt oder erhitzt wird, vermeiden Sie das Einatmen von D\u00e4mpfen. Kontakt mit Haut und Augen vermeiden. WENN AUF DER HAUT: Mit viel Wasser und Seife waschen. WENN IN AUGEN: Vorsichtig einige Minuten mit Wasser absp\u00fclen. Bei anhaltender Reizung, Hautausschlag oder Augenreizung: Arzt aufsuchen. Nicht schlucken. Sp\u00fclen Sie bei Verschlucken den Mund aus, suchen Sie sofort einen Arzt auf und zeigen Sie ihm das Produkt. W\u00e4hrend des Gebrauchs nicht essen, trinken oder rauchen. Halten Sie sich von Nahrungsmitteln und Getr\u00e4nken fern, auch von Tieren. Entsorgen Sie leere Verpackungen oder nicht verwendete Produkte gem\u00e4\u00df den Vorschriften zur Entsorgung von Siedlungsabf\u00e4llen. Im zweiten Fall ist das Recycling der Verpackung verboten. Verwenden Sie es nicht f\u00fcr einen anderen Zweck als den, f\u00fcr den es bestimmt ist.<\/p>\n<p>Komposition<br \/>\nPatentierte Formel von 41 \u00e4therischen \u00d6len: Dill, Anis, Basilikum, Bay St Thomas, asiatisches Rosenholz, Cajeput, chinesischer Zimt, Atlaszeder, Zitrone, Zitronengras, Kreuzk\u00fcmmel, Zypresse, Eukalyptus, Fenchel, Beeren Wacholder, Geranie, Ingwer, Nelken, Lavendel officinalis, Lavandin Grosso, Zitronengras, Macis, Mandarine, Wilder Majoran, Zitronenmelisse, Crush Minze, Pfefferminze, Myrrhe, Niaouli, Orange, Oregano, Petersilie, Sauerkirsche, Waldkiefer, Rosmarin, Bohnenkraut, Salbei, Wilder Thymian, Teebaum, Thymian, Wintergr\u00fcn. Dieses Produkt zerst\u00f6rt Hausstaubmilben, Keime (Bakterien, Viren, mikroskopisch kleine Pilze) und schlechte Ger\u00fcche<\/p>","protected":false},"excerpt":{"rendered":"<p>ACARICIDE &#8211; BACTERICIDE &#8211; VIRUCIDE &#8211; FUNGICIDE Verwendung Spr\u00fchl\u00f6sung f\u00fcr den atmosph\u00e4rischen Gebrauch: 6 bis 8 Sprays (3 bis 5 ml) zum Spr\u00fchen in die Luft, an den vier Ecken des Ortes, die mehrmals t\u00e4glich und insbesondere nachts vor dem Schlafengehen desinfiziert werden sollen. Kann auf Teppiche und andere Oberfl\u00e4chen gespr\u00fcht werden (vorher einen Test [&hellip;]<\/p>\n","protected":false},"featured_media":3389,"template":"","meta":{"_acf_changed":false,"footnotes":""},"product_brand":[],"product_cat":[42,79,782],"product_tag":[],"class_list":{"0":"post-1516","1":"product","2":"type-product","3":"status-publish","4":"has-post-thumbnail","6":"product_cat-para-pharmacie","7":"product_cat-aromatherapie","8":"product_cat-vegan","10":"first","11":"instock","12":"taxable","13":"shipping-taxable","14":"purchasable","15":"product-type-simple"},"acf":[],"_links":{"self":[{"href":"https:\/\/www.pharmacieonline.lu\/de\/wp-json\/wp\/v2\/product\/1516","targetHints":{"allow":["GET"]}}],"collection":[{"href":"https:\/\/www.pharmacieonline.lu\/de\/wp-json\/wp\/v2\/product"}],"about":[{"href":"https:\/\/www.pharmacieonline.lu\/de\/wp-json\/wp\/v2\/types\/product"}],"version-history":[{"count":0,"href":"https:\/\/www.pharmacieonline.lu\/de\/wp-json\/wp\/v2\/product\/1516\/revisions"}],"wp:featuredmedia":[{"embeddable":true,"href":"https:\/\/www.pharmacieonline.lu\/de\/wp-json\/wp\/v2\/media\/3389"}],"wp:attachment":[{"href":"https:\/\/www.pharmacieonline.lu\/de\/wp-json\/wp\/v2\/media?parent=1516"}],"wp:term":[{"taxonomy":"product_brand","embeddable":true,"href":"https:\/\/www.pharmacieonline.lu\/de\/wp-json\/wp\/v2\/product_brand?post=1516"},{"taxonomy":"product_cat","embeddable":true,"href":"https:\/\/www.pharmacieonline.lu\/de\/wp-json\/wp\/v2\/product_cat?post=1516"},{"taxonomy":"product_tag","embeddable":true,"href":"https:\/\/www.pharmacieonline.lu\/de\/wp-json\/wp\/v2\/product_tag?post=1516"}],"curies":[{"name":"wp","href":"https:\/\/api.w.org\/{rel}","templated":true}]}}