{"id":1529,"date":"2020-11-25T17:27:28","date_gmt":"2020-11-25T16:27:28","guid":{"rendered":"https:\/\/www.pharmacieonline.lu\/produit\/actinica-lotion-80-g\/"},"modified":"2026-04-03T04:25:36","modified_gmt":"2026-04-03T02:25:36","slug":"actinica-lotion-80-g","status":"publish","type":"product","link":"https:\/\/www.pharmacieonline.lu\/de\/produit\/actinica-lotion-80-g\/","title":{"rendered":"ACTINICA LOTION 80 G"},"content":{"rendered":"<p>Actinica ist ein Medizinprodukt zur Vorbeugung bestimmter Formen von Nicht-Melanom-Hautkrebs bei Risikopatienten (Immunsuppression) und bei leichter Dermatose.<\/p>\n<p>Kontraindikationen<\/p>\n<p>Eine allergische Reaktion auf einen der Inhaltsstoffe von Actinica Lotion kann nicht ausgeschlossen werden.<\/p>\n<p>Wenn nach nur kurzer Sonneneinstrahlung Reizungen, Hautausschl\u00e4ge oder Sonnenbrand auftreten, kann dies ein Zeichen f\u00fcr eine unerw\u00fcnschte Nebenwirkung sein. In diesem Fall sollten Sie ein anderes Produkt verwenden.<\/p>\n<p>Vermeiden Sie sorgf\u00e4ltig den Kontakt mit den Augen und verwenden Sie eine gute Sonnenbrille, da Actinica Lotion bei direktem Kontakt mit den Augen ein brennendes Gef\u00fchl verursachen kann. Falls es in die Augen gelangt, mit viel Wasser absp\u00fclen.<\/p>\n<p>Verwendung und Dosierung<\/p>\n<p>Vermeiden Sie direkte Sonneneinstrahlung und tragen Sie Schutzkleidung.<\/p>\n<p>Tragen Sie Actinica jeden Morgen vor der ersten Sonneneinstrahlung gro\u00dfz\u00fcgig auf unbeschichtete Hautpartien auf und verteilen Sie sie gleichm\u00e4\u00dfig.<\/p>\n<p>Actinica muss vor dem Auftragen kosmetischer Produkte angewendet werden (lassen Sie Actinica einige Minuten in die Haut einwirken).<\/p>\n<p>Nach l\u00e4ngerem Kontakt mit Wasser oder starkem Schwitzen Actinica erneut auftragen.<\/p>\n<p>Die Hautoberfl\u00e4che variiert; Die folgende Tabelle gibt die erforderliche Dosierung an:<\/p>\n<p>\u2022 Pumpen Sie Ihr Gesicht (einschlie\u00dflich Ohren und Nase) mindestens zweimal<\/p>\n<p>\u2022 Pumpen Sie die Kopfhaut mindestens einmal<\/p>\n<p>\u2022 Mindestens 2x pro Unterarm pumpen<\/p>\n<p>\u2022 Pumpen Sie mindestens 1x pro Handoberseite<\/p>\n<p>Die Verpackung enth\u00e4lt Dosierungsanweisungen f\u00fcr die K\u00f6rperteile, die das ganze Jahr \u00fcber h\u00e4ufig mit Tageslicht in Ber\u00fchrung kommen.<\/p>\n<p>F\u00fcr eine optimale Verteilung und ein angenehmes Hautgef\u00fchl kann die Dosis zweimal angewendet werden, indem beispielsweise 5 bis 10 Minuten nach der ersten Dosis auf die zweite Dosis gewartet wird.<\/p>\n<p>Stellen Sie sicher, dass zwischen der ersten und zweiten Anwendung nicht mehr als 10 bis 15 Minuten vergehen.<\/p>\n<p>Die angegebenen Dosierungen f\u00fcr Gesicht, Kopfhaut usw. k\u00f6nnen als Referenz f\u00fcr die erforderliche Dosis an weiteren Hautpartien dienen.<\/p>\n<p>Bei der ersten Verwendung muss die Pumpe mehrmals gedr\u00fcckt werden, um die Lotion in das Pumpensystem zu ziehen. Die erste Dosis liefert keine volle Dosis.<\/p>\n<p>Halten Sie die Pumpe so aufrecht wie m\u00f6glich und pumpen Sie langsam, um eine volle Dosis zu erhalten.<\/p>\n<p>Risikopatienten mit einem geschw\u00e4chten Immunsystem sollten Schutzkleidung tragen und direkten Kontakt mit der Sonne vermeiden.<\/p>\n<p>Verwendung in Verbindung mit M\u00fcckenschutzmitteln<\/p>\n<p>Wenn Actinica Lotion in Kombination mit einem M\u00fcckenschutzmittel verwendet wird, sollte zuerst die Sonnenschutzlotion angewendet werden.<\/p>\n<p>Warten Sie ca. 20 Minuten, bevor Sie das M\u00fcckenschutzmittel auftragen.<\/p>\n<p>Beachten Sie, dass in Kombination mit diesen Wirkstoffen der Schutz durch Actinica Lotion verringert sein kann.<\/p>\n<p>Spezielle Anweisungen<\/p>\n<p>Die UV-Filter in Actinica Lotion k\u00f6nnen Kleidung, Kunststoffe und andere Materialien wie die f\u00fcr Schwimmb\u00e4der verwendete Folie verf\u00e4rben.<\/p>\n<p>Wir empfehlen daher, Actinica Lotion nicht unmittelbar vor dem Anziehen aufzutragen.<\/p>\n<p>Bisethylhexyloxyphenolmethoxyphenyl.<br \/>\nTriazin.<br \/>\nEthylhexyltriazon.<br \/>\nIsoamyl-p-methoxycinnamat.<br \/>\nEthylhexylmethoxycinnamat.<br \/>\nMethylenbisbenzotriazolyltetramethylbutylphenol.<br \/>\nButylmethoxydibenzoylmethan.<br \/>\nPropylparaben.<br \/>\nHilfsstoffe.<\/p>\n<p>Operation<\/p>\n<p>In einer 2-Jahres-Studie an immunsupprimierten Hochrisikopatienten (Organtransplantationspatienten) zur Vorbeugung von Hautkrebs ohne Melanom hat sich Actinica Lotion als wirksam bei der Vorbeugung von aktinischer Keratose und Plattenepithelkarzinomen erwiesen.<\/p>\n<p>In einer Studie mit Patienten mit polymorpher leichter Dermatose hat sich Actinica als sehr wirksam erwiesen. Actinica Lotion sch\u00fctzt sowohl vor UVA- als auch vor UVB-Strahlen. Es enth\u00e4lt photostabile Breitbandfilter und ist wasserbest\u00e4ndig. Actinica hat auch feuchtigkeitsspendende Eigenschaften und pflegt Ihre Haut. Das Fehlen von Duftstoffen und herk\u00f6mmlichen PEG-Emulgatoren stellt sicher, dass die Lotion gut vertragen wird, so dass sie auch auf sehr empfindlicher Haut angewendet werden kann.<\/p>","protected":false},"excerpt":{"rendered":"<p>Actinica ist ein Medizinprodukt zur Vorbeugung bestimmter Formen von Nicht-Melanom-Hautkrebs bei Risikopatienten (Immunsuppression) und bei leichter Dermatose. Kontraindikationen Eine allergische Reaktion auf einen der Inhaltsstoffe von Actinica Lotion kann nicht ausgeschlossen werden. Wenn nach nur kurzer Sonneneinstrahlung Reizungen, Hautausschl\u00e4ge oder Sonnenbrand auftreten, kann dies ein Zeichen f\u00fcr eine unerw\u00fcnschte Nebenwirkung sein. In diesem Fall sollten [&hellip;]<\/p>\n","protected":false},"featured_media":3411,"template":"","meta":{"_acf_changed":false,"footnotes":""},"product_brand":[],"product_cat":[47,42,54],"product_tag":[],"class_list":{"0":"post-1529","1":"product","2":"type-product","3":"status-publish","4":"has-post-thumbnail","6":"product_cat-dermocosmetique","7":"product_cat-para-pharmacie","8":"product_cat-soins-du-visage","10":"first","11":"instock","12":"taxable","13":"shipping-taxable","14":"purchasable","15":"product-type-simple"},"acf":[],"_links":{"self":[{"href":"https:\/\/www.pharmacieonline.lu\/de\/wp-json\/wp\/v2\/product\/1529","targetHints":{"allow":["GET"]}}],"collection":[{"href":"https:\/\/www.pharmacieonline.lu\/de\/wp-json\/wp\/v2\/product"}],"about":[{"href":"https:\/\/www.pharmacieonline.lu\/de\/wp-json\/wp\/v2\/types\/product"}],"version-history":[{"count":0,"href":"https:\/\/www.pharmacieonline.lu\/de\/wp-json\/wp\/v2\/product\/1529\/revisions"}],"wp:featuredmedia":[{"embeddable":true,"href":"https:\/\/www.pharmacieonline.lu\/de\/wp-json\/wp\/v2\/media\/3411"}],"wp:attachment":[{"href":"https:\/\/www.pharmacieonline.lu\/de\/wp-json\/wp\/v2\/media?parent=1529"}],"wp:term":[{"taxonomy":"product_brand","embeddable":true,"href":"https:\/\/www.pharmacieonline.lu\/de\/wp-json\/wp\/v2\/product_brand?post=1529"},{"taxonomy":"product_cat","embeddable":true,"href":"https:\/\/www.pharmacieonline.lu\/de\/wp-json\/wp\/v2\/product_cat?post=1529"},{"taxonomy":"product_tag","embeddable":true,"href":"https:\/\/www.pharmacieonline.lu\/de\/wp-json\/wp\/v2\/product_tag?post=1529"}],"curies":[{"name":"wp","href":"https:\/\/api.w.org\/{rel}","templated":true}]}}