{"id":1534,"date":"2020-11-25T17:27:28","date_gmt":"2020-11-25T16:27:28","guid":{"rendered":"https:\/\/www.pharmacieonline.lu\/produit\/nicorette-invisi-25-mg-14-patch\/"},"modified":"2026-04-02T22:25:18","modified_gmt":"2026-04-02T20:25:18","slug":"nicorette-invisi-25-mg-14-patch","status":"publish","type":"product","link":"https:\/\/www.pharmacieonline.lu\/de\/produit\/nicorette-invisi-25-mg-14-patch\/","title":{"rendered":"NICORETTE INVISI 25 MG 14 PATCH"},"content":{"rendered":"<p>Indikation<br \/>\nTabakabh\u00e4ngigkeit<\/p>\n<p>&nbsp;<\/p>\n<p>Verwendung<\/p>\n<p>Erwachsene<br \/>\nAnfangsdosis: 1 Nicorette Invisi Patch 25 mg (25 mg \/ 16 h) pro Tag f\u00fcr 8 Wochen<br \/>\nReduzieren Sie die Dosis schrittweise<br \/>\n1 Nicorette Invisi Patch 15 mg (15 mg \/ 16 h) pro Tag f\u00fcr 2 Wochen<br \/>\n1 Nicorette Invisi Patch 10 mg (10 mg \/ 16 h) pro Tag f\u00fcr 2 Wochen<br \/>\nAnfangsdosis: 1 Nicorette Invisi Patch 15 mg (15 mg \/ 16 h) pro Tag f\u00fcr 8 Wochen<br \/>\nReduzieren Sie die Dosis: 1 Nicorette Invisi Patch 10 mg (10 mg \/ 16 h) pro Tag f\u00fcr 4 Wochen<\/p>\n<p>Waschen Sie die H\u00e4nde, bevor Sie das Pflaster auftragen. \u00d6ffnen Sie den Beutel, indem Sie ihn wie gezeigt mit einer Schere seitlich abschneiden. W\u00e4hlen Sie dann einen Bereich mit sauberer, trockener, intakter und haarloser Haut wie H\u00fcfte, Arm oder Brust. Entfernen Sie so viel wie m\u00f6glich von der Schutzfolie. Ber\u00fchren Sie die Klebefl\u00e4che des Pflasters so weit wie m\u00f6glich nicht mit den Fingern. Tragen Sie die Klebeseite des Pflasters auf die Haut auf und entfernen Sie den Rest der Schutzfolie. Dr\u00fccken Sie mit der Handfl\u00e4che oder den Fingerspitzen fest auf das Pflaster. Gl\u00e4tten Sie die Kanten fest des Pflasters mit den Fingern, um sicherzustellen, dass es gut haftet Nach dem Entfernen sollten gebrauchte Pflaster sorgf\u00e4ltig entsorgt werden<\/p>","protected":false},"excerpt":{"rendered":"<p>Indikation Tabakabh\u00e4ngigkeit &nbsp; Verwendung Erwachsene Anfangsdosis: 1 Nicorette Invisi Patch 25 mg (25 mg \/ 16 h) pro Tag f\u00fcr 8 Wochen Reduzieren Sie die Dosis schrittweise 1 Nicorette Invisi Patch 15 mg (15 mg \/ 16 h) pro Tag f\u00fcr 2 Wochen 1 Nicorette Invisi Patch 10 mg (10 mg \/ 16 h) pro [&hellip;]<\/p>\n","protected":false},"featured_media":3412,"template":"","meta":{"_acf_changed":false,"footnotes":""},"product_brand":[],"product_cat":[104,43,87],"product_tag":[],"class_list":{"0":"post-1534","1":"product","2":"type-product","3":"status-publish","4":"has-post-thumbnail","6":"product_cat-patch","7":"product_cat-medicaments-en-vente-libre","8":"product_cat-arret-du-tabac","10":"first","11":"outofstock","12":"taxable","13":"shipping-taxable","14":"purchasable","15":"product-type-simple"},"acf":[],"_links":{"self":[{"href":"https:\/\/www.pharmacieonline.lu\/de\/wp-json\/wp\/v2\/product\/1534","targetHints":{"allow":["GET"]}}],"collection":[{"href":"https:\/\/www.pharmacieonline.lu\/de\/wp-json\/wp\/v2\/product"}],"about":[{"href":"https:\/\/www.pharmacieonline.lu\/de\/wp-json\/wp\/v2\/types\/product"}],"version-history":[{"count":0,"href":"https:\/\/www.pharmacieonline.lu\/de\/wp-json\/wp\/v2\/product\/1534\/revisions"}],"wp:featuredmedia":[{"embeddable":true,"href":"https:\/\/www.pharmacieonline.lu\/de\/wp-json\/wp\/v2\/media\/3412"}],"wp:attachment":[{"href":"https:\/\/www.pharmacieonline.lu\/de\/wp-json\/wp\/v2\/media?parent=1534"}],"wp:term":[{"taxonomy":"product_brand","embeddable":true,"href":"https:\/\/www.pharmacieonline.lu\/de\/wp-json\/wp\/v2\/product_brand?post=1534"},{"taxonomy":"product_cat","embeddable":true,"href":"https:\/\/www.pharmacieonline.lu\/de\/wp-json\/wp\/v2\/product_cat?post=1534"},{"taxonomy":"product_tag","embeddable":true,"href":"https:\/\/www.pharmacieonline.lu\/de\/wp-json\/wp\/v2\/product_tag?post=1534"}],"curies":[{"name":"wp","href":"https:\/\/api.w.org\/{rel}","templated":true}]}}