{"id":1539,"date":"2020-11-25T17:27:28","date_gmt":"2020-11-25T16:27:28","guid":{"rendered":"https:\/\/www.pharmacieonline.lu\/produit\/vichy-liftactiv-supreme-jour-ps-50-ml\/"},"modified":"2026-04-03T04:26:59","modified_gmt":"2026-04-03T02:26:59","slug":"vichy-liftactiv-supreme-jour-ps-50-ml","status":"publish","type":"product","link":"https:\/\/www.pharmacieonline.lu\/de\/produit\/vichy-liftactiv-supreme-jour-ps-50-ml\/","title":{"rendered":"VICHY LIFTACTIV SUPREME JOUR PS 50 ML"},"content":{"rendered":"<p>Kontinuierliche Korrektur von Falten und Festigkeit f\u00fcr jugendliche Haut heute, heute Abend und morgen noch mehr.<\/p>\n<p>Indikation<br \/>\nF\u00fcr alle Frauen mit trockener Haut<\/p>\n<p>Verwendung<br \/>\nMorgens gleichm\u00e4\u00dfig auf die saubere Haut auf das gesamte Gesicht auftragen. Falls gew\u00fcnscht, kann es auch zweimal t\u00e4glich morgens und abends angewendet werden.<\/p>","protected":false},"excerpt":{"rendered":"<p>Kontinuierliche Korrektur von Falten und Festigkeit f\u00fcr jugendliche Haut heute, heute Abend und morgen noch mehr. Indikation F\u00fcr alle Frauen mit trockener Haut Verwendung Morgens gleichm\u00e4\u00dfig auf die saubere Haut auf das gesamte Gesicht auftragen. Falls gew\u00fcnscht, kann es auch zweimal t\u00e4glich morgens und abends angewendet werden.<\/p>\n","protected":false},"featured_media":54076,"template":"","meta":{"_acf_changed":false,"footnotes":""},"product_brand":[],"product_cat":[47,42,54],"product_tag":[],"class_list":{"0":"post-1539","1":"product","2":"type-product","3":"status-publish","4":"has-post-thumbnail","6":"product_cat-dermocosmetique","7":"product_cat-para-pharmacie","8":"product_cat-soins-du-visage","10":"first","11":"outofstock","12":"taxable","13":"shipping-taxable","14":"purchasable","15":"product-type-simple"},"acf":[],"_links":{"self":[{"href":"https:\/\/www.pharmacieonline.lu\/de\/wp-json\/wp\/v2\/product\/1539","targetHints":{"allow":["GET"]}}],"collection":[{"href":"https:\/\/www.pharmacieonline.lu\/de\/wp-json\/wp\/v2\/product"}],"about":[{"href":"https:\/\/www.pharmacieonline.lu\/de\/wp-json\/wp\/v2\/types\/product"}],"version-history":[{"count":2,"href":"https:\/\/www.pharmacieonline.lu\/de\/wp-json\/wp\/v2\/product\/1539\/revisions"}],"predecessor-version":[{"id":54077,"href":"https:\/\/www.pharmacieonline.lu\/de\/wp-json\/wp\/v2\/product\/1539\/revisions\/54077"}],"wp:featuredmedia":[{"embeddable":true,"href":"https:\/\/www.pharmacieonline.lu\/de\/wp-json\/wp\/v2\/media\/54076"}],"wp:attachment":[{"href":"https:\/\/www.pharmacieonline.lu\/de\/wp-json\/wp\/v2\/media?parent=1539"}],"wp:term":[{"taxonomy":"product_brand","embeddable":true,"href":"https:\/\/www.pharmacieonline.lu\/de\/wp-json\/wp\/v2\/product_brand?post=1539"},{"taxonomy":"product_cat","embeddable":true,"href":"https:\/\/www.pharmacieonline.lu\/de\/wp-json\/wp\/v2\/product_cat?post=1539"},{"taxonomy":"product_tag","embeddable":true,"href":"https:\/\/www.pharmacieonline.lu\/de\/wp-json\/wp\/v2\/product_tag?post=1539"}],"curies":[{"name":"wp","href":"https:\/\/api.w.org\/{rel}","templated":true}]}}