{"id":15420,"date":"2021-02-05T17:56:17","date_gmt":"2021-02-05T16:56:17","guid":{"rendered":"https:\/\/www.pharmacieonline.lu\/?post_type=product&#038;p=15420"},"modified":"2026-04-05T11:55:27","modified_gmt":"2026-04-05T09:55:27","slug":"vernis-be-green-lin-6-ml","status":"publish","type":"product","link":"https:\/\/www.pharmacieonline.lu\/de\/produit\/vernis-be-green-lin-6-ml\/","title":{"rendered":"VERNIS BE GREEN LIN 6 ML"},"content":{"rendered":"<p>Vitry Be Green Lack wird mit biobasierten L\u00f6sungsmitteln formuliert, um auch den Planeten zu respektieren (pflanzliche L\u00f6sungsmittel aus nachwachsenden Rohstoffen nat\u00fcrlichen Ursprungs: Kartoffeln, Mais, Weizen, Maniok und Baumwolle).<\/p>\n<p>Dieser vegane Nagellack kombiniert die Intensit\u00e4t der Farbe mit seiner Sauerstoffformel, um widerstandsf\u00e4hige und ges\u00fcndere N\u00e4gel zu erhalten, ohne Kompromisse bei Glanz, Halt und Trocknung einzugehen.<\/p>\n<p>Die Phytocorail, ein Wirkstoff auf Basis von Biokeramik, erm\u00f6glicht es dem Nagel, st\u00e4rker und widerstandsf\u00e4higer zu werden<\/p>\n<p>Der abgerundete, extra flache Pinsel passt sich perfekt der Form des Nagels an und passt sich seiner Breite an, um eine einfache, streifenfreie Anwendung zu erm\u00f6glichen.<\/p>","protected":false},"excerpt":{"rendered":"<p>Vitry Be Green Lack wird mit biobasierten L\u00f6sungsmitteln formuliert, um auch den Planeten zu respektieren (pflanzliche L\u00f6sungsmittel aus nachwachsenden Rohstoffen nat\u00fcrlichen Ursprungs: Kartoffeln, Mais, Weizen, Maniok und Baumwolle). Dieser vegane Nagellack kombiniert die Intensit\u00e4t der Farbe mit seiner Sauerstoffformel, um widerstandsf\u00e4hige und ges\u00fcndere N\u00e4gel zu erhalten, ohne Kompromisse bei Glanz, Halt und Trocknung einzugehen. Die [&hellip;]<\/p>\n","protected":false},"featured_media":15421,"template":"","meta":{"_acf_changed":false,"footnotes":""},"product_brand":[],"product_cat":[47,42,764,782,955],"product_tag":[],"class_list":{"0":"post-15420","1":"product","2":"type-product","3":"status-publish","4":"has-post-thumbnail","6":"product_cat-dermocosmetique","7":"product_cat-para-pharmacie","8":"product_cat-soins-mains","9":"product_cat-vegan","10":"product_cat-accessoires-manucure-pedicure","12":"first","13":"outofstock","14":"taxable","15":"shipping-taxable","16":"purchasable","17":"product-type-simple"},"acf":[],"_links":{"self":[{"href":"https:\/\/www.pharmacieonline.lu\/de\/wp-json\/wp\/v2\/product\/15420","targetHints":{"allow":["GET"]}}],"collection":[{"href":"https:\/\/www.pharmacieonline.lu\/de\/wp-json\/wp\/v2\/product"}],"about":[{"href":"https:\/\/www.pharmacieonline.lu\/de\/wp-json\/wp\/v2\/types\/product"}],"version-history":[{"count":0,"href":"https:\/\/www.pharmacieonline.lu\/de\/wp-json\/wp\/v2\/product\/15420\/revisions"}],"wp:featuredmedia":[{"embeddable":true,"href":"https:\/\/www.pharmacieonline.lu\/de\/wp-json\/wp\/v2\/media\/15421"}],"wp:attachment":[{"href":"https:\/\/www.pharmacieonline.lu\/de\/wp-json\/wp\/v2\/media?parent=15420"}],"wp:term":[{"taxonomy":"product_brand","embeddable":true,"href":"https:\/\/www.pharmacieonline.lu\/de\/wp-json\/wp\/v2\/product_brand?post=15420"},{"taxonomy":"product_cat","embeddable":true,"href":"https:\/\/www.pharmacieonline.lu\/de\/wp-json\/wp\/v2\/product_cat?post=15420"},{"taxonomy":"product_tag","embeddable":true,"href":"https:\/\/www.pharmacieonline.lu\/de\/wp-json\/wp\/v2\/product_tag?post=15420"}],"curies":[{"name":"wp","href":"https:\/\/api.w.org\/{rel}","templated":true}]}}