{"id":1545,"date":"2020-11-25T17:27:28","date_gmt":"2020-11-25T16:27:28","guid":{"rendered":"https:\/\/www.pharmacieonline.lu\/produit\/barinutrics-ca-citrate-citr-orange-90cpr\/"},"modified":"2026-04-11T00:25:26","modified_gmt":"2026-04-10T22:25:26","slug":"barinutrics-ca-citrate-citr-orange-90cpr","status":"publish","type":"product","link":"https:\/\/www.pharmacieonline.lu\/de\/produit\/barinutrics-ca-citrate-citr-orange-90cpr\/","title":{"rendered":"BARINUTRICS CA CITRATE CITR-ORANGE 90CPR"},"content":{"rendered":"<p>Indikation<br \/>\nPr\u00e4vention der Transplantatabsto\u00dfung nach Organtransplantation<br \/>\nBehandlung der Zellabsto\u00dfung bei Patienten, die andere Immunsuppressiva erhalten haben<br \/>\nPr\u00e4vention der Transplantatabsto\u00dfung nach allogener Knochenmarktransplantation und Stammzelltransplantation<br \/>\nPr\u00e4vention oder Behandlung von Transplantat-gegen-Wirt-Krankheit (GVHD)<br \/>\nBehandlung von Uveitis intermedi\u00e4ren oder posterioren nicht infekti\u00f6sen Ursprungs, die das Sehverm\u00f6gen bedroht, bei Patienten, die nicht auf eine konventionelle Therapie angesprochen haben oder bei denen nach einer solchen Therapie inakzeptable Nebenwirkungen aufgetreten sind<br \/>\nBehandlung der Beh\u00e7et-Uveitis mit wiederholten Entz\u00fcndungsattacken der Netzhaut bei Patienten ohne neurologische Manifestationen<br \/>\nBehandlung des kortikosteroidabh\u00e4ngigen und kortikosteroidresistenten nephrotischen Syndroms als Folge einer prim\u00e4ren glomerul\u00e4ren Erkrankung wie minimaler L\u00e4sionsnephropathie, fokaler segmentaler Glomerulosklerose oder extra-membran\u00f6ser Glomerulonephritis<br \/>\nBehandlung schwerer und aktiver Formen der rheumatoiden Arthritis<br \/>\nBehandlung schwerer Formen der Psoriasis, wenn sich eine konventionelle Therapie als unzureichend oder unwirksam erwiesen hat<br \/>\nBehandlung von schwerer atopischer Dermatitis, die eine systemische Behandlung erfordert<br \/>\nVerwenden<\/p>\n<p>Feste Organtransplantation<br \/>\nBeginnen Sie die Behandlung mit Ciclosporin innerhalb von 12 Stunden nach der Operation<br \/>\nAnfangsdosis: 15 mg \/ kg, in 2 aufgeteilten Dosen zu verabreichen<br \/>\nSetzen Sie diese t\u00e4gliche Dosis 1 bis 2 Wochen nach dem Eingriff fort und reduzieren Sie dann die Dosis schrittweise entsprechend den Blutkonzentrationen, bis eine empfohlene Erhaltungsdosis von ungef\u00e4hr 2 bis 6 mg \/ kg erreicht ist, die in 2 aufgeteilten Dosen verabreicht werden soll<\/p>\n<p>Knochenmarktransplantation<br \/>\nEmpfohlene Tagesdosis: 12,5 bis 15 mg \/ kg, in 2 aufgeteilten Dosen zu verabreichen<br \/>\nDie Behandlung sollte am Tag vor der Transplantation beginnen<\/p>\n<p>Endogene Uveitis<br \/>\nAnfangsdosis: 5 mg \/ kg \/ Tag in 2 aufgeteilten Dosen<br \/>\nRefrakt\u00e4re F\u00e4lle: Die Dosis kann f\u00fcr eine begrenzte Zeit auf 7 mg \/ kg \/ Tag erh\u00f6ht werden<br \/>\nW\u00e4hrend der Remissionsphasen: max. 5 mg \/ kg \/ Tag<\/p>\n<p>Nephrotisches Syndrom<br \/>\nErwachsene: empfohlene Tagesdosis von 5 mg \/ kg<br \/>\nKinder: empfohlene Tagesdosis von 6 mg \/ kg<br \/>\nMax. 5 mg \/ kg \/ Tag bei Erwachsenen und 6 mg \/ kg \/ Tag bei Kindern<br \/>\nAnfangsdosis: max. 2,5 mg \/ kg \/ Tag<\/p>\n<p>Rheumatoide Arthritis<br \/>\nEmpfohlene Dosis: 3 mg \/ kg \/ Tag in 2 aufgeteilten Dosen f\u00fcr 6 Wochen<br \/>\nKombination mit einer w\u00f6chentlich niedrigen Methotrexat-Dosis: Anfangsdosis von 2,5 mg \/ kg Ciclosporin pro Tag<br \/>\nWenn die Wirkung nicht ausreicht, kann die t\u00e4gliche Dosis je nach Toleranz des Patienten schrittweise erh\u00f6ht werden.<br \/>\nMax. 5 mg \/ kg<\/p>\n<p>Schuppenflechte<br \/>\nEmpfohlene Anfangsdosis: 2,5 mg \/ kg \/ Tag in 2 aufgeteilten Dosen.<br \/>\nWenn nach 1 Monat Behandlung keine Besserung eintritt, kann die Tagesdosis schrittweise erh\u00f6ht werden<br \/>\nMax. 5 mg \/ k<\/p>\n<p>Atopische Dermatitis<br \/>\nEmpfohlene Dosis: 2,5 bis 5 mg \/ kg \/ Tag in 2 aufgeteilten Dosen.<br \/>\nWenn die Wirkung nach 2 Wochen Behandlung unzureichend ist, kann die t\u00e4gliche Dosis schnell auf maximal 5 mg \/ kg erh\u00f6ht werden<\/p>\n<p>Verabreichen Sie die t\u00e4gliche Dosis Ciclosporin in zwei getrennten Dosen, die gleichm\u00e4\u00dfig \u00fcber den Tag verteilt sind.<br \/>\nEs wird empfohlen, Ciclosporin je nach Tageszeit und Mahlzeit regelm\u00e4\u00dfig zu verabreichen<br \/>\nSchlucken Sie Ciclosporin-Kapseln ganz<\/p>","protected":false},"excerpt":{"rendered":"<p>Indikation Pr\u00e4vention der Transplantatabsto\u00dfung nach Organtransplantation Behandlung der Zellabsto\u00dfung bei Patienten, die andere Immunsuppressiva erhalten haben Pr\u00e4vention der Transplantatabsto\u00dfung nach allogener Knochenmarktransplantation und Stammzelltransplantation Pr\u00e4vention oder Behandlung von Transplantat-gegen-Wirt-Krankheit (GVHD) Behandlung von Uveitis intermedi\u00e4ren oder posterioren nicht infekti\u00f6sen Ursprungs, die das Sehverm\u00f6gen bedroht, bei Patienten, die nicht auf eine konventionelle Therapie angesprochen haben oder bei [&hellip;]<\/p>\n","protected":false},"featured_media":5167,"template":"","meta":{"_acf_changed":false,"footnotes":""},"product_brand":[],"product_cat":[42,766,953],"product_tag":[],"class_list":{"0":"post-1545","1":"product","2":"type-product","3":"status-publish","4":"has-post-thumbnail","6":"product_cat-para-pharmacie","7":"product_cat-vitamines","8":"product_cat-complements-alimentaires","10":"first","11":"instock","12":"taxable","13":"shipping-taxable","14":"purchasable","15":"product-type-simple"},"acf":[],"_links":{"self":[{"href":"https:\/\/www.pharmacieonline.lu\/de\/wp-json\/wp\/v2\/product\/1545","targetHints":{"allow":["GET"]}}],"collection":[{"href":"https:\/\/www.pharmacieonline.lu\/de\/wp-json\/wp\/v2\/product"}],"about":[{"href":"https:\/\/www.pharmacieonline.lu\/de\/wp-json\/wp\/v2\/types\/product"}],"version-history":[{"count":0,"href":"https:\/\/www.pharmacieonline.lu\/de\/wp-json\/wp\/v2\/product\/1545\/revisions"}],"wp:featuredmedia":[{"embeddable":true,"href":"https:\/\/www.pharmacieonline.lu\/de\/wp-json\/wp\/v2\/media\/5167"}],"wp:attachment":[{"href":"https:\/\/www.pharmacieonline.lu\/de\/wp-json\/wp\/v2\/media?parent=1545"}],"wp:term":[{"taxonomy":"product_brand","embeddable":true,"href":"https:\/\/www.pharmacieonline.lu\/de\/wp-json\/wp\/v2\/product_brand?post=1545"},{"taxonomy":"product_cat","embeddable":true,"href":"https:\/\/www.pharmacieonline.lu\/de\/wp-json\/wp\/v2\/product_cat?post=1545"},{"taxonomy":"product_tag","embeddable":true,"href":"https:\/\/www.pharmacieonline.lu\/de\/wp-json\/wp\/v2\/product_tag?post=1545"}],"curies":[{"name":"wp","href":"https:\/\/api.w.org\/{rel}","templated":true}]}}