{"id":1550,"date":"2020-11-25T17:27:28","date_gmt":"2020-11-25T16:27:28","guid":{"rendered":"https:\/\/www.pharmacieonline.lu\/produit\/nan-complete-comfort-426-g\/"},"modified":"2026-04-04T15:55:27","modified_gmt":"2026-04-04T13:55:27","slug":"nan-complete-comfort-426-g","status":"publish","type":"product","link":"https:\/\/www.pharmacieonline.lu\/de\/produit\/nan-complete-comfort-426-g\/","title":{"rendered":"NAN COMPLETE COMFORT 4*26 G"},"content":{"rendered":"<p>Indikation<br \/>\nNAN\u00ae Complete Comfort ist eine hypoallergene Milch, die auf Verdauungsst\u00f6rungen Ihres Babys reagiert: Verstopfung, harter Stuhl und Kr\u00e4mpfe. \u2022 Sie enth\u00e4lt langkettige mehrfach unges\u00e4ttigte Fetts\u00e4uren aus den Omega-3-Familien. (DHA) \u2022 Diese Nahrungserg\u00e4nzungsmittel enthalten Magnesium und Ballaststoffe (GOS-FOS).<\/p>\n<p>NAN\u00ae Complete Comfort muss unter \u00e4rztlicher Aufsicht verwendet werden. NAN\u00ae Complete Comfort eignet sich f\u00fcr die spezielle Ern\u00e4hrung von S\u00e4uglingen von Geburt an, wenn sie nicht gestillt werden, oder als Erg\u00e4nzung zur Muttermilch. Dieses di\u00e4tetische Lebensmittel kann als einzige Nahrungsquelle verwendet werden. NAN\u00ae Complete Comfort kann nicht parenteral verabreicht werden. Gegenanzeigen: bei Allergie gegen Kuhmilchproteine.<\/p>\n<p>Komposition<br \/>\nInhaltsstoffe: Laktose, enzymatisch hydrolysiertes Molkenprotein, Kartoffelst\u00e4rke, Sonnenblumen\u00f6l mit hohem \u00d6ls\u00e4uregehalt, Kokos\u00f6l, Galactooligosaccharide, Raps\u00f6l mit niedrigem Erucas\u00e4uregehalt, Sonnenblumen\u00f6l, Palmolein, Calciumphosphat, Magnesiumchlorid, Kaliumhydroxid, Kaliumchlorid, Maltodextrin, Fructooligosaccharide , Fisch\u00f6l, L-Arginin, Kaliumphosphat, Pflanzen\u00f6l von Mortierella alpina, Natriumhydroxid, L-Histidin, Chlorid von Natrium, Cholinbitartrat, L-Tyrosin, Vitamin C, Taurin, Inosit, Eisensulfat, Nukleotide, L-Carnitin , Zinksulfat, Niacin, Pantothens\u00e4ure, Vitamin E, Kultur (L Reuteri *), Kupfersulfat, Calciumcarbonat, Vitamin B2, Vitamin B1, Vitamin B6, Mangansulfat, Vitamin A, Vitamin D, Vitamin K, Fols\u00e4ure, Vitamin B12, Biotin, Kaliumiodid, Natriumselenat. * Lactobacilus-Kultur DSM 17938 Unter Lizenz von m BioGaia AB.<\/p>","protected":false},"excerpt":{"rendered":"<p>Indikation NAN\u00ae Complete Comfort ist eine hypoallergene Milch, die auf Verdauungsst\u00f6rungen Ihres Babys reagiert: Verstopfung, harter Stuhl und Kr\u00e4mpfe. \u2022 Sie enth\u00e4lt langkettige mehrfach unges\u00e4ttigte Fetts\u00e4uren aus den Omega-3-Familien. (DHA) \u2022 Diese Nahrungserg\u00e4nzungsmittel enthalten Magnesium und Ballaststoffe (GOS-FOS). NAN\u00ae Complete Comfort muss unter \u00e4rztlicher Aufsicht verwendet werden. NAN\u00ae Complete Comfort eignet sich f\u00fcr die spezielle [&hellip;]<\/p>\n","protected":false},"featured_media":3407,"template":"","meta":{"_acf_changed":false,"footnotes":""},"product_brand":[],"product_cat":[117,119,44],"product_tag":[],"class_list":{"0":"post-1550","1":"product","2":"type-product","3":"status-publish","4":"has-post-thumbnail","6":"product_cat-alimentation","7":"product_cat-laits","8":"product_cat-bebe-maman","10":"first","11":"outofstock","12":"taxable","13":"shipping-taxable","14":"purchasable","15":"product-type-simple"},"acf":[],"_links":{"self":[{"href":"https:\/\/www.pharmacieonline.lu\/de\/wp-json\/wp\/v2\/product\/1550","targetHints":{"allow":["GET"]}}],"collection":[{"href":"https:\/\/www.pharmacieonline.lu\/de\/wp-json\/wp\/v2\/product"}],"about":[{"href":"https:\/\/www.pharmacieonline.lu\/de\/wp-json\/wp\/v2\/types\/product"}],"version-history":[{"count":0,"href":"https:\/\/www.pharmacieonline.lu\/de\/wp-json\/wp\/v2\/product\/1550\/revisions"}],"wp:featuredmedia":[{"embeddable":true,"href":"https:\/\/www.pharmacieonline.lu\/de\/wp-json\/wp\/v2\/media\/3407"}],"wp:attachment":[{"href":"https:\/\/www.pharmacieonline.lu\/de\/wp-json\/wp\/v2\/media?parent=1550"}],"wp:term":[{"taxonomy":"product_brand","embeddable":true,"href":"https:\/\/www.pharmacieonline.lu\/de\/wp-json\/wp\/v2\/product_brand?post=1550"},{"taxonomy":"product_cat","embeddable":true,"href":"https:\/\/www.pharmacieonline.lu\/de\/wp-json\/wp\/v2\/product_cat?post=1550"},{"taxonomy":"product_tag","embeddable":true,"href":"https:\/\/www.pharmacieonline.lu\/de\/wp-json\/wp\/v2\/product_tag?post=1550"}],"curies":[{"name":"wp","href":"https:\/\/api.w.org\/{rel}","templated":true}]}}