{"id":1553,"date":"2020-11-25T17:27:29","date_gmt":"2020-11-25T16:27:29","guid":{"rendered":"https:\/\/www.pharmacieonline.lu\/produit\/uriage-xemose-huile-nettoyante-fp-1-l-16\/"},"modified":"2026-04-03T07:55:29","modified_gmt":"2026-04-03T05:55:29","slug":"uriage-xemose-huile-nettoyante-fp-1-l-16","status":"publish","type":"product","link":"https:\/\/www.pharmacieonline.lu\/de\/produit\/uriage-xemose-huile-nettoyante-fp-1-l-16\/","title":{"rendered":"URIAGE XEMOSE HUILE NETTOYANTE FP 1 L\/16"},"content":{"rendered":"<p>Reinigt und spendet Feuchtigkeit<br \/>\nEs reinigt sehr schonend. Dank seiner einzigartigen Gel\u00f6l-Textur hinterlegt es einen sch\u00fctzenden Feuchtigkeitsfilm auf der Haut.<\/p>\n<p>Gesch\u00fctzt<br \/>\nEs sch\u00fctzt vor den Austrocknungseffekten von hartem Wasser und stellt dank seiner sanften \u00dcberfettungsmittel, die mit dem patentierten Cerasterol-2F-Komplex verbunden sind, den Hautkomfort wieder her.<\/p>\n<p>Beruhigt<br \/>\nEs lindert Unbehagen und reduziert den Drang zum Kratzen dank Uriage Thermal Water, das von Natur aus reich an Mineralsalz und Spurenelementen ist.<\/p>\n<p>Indikation<br \/>\nSehr trockene Haut mit atopischer Tendenz.<\/p>\n<p>Verwendung<br \/>\nEmulgieren Sie f\u00fcr den t\u00e4glichen Gebrauch, zum Duschen oder Baden eine Dosis X\u00c9MOSE Cleansing Oil mit leichten Massagen auf nasser Haut. Sp\u00fclen und trocknen ohne zu reiben.<\/p>","protected":false},"excerpt":{"rendered":"<p>Reinigt und spendet Feuchtigkeit Es reinigt sehr schonend. Dank seiner einzigartigen Gel\u00f6l-Textur hinterlegt es einen sch\u00fctzenden Feuchtigkeitsfilm auf der Haut. Gesch\u00fctzt Es sch\u00fctzt vor den Austrocknungseffekten von hartem Wasser und stellt dank seiner sanften \u00dcberfettungsmittel, die mit dem patentierten Cerasterol-2F-Komplex verbunden sind, den Hautkomfort wieder her. Beruhigt Es lindert Unbehagen und reduziert den Drang zum [&hellip;]<\/p>\n","protected":false},"featured_media":3380,"template":"","meta":{"_acf_changed":false,"footnotes":""},"product_brand":[],"product_cat":[47,42,112],"product_tag":[],"class_list":{"0":"post-1553","1":"product","2":"type-product","3":"status-publish","4":"has-post-thumbnail","6":"product_cat-dermocosmetique","7":"product_cat-para-pharmacie","8":"product_cat-douche-bain","10":"first","11":"outofstock","12":"taxable","13":"shipping-taxable","14":"purchasable","15":"product-type-simple"},"acf":[],"_links":{"self":[{"href":"https:\/\/www.pharmacieonline.lu\/de\/wp-json\/wp\/v2\/product\/1553","targetHints":{"allow":["GET"]}}],"collection":[{"href":"https:\/\/www.pharmacieonline.lu\/de\/wp-json\/wp\/v2\/product"}],"about":[{"href":"https:\/\/www.pharmacieonline.lu\/de\/wp-json\/wp\/v2\/types\/product"}],"version-history":[{"count":0,"href":"https:\/\/www.pharmacieonline.lu\/de\/wp-json\/wp\/v2\/product\/1553\/revisions"}],"wp:featuredmedia":[{"embeddable":true,"href":"https:\/\/www.pharmacieonline.lu\/de\/wp-json\/wp\/v2\/media\/3380"}],"wp:attachment":[{"href":"https:\/\/www.pharmacieonline.lu\/de\/wp-json\/wp\/v2\/media?parent=1553"}],"wp:term":[{"taxonomy":"product_brand","embeddable":true,"href":"https:\/\/www.pharmacieonline.lu\/de\/wp-json\/wp\/v2\/product_brand?post=1553"},{"taxonomy":"product_cat","embeddable":true,"href":"https:\/\/www.pharmacieonline.lu\/de\/wp-json\/wp\/v2\/product_cat?post=1553"},{"taxonomy":"product_tag","embeddable":true,"href":"https:\/\/www.pharmacieonline.lu\/de\/wp-json\/wp\/v2\/product_tag?post=1553"}],"curies":[{"name":"wp","href":"https:\/\/api.w.org\/{rel}","templated":true}]}}