{"id":1562,"date":"2020-11-25T17:27:29","date_gmt":"2020-11-25T16:27:29","guid":{"rendered":"https:\/\/www.pharmacieonline.lu\/produit\/biogaze-1010-cm-10-compresses\/"},"modified":"2026-04-03T04:26:01","modified_gmt":"2026-04-03T02:26:01","slug":"biogaze-1010-cm-10-compresses","status":"publish","type":"product","link":"https:\/\/www.pharmacieonline.lu\/de\/produit\/biogaze-1010-cm-10-compresses\/","title":{"rendered":"BIOGAZE 10*10 CM 10 COMPRESSES"},"content":{"rendered":"<p>Wundauflage und leichte Verletzungen. Erste Hilfe bei oberfl\u00e4chlichen und kleinen Verbrennungen: Erweichen und Sch\u00fctzen.<\/p>\n<p>Indikation<br \/>\nWundauflage und leichte Verletzungen<\/p>\n<p>Verwendung<br \/>\nSchneiden Sie nach sorgf\u00e4ltiger Desinfektion gegebenenfalls ein St\u00fcck Biogaze-Kompresse ab, das ausreicht, um die Wunde vollst\u00e4ndig zu bedecken, wobei die Kontur leicht \u00fcberl\u00e4uft. Entfernen Sie die beiden Schutzfolien und tragen Sie die Biogaze-Kompresse direkt auf die Wunde auf. Mit sterilen Kompressen und dann mit einer Schicht Watte abdecken und den Verband wie gewohnt vervollst\u00e4ndigen, dabei darauf achten, dass er nicht zu komprimierend ist. Jedes geschnittene St\u00fcck ist zum einmaligen Gebrauch bestimmt.<\/p>\n<p>Komposition<br \/>\nTela absorbieren. &#8211; \u00c4therol. Niaouli &#8211; \u00c4therol. Thymian. &#8211; Chlorophyll. cupr. &#8211; Adeps lanae anhydr. &#8211; Vaselinum.<\/p>","protected":false},"excerpt":{"rendered":"<p>Wundauflage und leichte Verletzungen. Erste Hilfe bei oberfl\u00e4chlichen und kleinen Verbrennungen: Erweichen und Sch\u00fctzen. Indikation Wundauflage und leichte Verletzungen Verwendung Schneiden Sie nach sorgf\u00e4ltiger Desinfektion gegebenenfalls ein St\u00fcck Biogaze-Kompresse ab, das ausreicht, um die Wunde vollst\u00e4ndig zu bedecken, wobei die Kontur leicht \u00fcberl\u00e4uft. Entfernen Sie die beiden Schutzfolien und tragen Sie die Biogaze-Kompresse direkt auf [&hellip;]<\/p>\n","protected":false},"featured_media":3362,"template":"","meta":{"_acf_changed":false,"footnotes":""},"product_brand":[],"product_cat":[775,790,45],"product_tag":[],"class_list":{"0":"post-1562","1":"product","2":"type-product","3":"status-publish","4":"has-post-thumbnail","6":"product_cat-premiers-soins-plaies-brulures","7":"product_cat-compresses-tulles-plaques","8":"product_cat-materiel-medical","10":"first","11":"instock","12":"taxable","13":"shipping-taxable","14":"purchasable","15":"product-type-simple"},"acf":[],"_links":{"self":[{"href":"https:\/\/www.pharmacieonline.lu\/de\/wp-json\/wp\/v2\/product\/1562","targetHints":{"allow":["GET"]}}],"collection":[{"href":"https:\/\/www.pharmacieonline.lu\/de\/wp-json\/wp\/v2\/product"}],"about":[{"href":"https:\/\/www.pharmacieonline.lu\/de\/wp-json\/wp\/v2\/types\/product"}],"version-history":[{"count":0,"href":"https:\/\/www.pharmacieonline.lu\/de\/wp-json\/wp\/v2\/product\/1562\/revisions"}],"wp:featuredmedia":[{"embeddable":true,"href":"https:\/\/www.pharmacieonline.lu\/de\/wp-json\/wp\/v2\/media\/3362"}],"wp:attachment":[{"href":"https:\/\/www.pharmacieonline.lu\/de\/wp-json\/wp\/v2\/media?parent=1562"}],"wp:term":[{"taxonomy":"product_brand","embeddable":true,"href":"https:\/\/www.pharmacieonline.lu\/de\/wp-json\/wp\/v2\/product_brand?post=1562"},{"taxonomy":"product_cat","embeddable":true,"href":"https:\/\/www.pharmacieonline.lu\/de\/wp-json\/wp\/v2\/product_cat?post=1562"},{"taxonomy":"product_tag","embeddable":true,"href":"https:\/\/www.pharmacieonline.lu\/de\/wp-json\/wp\/v2\/product_tag?post=1562"}],"curies":[{"name":"wp","href":"https:\/\/api.w.org\/{rel}","templated":true}]}}