{"id":15806,"date":"2021-02-09T17:22:40","date_gmt":"2021-02-09T16:22:40","guid":{"rendered":"https:\/\/www.pharmacieonline.lu\/?post_type=product&#038;p=15806"},"modified":"2026-04-16T22:25:49","modified_gmt":"2026-04-16T20:25:49","slug":"ducray-anaphaseshamp-antichute-200-ml","status":"publish","type":"product","link":"https:\/\/www.pharmacieonline.lu\/de\/produit\/ducray-anaphaseshamp-antichute-200-ml\/","title":{"rendered":"DUCRAY ANAPHASE+SHAMP ANTICHUTE 200 ML"},"content":{"rendered":"<p>84,7% Zufriedenheit der Verbraucher *. Verbessert die Penetrationsrate von Minoxidil in die Kopfhaut ** \/ * Test wird vorzugsweise an 59 Frauen durchgef\u00fchrt. ** Ex-vivo-Studie an Kopfhautexplantaten von 7 Probanden mit androgener Alopezie.<\/p>\n<p>Indikation<br \/>\nAls Begleitung zu allen Behandlungen gegen Haarausfall, Haar und Kopfhaut<\/p>\n<p>Anwendung<br \/>\nMachen Sie eine erste Anwendung auf feuchtem Haar. Schaum. Sp\u00fclen Erneuern Sie die Anwendung, indem Sie die Kopfhaut 2 bis 3 Minuten lang massieren. Gr\u00fcndlich aussp\u00fclen. So oft wie n\u00f6tig verwenden<\/p>\n<p>Komposition<br \/>\nAQUA, Natriumlaurethsulfat, Betain, Glycerin, Sodium Cocoamphoacetate, Acrylatcopolymer, Ceteareth-60 MYRISTYL Glykol, PEG-40 Hydrogenated Castor \u00d6l, Alkohol, BIOYLATE, CITROHOLATE, PARFISH, CITROCIN LABORATORY, Glycolat, PARFLYZATE, Glycolat, PARFLYZATE, GLYCOLATHOL, BIOTIN, CITROYLATH, GLYCOLAT, PARFLY PANTOLACTONE, PHENOXYETHANOL, POLYQUATERNIUM-7, PYRIDOXIN HCL, RUSCUS ACULEATUS WURZELEXTRAKT, SALICYLS\u00c4URE, NATRIUMBENZOAT, HUM<\/p>","protected":false},"excerpt":{"rendered":"<p>84,7% Zufriedenheit der Verbraucher *. Verbessert die Penetrationsrate von Minoxidil in die Kopfhaut ** \/ * Test wird vorzugsweise an 59 Frauen durchgef\u00fchrt. ** Ex-vivo-Studie an Kopfhautexplantaten von 7 Probanden mit androgener Alopezie. Indikation Als Begleitung zu allen Behandlungen gegen Haarausfall, Haar und Kopfhaut Anwendung Machen Sie eine erste Anwendung auf feuchtem Haar. Schaum. Sp\u00fclen [&hellip;]<\/p>\n","protected":false},"featured_media":15808,"template":"","meta":{"_acf_changed":false,"footnotes":""},"product_brand":[],"product_cat":[47,42,756,71,53],"product_tag":[],"class_list":{"0":"post-15806","1":"product","2":"type-product","3":"status-publish","4":"has-post-thumbnail","6":"product_cat-dermocosmetique","7":"product_cat-para-pharmacie","8":"product_cat-shampoing-cheveux","9":"product_cat-chute-des-cheveux","10":"product_cat-cheveux","12":"first","13":"instock","14":"taxable","15":"shipping-taxable","16":"purchasable","17":"product-type-simple"},"acf":[],"_links":{"self":[{"href":"https:\/\/www.pharmacieonline.lu\/de\/wp-json\/wp\/v2\/product\/15806","targetHints":{"allow":["GET"]}}],"collection":[{"href":"https:\/\/www.pharmacieonline.lu\/de\/wp-json\/wp\/v2\/product"}],"about":[{"href":"https:\/\/www.pharmacieonline.lu\/de\/wp-json\/wp\/v2\/types\/product"}],"version-history":[{"count":0,"href":"https:\/\/www.pharmacieonline.lu\/de\/wp-json\/wp\/v2\/product\/15806\/revisions"}],"wp:featuredmedia":[{"embeddable":true,"href":"https:\/\/www.pharmacieonline.lu\/de\/wp-json\/wp\/v2\/media\/15808"}],"wp:attachment":[{"href":"https:\/\/www.pharmacieonline.lu\/de\/wp-json\/wp\/v2\/media?parent=15806"}],"wp:term":[{"taxonomy":"product_brand","embeddable":true,"href":"https:\/\/www.pharmacieonline.lu\/de\/wp-json\/wp\/v2\/product_brand?post=15806"},{"taxonomy":"product_cat","embeddable":true,"href":"https:\/\/www.pharmacieonline.lu\/de\/wp-json\/wp\/v2\/product_cat?post=15806"},{"taxonomy":"product_tag","embeddable":true,"href":"https:\/\/www.pharmacieonline.lu\/de\/wp-json\/wp\/v2\/product_tag?post=15806"}],"curies":[{"name":"wp","href":"https:\/\/api.w.org\/{rel}","templated":true}]}}