{"id":1603,"date":"2020-11-25T17:27:29","date_gmt":"2020-11-25T16:27:29","guid":{"rendered":"https:\/\/www.pharmacieonline.lu\/produit\/roche-posay-lipikar-gel-lavant-200-ml\/"},"modified":"2026-04-04T07:55:25","modified_gmt":"2026-04-04T05:55:25","slug":"roche-posay-lipikar-gel-lavant-200-ml","status":"publish","type":"product","link":"https:\/\/www.pharmacieonline.lu\/de\/produit\/roche-posay-lipikar-gel-lavant-200-ml\/","title":{"rendered":"ROCHE POSAY LIPIKAR GEL LAVANT 200 ML"},"content":{"rendered":"<p>Reinigt und sch\u00fctzt sanft empfindliche Haut f\u00fcr die ganze Familie. Respektiert den physiologischen pH-Wert der Haut. Reizt die Augen nicht.<\/p>\n<p>Indikation<br \/>\nEmpfindliche Haut f\u00fcr die ganze Familie. S\u00e4ugling, Kind und Erwachsener.<\/p>\n<p>Verwenden<br \/>\nT\u00e4glich auf die zuvor feuchte Haut von K\u00f6rper und Gesicht auftragen. Leicht einmassieren. Sp\u00fclen.<\/p>\n<p>Komposition<br \/>\nCOCO-BETAINEPOLYSORBATE 20 PEG-7 Glyceryl Cocoate ZITRONENS\u00e4URE Cocamide MEA Niacinamid PARFUM \/ FRAGRANCE PEG-55 Propylenglycololeat PEG-60 Hydrogenated Castor Oil PEG-75 SHEABUTTER GLYGYCERN-5 GLYCERNUSLISPALUS-propylenglykol-PROGENATED-PROGENATED-GLYCERN-PRO-GLYCERN-PRO-GLYCERN-5-GLYCERN-PRO-GLYCERN-5 \u00d6L \/ S\u00dcSSES MANDEL\u00d6L NATRIUMBENZOAT NATRIUMCHLORID NATRIUMHYDROXID<\/p>","protected":false},"excerpt":{"rendered":"<p>Reinigt und sch\u00fctzt sanft empfindliche Haut f\u00fcr die ganze Familie. Respektiert den physiologischen pH-Wert der Haut. Reizt die Augen nicht. Indikation Empfindliche Haut f\u00fcr die ganze Familie. S\u00e4ugling, Kind und Erwachsener. Verwenden T\u00e4glich auf die zuvor feuchte Haut von K\u00f6rper und Gesicht auftragen. Leicht einmassieren. Sp\u00fclen. Komposition COCO-BETAINEPOLYSORBATE 20 PEG-7 Glyceryl Cocoate ZITRONENS\u00e4URE Cocamide MEA [&hellip;]<\/p>\n","protected":false},"featured_media":3353,"template":"","meta":{"_acf_changed":false,"footnotes":""},"product_brand":[],"product_cat":[47,42,112],"product_tag":[],"class_list":{"0":"post-1603","1":"product","2":"type-product","3":"status-publish","4":"has-post-thumbnail","6":"product_cat-dermocosmetique","7":"product_cat-para-pharmacie","8":"product_cat-douche-bain","10":"first","11":"outofstock","12":"sale","13":"taxable","14":"shipping-taxable","15":"purchasable","16":"product-type-simple"},"acf":[],"_links":{"self":[{"href":"https:\/\/www.pharmacieonline.lu\/de\/wp-json\/wp\/v2\/product\/1603","targetHints":{"allow":["GET"]}}],"collection":[{"href":"https:\/\/www.pharmacieonline.lu\/de\/wp-json\/wp\/v2\/product"}],"about":[{"href":"https:\/\/www.pharmacieonline.lu\/de\/wp-json\/wp\/v2\/types\/product"}],"version-history":[{"count":0,"href":"https:\/\/www.pharmacieonline.lu\/de\/wp-json\/wp\/v2\/product\/1603\/revisions"}],"wp:featuredmedia":[{"embeddable":true,"href":"https:\/\/www.pharmacieonline.lu\/de\/wp-json\/wp\/v2\/media\/3353"}],"wp:attachment":[{"href":"https:\/\/www.pharmacieonline.lu\/de\/wp-json\/wp\/v2\/media?parent=1603"}],"wp:term":[{"taxonomy":"product_brand","embeddable":true,"href":"https:\/\/www.pharmacieonline.lu\/de\/wp-json\/wp\/v2\/product_brand?post=1603"},{"taxonomy":"product_cat","embeddable":true,"href":"https:\/\/www.pharmacieonline.lu\/de\/wp-json\/wp\/v2\/product_cat?post=1603"},{"taxonomy":"product_tag","embeddable":true,"href":"https:\/\/www.pharmacieonline.lu\/de\/wp-json\/wp\/v2\/product_tag?post=1603"}],"curies":[{"name":"wp","href":"https:\/\/api.w.org\/{rel}","templated":true}]}}