{"id":16197,"date":"2021-02-11T16:24:53","date_gmt":"2021-02-11T15:24:53","guid":{"rendered":"https:\/\/www.pharmacieonline.lu\/?post_type=product&#038;p=16197"},"modified":"2026-04-05T20:25:43","modified_gmt":"2026-04-05T18:25:43","slug":"ducray-squanorm-shamp-pellic-grasses-200","status":"publish","type":"product","link":"https:\/\/www.pharmacieonline.lu\/de\/produit\/ducray-squanorm-shamp-pellic-grasses-200\/","title":{"rendered":"DUCRAY SQUANORM SHAMP PELLIC GRASSES 200"},"content":{"rendered":"<p>Schuppenreduktion: -68% * (1) Anhaltende Wirksamkeit: -72% Schuppen * (2) * Studie an 30 Personen mit \u00f6liger Schuppe. Bewerbung f\u00fcr 2 Wochen mit einer Rate von 2 Bewerbungen pro Woche. Klinische Bewertung (1) Nach 2 Wochen Gebrauch (2) 4 Wochen nach Absetzen des Shampoos<\/p>\n<p>Indikation<\/p>\n<p>Fettige Schuppen &#8211; fettige Kopfhaut<\/p>\n<p>Anwendung<\/p>\n<p>Auf die feuchte Kopfhaut auftragen und absp\u00fclen. Erneut auftragen und 3 Minuten einwirken lassen. Gr\u00fcndlich aussp\u00fclen. 2 mal pro Woche f\u00fcr 6 Wochen.<\/p>\n<p>Komposition<\/p>\n<p>Water (Aqua), Natriumlaurethsulfat, Decylglucosid, Undecylenamidopropylbetain, PEG-7 Glyceryl Cocoate, Laurylbetain, Bisabolol, Citronens\u00e4ure, FRAGRANCE (Parf\u00fcm), GLYPANYTRIMINE CARXROYLIDE, HYPANYLIMINE (Parf\u00fcm), GLYPANYTRIMINE-10, HYPANYLIMDIC, HYPANYLORDIC, HYPANYLORDISCHES (PARFUM) PIROCTON-OLAMIN, SERENOA SERRULATA-FRUCHTExtrakt, Natriumchlorid, TOCOPHEROL.<\/p>","protected":false},"excerpt":{"rendered":"<p>Schuppenreduktion: -68% * (1) Anhaltende Wirksamkeit: -72% Schuppen * (2) * Studie an 30 Personen mit \u00f6liger Schuppe. Bewerbung f\u00fcr 2 Wochen mit einer Rate von 2 Bewerbungen pro Woche. Klinische Bewertung (1) Nach 2 Wochen Gebrauch (2) 4 Wochen nach Absetzen des Shampoos Indikation Fettige Schuppen &#8211; fettige Kopfhaut Anwendung Auf die feuchte Kopfhaut [&hellip;]<\/p>\n","protected":false},"featured_media":16207,"template":"","meta":{"_acf_changed":false,"footnotes":""},"product_brand":[],"product_cat":[47,42,756,72,53],"product_tag":[],"class_list":{"0":"post-16197","1":"product","2":"type-product","3":"status-publish","4":"has-post-thumbnail","6":"product_cat-dermocosmetique","7":"product_cat-para-pharmacie","8":"product_cat-shampoing-cheveux","9":"product_cat-anti-pellicules","10":"product_cat-cheveux","12":"first","13":"outofstock","14":"taxable","15":"shipping-taxable","16":"purchasable","17":"product-type-simple"},"acf":[],"_links":{"self":[{"href":"https:\/\/www.pharmacieonline.lu\/de\/wp-json\/wp\/v2\/product\/16197","targetHints":{"allow":["GET"]}}],"collection":[{"href":"https:\/\/www.pharmacieonline.lu\/de\/wp-json\/wp\/v2\/product"}],"about":[{"href":"https:\/\/www.pharmacieonline.lu\/de\/wp-json\/wp\/v2\/types\/product"}],"version-history":[{"count":0,"href":"https:\/\/www.pharmacieonline.lu\/de\/wp-json\/wp\/v2\/product\/16197\/revisions"}],"wp:featuredmedia":[{"embeddable":true,"href":"https:\/\/www.pharmacieonline.lu\/de\/wp-json\/wp\/v2\/media\/16207"}],"wp:attachment":[{"href":"https:\/\/www.pharmacieonline.lu\/de\/wp-json\/wp\/v2\/media?parent=16197"}],"wp:term":[{"taxonomy":"product_brand","embeddable":true,"href":"https:\/\/www.pharmacieonline.lu\/de\/wp-json\/wp\/v2\/product_brand?post=16197"},{"taxonomy":"product_cat","embeddable":true,"href":"https:\/\/www.pharmacieonline.lu\/de\/wp-json\/wp\/v2\/product_cat?post=16197"},{"taxonomy":"product_tag","embeddable":true,"href":"https:\/\/www.pharmacieonline.lu\/de\/wp-json\/wp\/v2\/product_tag?post=16197"}],"curies":[{"name":"wp","href":"https:\/\/api.w.org\/{rel}","templated":true}]}}