{"id":1626,"date":"2020-11-25T17:27:30","date_gmt":"2020-11-25T16:27:30","guid":{"rendered":"https:\/\/www.pharmacieonline.lu\/produit\/dercos-shamp-antipel-gras-normal-390ml\/"},"modified":"2026-04-14T02:25:25","modified_gmt":"2026-04-14T00:25:25","slug":"dercos-shamp-antipel-gras-normal-390ml","status":"publish","type":"product","link":"https:\/\/www.pharmacieonline.lu\/de\/produit\/dercos-shamp-antipel-gras-normal-390ml\/","title":{"rendered":"DERCOS SHAMP ANTIPEL GRAS NORMAL 390ML"},"content":{"rendered":"<p>Doppelte Effizienz gegen Schuppen bei Kopfhautbeschwerden.<\/p>\n<p>Indikation<br \/>\nANTI-DANDRUFF-Behandlung Shampoo Normales bis fettiges Haar F\u00fcr M\u00e4nner und Frauen, die an Schuppen und \/ oder Juckreiz leiden und normales bis fettiges Haar haben.<\/p>\n<p>Verwendung<br \/>\nWird wie Ihr \u00fcbliches Shampoo f\u00fcr eine 4-w\u00f6chige Behandlung verwendet.<\/p>\n<p>Komposition<br \/>\nAQUA \/ WASSER &#8211; NATRIUMLAURETH-SULFAT &#8211; COCO-BETAIN &#8211; CETYLALKOHOL &#8211; HYDROXYSTEARYL-CETYLETHER &#8211; CARBOMER &#8211; CI 19140 \/ GELB 5 &#8211; CITRINS\u00c4URE &#8211; DIMETHICON &#8211; 2-OLEAMIDO-1,3-OCTAD PROPYLENGLYKOL &#8211; SALICYLS\u00c4URE &#8211; SELENIUMSULFID &#8211; NATRIUMCHLORID &#8211; NATRIUMHYDROXID &#8211; NATRIUMHYPOCHLORIT &#8211; PARFUM \/ DUFT<\/p>","protected":false},"excerpt":{"rendered":"<p>Doppelte Effizienz gegen Schuppen bei Kopfhautbeschwerden. Indikation ANTI-DANDRUFF-Behandlung Shampoo Normales bis fettiges Haar F\u00fcr M\u00e4nner und Frauen, die an Schuppen und \/ oder Juckreiz leiden und normales bis fettiges Haar haben. Verwendung Wird wie Ihr \u00fcbliches Shampoo f\u00fcr eine 4-w\u00f6chige Behandlung verwendet. Komposition AQUA \/ WASSER &#8211; NATRIUMLAURETH-SULFAT &#8211; COCO-BETAIN &#8211; CETYLALKOHOL &#8211; HYDROXYSTEARYL-CETYLETHER &#8211; [&hellip;]<\/p>\n","protected":false},"featured_media":3296,"template":"","meta":{"_acf_changed":false,"footnotes":""},"product_brand":[],"product_cat":[47,42,756,72,53],"product_tag":[],"class_list":{"0":"post-1626","1":"product","2":"type-product","3":"status-publish","4":"has-post-thumbnail","6":"product_cat-dermocosmetique","7":"product_cat-para-pharmacie","8":"product_cat-shampoing-cheveux","9":"product_cat-anti-pellicules","10":"product_cat-cheveux","12":"first","13":"instock","14":"taxable","15":"shipping-taxable","16":"purchasable","17":"product-type-simple"},"acf":[],"_links":{"self":[{"href":"https:\/\/www.pharmacieonline.lu\/de\/wp-json\/wp\/v2\/product\/1626","targetHints":{"allow":["GET"]}}],"collection":[{"href":"https:\/\/www.pharmacieonline.lu\/de\/wp-json\/wp\/v2\/product"}],"about":[{"href":"https:\/\/www.pharmacieonline.lu\/de\/wp-json\/wp\/v2\/types\/product"}],"version-history":[{"count":0,"href":"https:\/\/www.pharmacieonline.lu\/de\/wp-json\/wp\/v2\/product\/1626\/revisions"}],"wp:featuredmedia":[{"embeddable":true,"href":"https:\/\/www.pharmacieonline.lu\/de\/wp-json\/wp\/v2\/media\/3296"}],"wp:attachment":[{"href":"https:\/\/www.pharmacieonline.lu\/de\/wp-json\/wp\/v2\/media?parent=1626"}],"wp:term":[{"taxonomy":"product_brand","embeddable":true,"href":"https:\/\/www.pharmacieonline.lu\/de\/wp-json\/wp\/v2\/product_brand?post=1626"},{"taxonomy":"product_cat","embeddable":true,"href":"https:\/\/www.pharmacieonline.lu\/de\/wp-json\/wp\/v2\/product_cat?post=1626"},{"taxonomy":"product_tag","embeddable":true,"href":"https:\/\/www.pharmacieonline.lu\/de\/wp-json\/wp\/v2\/product_tag?post=1626"}],"curies":[{"name":"wp","href":"https:\/\/api.w.org\/{rel}","templated":true}]}}