{"id":1634,"date":"2020-11-25T17:27:30","date_gmt":"2020-11-25T16:27:30","guid":{"rendered":"https:\/\/www.pharmacieonline.lu\/produit\/bio-oil-huile-reparateur-200-ml-3201829\/"},"modified":"2026-04-29T01:40:16","modified_gmt":"2026-04-28T23:40:16","slug":"bio-oil-huile-reparateur-200-ml-3201829","status":"publish","type":"product","link":"https:\/\/www.pharmacieonline.lu\/de\/produit\/bio-oil-huile-reparateur-200-ml-3201829\/","title":{"rendered":"BIO OIL HUILE REPARATEUR 200 ML  3201829"},"content":{"rendered":"<p>Bio-Oil\u00ae ist ein spezielles Hautpflegeprodukt, das das Erscheinungsbild von SCARS und STRETCH MARKS verbessern soll.<\/p>\n<p>Auch empfohlen f\u00fcr Pigmentflecken und alternde und dehydrierte Haut.<\/p>\n<p>Bio-Oil\u00ae zieht leicht ein und hat eine nicht fettende Basis. Die Zusammensetzung ist f\u00fcr die Anwendung auf Gesicht und K\u00f6rper vorgesehen.<\/p>\n<p>Bio &#8211; Oil ist ein spezielles Hautpflegeprodukt, das entwickelt wurde, um das Erscheinungsbild von Narben, Dehnungsstreifen und ungleichm\u00e4\u00dfigem Hautton zu verbessern. Es ist auch sehr wirksam gegen die Zeichen der Alterung und Austrocknung der Haut. Bio &#8211; Oil hat 253 Hautpflegepreise gewonnen und ist seit seiner weltweiten Einf\u00fchrung im Jahr 2002 in 20 L\u00e4ndern das meistverkaufte Narben- und Dehnungsstreifenprodukt.<\/p>\n<p>Indikation<br \/>\nSpezialisierte Hautpflege f\u00fcr:<\/p>\n<p>Narben.<br \/>\nDehnungsstreifen.<br \/>\nUngleichm\u00e4\u00dfiger Hautton.<br \/>\nAlternde Haut.<br \/>\nTrockene Haut.<\/p>\n<p>Spezialisierte Hautpflege f\u00fcr:<\/p>\n<p>Narben.<br \/>\nDehnungsstreifen.<br \/>\nUngleichm\u00e4\u00dfiger Hautton.<br \/>\nAlternde Haut.<br \/>\nTrockene Haut.<\/p>\n<p>Verwendung<br \/>\nNur f\u00fcr \u00e4u\u00dfere Anwendung. Nicht auf besch\u00e4digte Haut auftragen. Bei m\u00f6glichen Hautreizungen muss die Verwendung des Produkts eingestellt werden. Die Ergebnisse k\u00f6nnen je nach Benutzer unterschiedlich sein. An einem k\u00fchlen Ort ohne direkte Sonneneinstrahlung aufbewahren.<\/p>\n<p>Zweimal t\u00e4glich f\u00fcr mindestens 3 Monate anwenden. W\u00e4hrend der Schwangerschaft zweimal t\u00e4glich ab Beginn des 2. Trimesters anwenden.<\/p>\n<p>Nur f\u00fcr \u00e4u\u00dfere Anwendung. Nicht auf besch\u00e4digte Haut auftragen. Bei m\u00f6glichen Hautreizungen muss die Verwendung des Produkts eingestellt werden. Die Ergebnisse k\u00f6nnen je nach Benutzer unterschiedlich sein. An einem k\u00fchlen Ort ohne direkte Sonneneinstrahlung aufbewahren.<\/p>\n<p>Zweimal t\u00e4glich f\u00fcr mindestens 3 Monate anwenden. W\u00e4hrend der Schwangerschaft zweimal t\u00e4glich ab Beginn des 2. Trimesters anwenden.<\/p>\n<p>Komposition<br \/>\nParaffinum Liquidum, Triisononanoin, Cetearylethylhexanoat, Isopropylmyristat, Retinylpalmitat, Helianthus Annuus-Samen\u00f6l, Tocopherylacetat, Anthemis Nobilis-Bl\u00fcten\u00f6l, Lavandula Angustifolia-\u00d6l, Rosmarinus Officinalis-Blatt\u00f6l, Calendula Officinalis Amylzimt, Benzylsalicylat, Citronellol, Cumarin, Eugenol, Farnesol, Geraniol, Hydroxycitronellal, Hydroxyisohexyl-3-cyclohexencarboxaldehyd, Limonen, Linalool, CI 26100.<\/p>","protected":false},"excerpt":{"rendered":"<p>Bio-Oil\u00ae ist ein spezielles Hautpflegeprodukt, das das Erscheinungsbild von SCARS und STRETCH MARKS verbessern soll. Auch empfohlen f\u00fcr Pigmentflecken und alternde und dehydrierte Haut. Bio-Oil\u00ae zieht leicht ein und hat eine nicht fettende Basis. Die Zusammensetzung ist f\u00fcr die Anwendung auf Gesicht und K\u00f6rper vorgesehen. Bio &#8211; Oil ist ein spezielles Hautpflegeprodukt, das entwickelt wurde, [&hellip;]<\/p>\n","protected":false},"featured_media":3316,"template":"","meta":{"_acf_changed":false,"footnotes":""},"product_brand":[],"product_cat":[42,44,136,56,111],"product_tag":[],"class_list":{"0":"post-1634","1":"product","2":"type-product","3":"status-publish","4":"has-post-thumbnail","6":"product_cat-para-pharmacie","7":"product_cat-bebe-maman","8":"product_cat-soins-vergetures-grossesse","9":"product_cat-soins-du-corps","10":"product_cat-maman-grossesse","12":"first","13":"instock","14":"taxable","15":"shipping-taxable","16":"purchasable","17":"product-type-simple"},"acf":[],"_links":{"self":[{"href":"https:\/\/www.pharmacieonline.lu\/de\/wp-json\/wp\/v2\/product\/1634","targetHints":{"allow":["GET"]}}],"collection":[{"href":"https:\/\/www.pharmacieonline.lu\/de\/wp-json\/wp\/v2\/product"}],"about":[{"href":"https:\/\/www.pharmacieonline.lu\/de\/wp-json\/wp\/v2\/types\/product"}],"version-history":[{"count":0,"href":"https:\/\/www.pharmacieonline.lu\/de\/wp-json\/wp\/v2\/product\/1634\/revisions"}],"wp:featuredmedia":[{"embeddable":true,"href":"https:\/\/www.pharmacieonline.lu\/de\/wp-json\/wp\/v2\/media\/3316"}],"wp:attachment":[{"href":"https:\/\/www.pharmacieonline.lu\/de\/wp-json\/wp\/v2\/media?parent=1634"}],"wp:term":[{"taxonomy":"product_brand","embeddable":true,"href":"https:\/\/www.pharmacieonline.lu\/de\/wp-json\/wp\/v2\/product_brand?post=1634"},{"taxonomy":"product_cat","embeddable":true,"href":"https:\/\/www.pharmacieonline.lu\/de\/wp-json\/wp\/v2\/product_cat?post=1634"},{"taxonomy":"product_tag","embeddable":true,"href":"https:\/\/www.pharmacieonline.lu\/de\/wp-json\/wp\/v2\/product_tag?post=1634"}],"curies":[{"name":"wp","href":"https:\/\/api.w.org\/{rel}","templated":true}]}}