{"id":16365,"date":"2021-02-16T12:17:55","date_gmt":"2021-02-16T11:17:55","guid":{"rendered":"https:\/\/www.pharmacieonline.lu\/?post_type=product&#038;p=16365"},"modified":"2026-04-05T22:25:29","modified_gmt":"2026-04-05T20:25:29","slug":"furterer-absolue-keratine-shamp-nf-200ml","status":"publish","type":"product","link":"https:\/\/www.pharmacieonline.lu\/de\/produit\/furterer-absolue-keratine-shamp-nf-200ml\/","title":{"rendered":"FURTERER ABSOLUE KERATINE SHAMP NF 200ML"},"content":{"rendered":"<p>SHAMPOO-PFLEGE F\u00dcR BESCH\u00c4DIGTES UND FRAGILISIERTES HAAR<\/p>\n<p>Dank seiner sanften Formel * reinigt diese Shampoo-Pflege mit einer zart duftenden schmelzenden Textur sanft und repariert gesch\u00e4digtes und geschw\u00e4chtes Haar. Repariert scheint das Haar seine urspr\u00fcngliche Sch\u00f6nheit wiederzugewinnen. Das Haar ist leicht zu entwirren, weich, geschmeidig und gl\u00e4nzend, alles in Leichtigkeit. Verwenden Sie als 1-monatige Heilung. * Mit haarfreundlichen Tensiden formuliert.<\/p>\n<p>Anwendung<br \/>\nVerwenden Sie als 4 bis 6 Wochen Heilung<br \/>\nAuf das nasse Haar auftragen, gut emulgieren<br \/>\n1 bis 3 Minuten einwirken lassen<br \/>\nGr\u00fcndlich aussp\u00fclen<\/p>","protected":false},"excerpt":{"rendered":"<p>SHAMPOO-PFLEGE F\u00dcR BESCH\u00c4DIGTES UND FRAGILISIERTES HAAR Dank seiner sanften Formel * reinigt diese Shampoo-Pflege mit einer zart duftenden schmelzenden Textur sanft und repariert gesch\u00e4digtes und geschw\u00e4chtes Haar. Repariert scheint das Haar seine urspr\u00fcngliche Sch\u00f6nheit wiederzugewinnen. Das Haar ist leicht zu entwirren, weich, geschmeidig und gl\u00e4nzend, alles in Leichtigkeit. Verwenden Sie als 1-monatige Heilung. * Mit [&hellip;]<\/p>\n","protected":false},"featured_media":16367,"template":"","meta":{"_acf_changed":false,"footnotes":""},"product_brand":[],"product_cat":[42,756,53],"product_tag":[],"class_list":{"0":"post-16365","1":"product","2":"type-product","3":"status-publish","4":"has-post-thumbnail","6":"product_cat-para-pharmacie","7":"product_cat-shampoing-cheveux","8":"product_cat-cheveux","10":"first","11":"instock","12":"taxable","13":"shipping-taxable","14":"purchasable","15":"product-type-simple"},"acf":[],"_links":{"self":[{"href":"https:\/\/www.pharmacieonline.lu\/de\/wp-json\/wp\/v2\/product\/16365","targetHints":{"allow":["GET"]}}],"collection":[{"href":"https:\/\/www.pharmacieonline.lu\/de\/wp-json\/wp\/v2\/product"}],"about":[{"href":"https:\/\/www.pharmacieonline.lu\/de\/wp-json\/wp\/v2\/types\/product"}],"version-history":[{"count":0,"href":"https:\/\/www.pharmacieonline.lu\/de\/wp-json\/wp\/v2\/product\/16365\/revisions"}],"wp:featuredmedia":[{"embeddable":true,"href":"https:\/\/www.pharmacieonline.lu\/de\/wp-json\/wp\/v2\/media\/16367"}],"wp:attachment":[{"href":"https:\/\/www.pharmacieonline.lu\/de\/wp-json\/wp\/v2\/media?parent=16365"}],"wp:term":[{"taxonomy":"product_brand","embeddable":true,"href":"https:\/\/www.pharmacieonline.lu\/de\/wp-json\/wp\/v2\/product_brand?post=16365"},{"taxonomy":"product_cat","embeddable":true,"href":"https:\/\/www.pharmacieonline.lu\/de\/wp-json\/wp\/v2\/product_cat?post=16365"},{"taxonomy":"product_tag","embeddable":true,"href":"https:\/\/www.pharmacieonline.lu\/de\/wp-json\/wp\/v2\/product_tag?post=16365"}],"curies":[{"name":"wp","href":"https:\/\/api.w.org\/{rel}","templated":true}]}}