{"id":16377,"date":"2021-02-16T12:28:03","date_gmt":"2021-02-16T11:28:03","guid":{"rendered":"https:\/\/www.pharmacieonline.lu\/?post_type=product&#038;p=16377"},"modified":"2026-04-05T22:25:43","modified_gmt":"2026-04-05T20:25:43","slug":"furterer-absolue-kerat-masque-rich-100ml","status":"publish","type":"product","link":"https:\/\/www.pharmacieonline.lu\/de\/produit\/furterer-absolue-kerat-masque-rich-100ml\/","title":{"rendered":"FURTERER ABSOLUE KERAT MASQUE RICH 100ML"},"content":{"rendered":"<p>ABSOLUE KERATINE Ultimative Reparaturmaske &#8211; Dickes Haar<\/p>\n<p>Intensive Reparaturen, tiefgreifende Umstrukturierung<\/p>\n<p>Die ultrakonzentrierte Gem\u00fcse-Keratin-Maske zur Reparatur von dickem, strapaziertem Haar.<\/p>\n<p>Konzentriert in pflanzlichem Keratin f\u00fcr dickes Haar<br \/>\n100% nat\u00fcrliche Inhaltsstoffe, silikonfrei<\/p>\n<p>H\u00e4ufigkeit der Nutzung<br \/>\n2 bis 3 mal pro Woche &#8211; Empfohlen als 1-monatige Behandlung<\/p>\n<p>Schritt 1<br \/>\nTragen Sie nach dem Waschen eine kleine Menge Produkt auf das gesamte handtuchtrockene Haar auf.<\/p>\n<p>2. Schritt<br \/>\nBei strapaziertem Haar 3 bis 5 Minuten einwirken lassen. Bei extrem gesch\u00e4digtem und trockenem Haar: 5 bis 10 Minuten einwirken lassen.<\/p>\n<p>Schritt 3<br \/>\nEntwirren und gr\u00fcndlich aussp\u00fclen.<\/p>","protected":false},"excerpt":{"rendered":"<p>ABSOLUE KERATINE Ultimative Reparaturmaske &#8211; Dickes Haar Intensive Reparaturen, tiefgreifende Umstrukturierung Die ultrakonzentrierte Gem\u00fcse-Keratin-Maske zur Reparatur von dickem, strapaziertem Haar. Konzentriert in pflanzlichem Keratin f\u00fcr dickes Haar 100% nat\u00fcrliche Inhaltsstoffe, silikonfrei H\u00e4ufigkeit der Nutzung 2 bis 3 mal pro Woche &#8211; Empfohlen als 1-monatige Behandlung Schritt 1 Tragen Sie nach dem Waschen eine kleine Menge [&hellip;]<\/p>\n","protected":false},"featured_media":16379,"template":"","meta":{"_acf_changed":false,"footnotes":""},"product_brand":[],"product_cat":[42,74,53],"product_tag":[],"class_list":{"0":"post-16377","1":"product","2":"type-product","3":"status-publish","4":"has-post-thumbnail","6":"product_cat-para-pharmacie","7":"product_cat-apres-shampoing-et-soins","8":"product_cat-cheveux","10":"first","11":"instock","12":"taxable","13":"shipping-taxable","14":"purchasable","15":"product-type-simple"},"acf":[],"_links":{"self":[{"href":"https:\/\/www.pharmacieonline.lu\/de\/wp-json\/wp\/v2\/product\/16377","targetHints":{"allow":["GET"]}}],"collection":[{"href":"https:\/\/www.pharmacieonline.lu\/de\/wp-json\/wp\/v2\/product"}],"about":[{"href":"https:\/\/www.pharmacieonline.lu\/de\/wp-json\/wp\/v2\/types\/product"}],"version-history":[{"count":0,"href":"https:\/\/www.pharmacieonline.lu\/de\/wp-json\/wp\/v2\/product\/16377\/revisions"}],"wp:featuredmedia":[{"embeddable":true,"href":"https:\/\/www.pharmacieonline.lu\/de\/wp-json\/wp\/v2\/media\/16379"}],"wp:attachment":[{"href":"https:\/\/www.pharmacieonline.lu\/de\/wp-json\/wp\/v2\/media?parent=16377"}],"wp:term":[{"taxonomy":"product_brand","embeddable":true,"href":"https:\/\/www.pharmacieonline.lu\/de\/wp-json\/wp\/v2\/product_brand?post=16377"},{"taxonomy":"product_cat","embeddable":true,"href":"https:\/\/www.pharmacieonline.lu\/de\/wp-json\/wp\/v2\/product_cat?post=16377"},{"taxonomy":"product_tag","embeddable":true,"href":"https:\/\/www.pharmacieonline.lu\/de\/wp-json\/wp\/v2\/product_tag?post=16377"}],"curies":[{"name":"wp","href":"https:\/\/api.w.org\/{rel}","templated":true}]}}