{"id":16390,"date":"2021-02-16T13:31:26","date_gmt":"2021-02-16T12:31:26","guid":{"rendered":"https:\/\/www.pharmacieonline.lu\/?post_type=product&#038;p=16390"},"modified":"2026-04-06T00:25:33","modified_gmt":"2026-04-05T22:25:33","slug":"furterer-astera-fresh-serum-apais-75-ml","status":"publish","type":"product","link":"https:\/\/www.pharmacieonline.lu\/de\/produit\/furterer-astera-fresh-serum-apais-75-ml\/","title":{"rendered":"FURTERER ASTERA FRESH SERUM APAIS 75 ML"},"content":{"rendered":"<p>ASTERA FRESH Beruhigendes Frischeserum<\/p>\n<p>Beruhigt und erfrischt die Kopfhaut<\/p>\n<p>Behandlung f\u00fcr gereizte Kopfhaut, die dank 100% nat\u00fcrlicher Wirkstoffe sofortige Linderung bringt. Ohne zu sp\u00fclen.<\/p>\n<p>Entlastet mit sofortiger K\u00fchlwirkung.<br \/>\nSilikonfrei, 95% der Inhaltsstoffe nat\u00fcrlichen Ursprungs<\/p>\n<p>Ein- oder zweimal pro Woche<\/p>\n<p>Tragen Sie mit der speziellen Kopfhautspitze Zeile f\u00fcr Zeile auf die gesamte trockene oder nasse Kopfhaut auf. Nicht sp\u00fclen.<\/p>","protected":false},"excerpt":{"rendered":"<p>ASTERA FRESH Beruhigendes Frischeserum Beruhigt und erfrischt die Kopfhaut Behandlung f\u00fcr gereizte Kopfhaut, die dank 100% nat\u00fcrlicher Wirkstoffe sofortige Linderung bringt. Ohne zu sp\u00fclen. Entlastet mit sofortiger K\u00fchlwirkung. Silikonfrei, 95% der Inhaltsstoffe nat\u00fcrlichen Ursprungs Ein- oder zweimal pro Woche Tragen Sie mit der speziellen Kopfhautspitze Zeile f\u00fcr Zeile auf die gesamte trockene oder nasse Kopfhaut [&hellip;]<\/p>\n","protected":false},"featured_media":16394,"template":"","meta":{"_acf_changed":false,"footnotes":""},"product_brand":[],"product_cat":[42,74,53,782],"product_tag":[],"class_list":{"0":"post-16390","1":"product","2":"type-product","3":"status-publish","4":"has-post-thumbnail","6":"product_cat-para-pharmacie","7":"product_cat-apres-shampoing-et-soins","8":"product_cat-cheveux","9":"product_cat-vegan","11":"first","12":"outofstock","13":"taxable","14":"shipping-taxable","15":"purchasable","16":"product-type-simple"},"acf":[],"_links":{"self":[{"href":"https:\/\/www.pharmacieonline.lu\/de\/wp-json\/wp\/v2\/product\/16390","targetHints":{"allow":["GET"]}}],"collection":[{"href":"https:\/\/www.pharmacieonline.lu\/de\/wp-json\/wp\/v2\/product"}],"about":[{"href":"https:\/\/www.pharmacieonline.lu\/de\/wp-json\/wp\/v2\/types\/product"}],"version-history":[{"count":0,"href":"https:\/\/www.pharmacieonline.lu\/de\/wp-json\/wp\/v2\/product\/16390\/revisions"}],"wp:featuredmedia":[{"embeddable":true,"href":"https:\/\/www.pharmacieonline.lu\/de\/wp-json\/wp\/v2\/media\/16394"}],"wp:attachment":[{"href":"https:\/\/www.pharmacieonline.lu\/de\/wp-json\/wp\/v2\/media?parent=16390"}],"wp:term":[{"taxonomy":"product_brand","embeddable":true,"href":"https:\/\/www.pharmacieonline.lu\/de\/wp-json\/wp\/v2\/product_brand?post=16390"},{"taxonomy":"product_cat","embeddable":true,"href":"https:\/\/www.pharmacieonline.lu\/de\/wp-json\/wp\/v2\/product_cat?post=16390"},{"taxonomy":"product_tag","embeddable":true,"href":"https:\/\/www.pharmacieonline.lu\/de\/wp-json\/wp\/v2\/product_tag?post=16390"}],"curies":[{"name":"wp","href":"https:\/\/api.w.org\/{rel}","templated":true}]}}