{"id":16409,"date":"2021-02-16T13:40:48","date_gmt":"2021-02-16T12:40:48","guid":{"rendered":"https:\/\/www.pharmacieonline.lu\/?post_type=product&#038;p=16409"},"modified":"2026-04-05T22:25:46","modified_gmt":"2026-04-05T20:25:46","slug":"furterer-astera-sens-shamp-hte-tol-200ml","status":"publish","type":"product","link":"https:\/\/www.pharmacieonline.lu\/de\/produit\/furterer-astera-sens-shamp-hte-tol-200ml\/","title":{"rendered":"FURTERER ASTERA SENS SHAMP HTE TOL 200ML"},"content":{"rendered":"<p>ASTERA SENSITIVE Hochtolerantes Shampoo<\/p>\n<p>Beruhigt und sch\u00fctzt die Kopfhaut<\/p>\n<p>Shampoo f\u00fcr empfindliche Kopfhaut, das sanft reinigt und sch\u00fctzt, mit einer hochtoleranten Formel f\u00fcr 100% nat\u00fcrliche Wirkstoffe. H\u00e4ufige Verwendung.<br \/>\nHochtolerante Formel, kann ab 3 Jahren verwendet werden.<br \/>\nWirkstoffe 100% nat\u00fcrlichen Ursprungs, Formel unter dermatologischer Kontrolle getestet<\/p>\n<p>H\u00e4ufige Verwendung<br \/>\nAuf die gesamte Kopfhaut auftragen, emulgieren und gr\u00fcndlich aussp\u00fclen.<\/p>","protected":false},"excerpt":{"rendered":"<p>ASTERA SENSITIVE Hochtolerantes Shampoo Beruhigt und sch\u00fctzt die Kopfhaut Shampoo f\u00fcr empfindliche Kopfhaut, das sanft reinigt und sch\u00fctzt, mit einer hochtoleranten Formel f\u00fcr 100% nat\u00fcrliche Wirkstoffe. H\u00e4ufige Verwendung. Hochtolerante Formel, kann ab 3 Jahren verwendet werden. Wirkstoffe 100% nat\u00fcrlichen Ursprungs, Formel unter dermatologischer Kontrolle getestet H\u00e4ufige Verwendung Auf die gesamte Kopfhaut auftragen, emulgieren und gr\u00fcndlich [&hellip;]<\/p>\n","protected":false},"featured_media":16412,"template":"","meta":{"_acf_changed":false,"footnotes":""},"product_brand":[],"product_cat":[42,756,53,782],"product_tag":[],"class_list":{"0":"post-16409","1":"product","2":"type-product","3":"status-publish","4":"has-post-thumbnail","6":"product_cat-para-pharmacie","7":"product_cat-shampoing-cheveux","8":"product_cat-cheveux","9":"product_cat-vegan","11":"first","12":"outofstock","13":"taxable","14":"shipping-taxable","15":"purchasable","16":"product-type-simple"},"acf":[],"_links":{"self":[{"href":"https:\/\/www.pharmacieonline.lu\/de\/wp-json\/wp\/v2\/product\/16409","targetHints":{"allow":["GET"]}}],"collection":[{"href":"https:\/\/www.pharmacieonline.lu\/de\/wp-json\/wp\/v2\/product"}],"about":[{"href":"https:\/\/www.pharmacieonline.lu\/de\/wp-json\/wp\/v2\/types\/product"}],"version-history":[{"count":0,"href":"https:\/\/www.pharmacieonline.lu\/de\/wp-json\/wp\/v2\/product\/16409\/revisions"}],"wp:featuredmedia":[{"embeddable":true,"href":"https:\/\/www.pharmacieonline.lu\/de\/wp-json\/wp\/v2\/media\/16412"}],"wp:attachment":[{"href":"https:\/\/www.pharmacieonline.lu\/de\/wp-json\/wp\/v2\/media?parent=16409"}],"wp:term":[{"taxonomy":"product_brand","embeddable":true,"href":"https:\/\/www.pharmacieonline.lu\/de\/wp-json\/wp\/v2\/product_brand?post=16409"},{"taxonomy":"product_cat","embeddable":true,"href":"https:\/\/www.pharmacieonline.lu\/de\/wp-json\/wp\/v2\/product_cat?post=16409"},{"taxonomy":"product_tag","embeddable":true,"href":"https:\/\/www.pharmacieonline.lu\/de\/wp-json\/wp\/v2\/product_tag?post=16409"}],"curies":[{"name":"wp","href":"https:\/\/api.w.org\/{rel}","templated":true}]}}