{"id":16548,"date":"2021-02-16T14:33:47","date_gmt":"2021-02-16T13:33:47","guid":{"rendered":"https:\/\/www.pharmacieonline.lu\/?post_type=product&#038;p=16548"},"modified":"2026-04-11T02:25:24","modified_gmt":"2026-04-11T00:25:24","slug":"furterer-okara-blond-spr-eclaircis-150ml","status":"publish","type":"product","link":"https:\/\/www.pharmacieonline.lu\/de\/produit\/furterer-okara-blond-spr-eclaircis-150ml\/","title":{"rendered":"FURTERER OKARA BLOND SPR ECLAIRCIS 150ML"},"content":{"rendered":"<p>OKARA BLOND Aufhellungsspray<\/p>\n<p>Entwirrt, hellt Haare auf<\/p>\n<p>Das unverzichtbare Leave-In-Sch\u00f6nheitsspray f\u00fcr die allm\u00e4hliche Aufhellung des Blondtons.<\/p>\n<p>Blitzaktiv 100% nat\u00fcrlichen Ursprungs<br \/>\n94% Inhaltsstoffe nat\u00fcrlichen Ursprungs, silikonfrei<\/p>\n<p>H\u00e4ufigkeit der Nutzung<br \/>\nT\u00e4glich<\/p>\n<p>Schritt 1<br \/>\nGut sch\u00fctteln. Spr\u00fchen Sie auf feuchtes oder trockenes Haar bei 20 cm.<\/p>\n<p>2. Schritt<br \/>\nEntwirren. Nicht sp\u00fclen.<\/p>","protected":false},"excerpt":{"rendered":"<p>OKARA BLOND Aufhellungsspray Entwirrt, hellt Haare auf Das unverzichtbare Leave-In-Sch\u00f6nheitsspray f\u00fcr die allm\u00e4hliche Aufhellung des Blondtons. Blitzaktiv 100% nat\u00fcrlichen Ursprungs 94% Inhaltsstoffe nat\u00fcrlichen Ursprungs, silikonfrei H\u00e4ufigkeit der Nutzung T\u00e4glich Schritt 1 Gut sch\u00fctteln. Spr\u00fchen Sie auf feuchtes oder trockenes Haar bei 20 cm. 2. Schritt Entwirren. Nicht sp\u00fclen.<\/p>\n","protected":false},"featured_media":16549,"template":"","meta":{"_acf_changed":false,"footnotes":""},"product_brand":[],"product_cat":[42,74,53,782],"product_tag":[],"class_list":{"0":"post-16548","1":"product","2":"type-product","3":"status-publish","4":"has-post-thumbnail","6":"product_cat-para-pharmacie","7":"product_cat-apres-shampoing-et-soins","8":"product_cat-cheveux","9":"product_cat-vegan","11":"first","12":"instock","13":"taxable","14":"shipping-taxable","15":"purchasable","16":"product-type-simple"},"acf":[],"_links":{"self":[{"href":"https:\/\/www.pharmacieonline.lu\/de\/wp-json\/wp\/v2\/product\/16548","targetHints":{"allow":["GET"]}}],"collection":[{"href":"https:\/\/www.pharmacieonline.lu\/de\/wp-json\/wp\/v2\/product"}],"about":[{"href":"https:\/\/www.pharmacieonline.lu\/de\/wp-json\/wp\/v2\/types\/product"}],"version-history":[{"count":0,"href":"https:\/\/www.pharmacieonline.lu\/de\/wp-json\/wp\/v2\/product\/16548\/revisions"}],"wp:featuredmedia":[{"embeddable":true,"href":"https:\/\/www.pharmacieonline.lu\/de\/wp-json\/wp\/v2\/media\/16549"}],"wp:attachment":[{"href":"https:\/\/www.pharmacieonline.lu\/de\/wp-json\/wp\/v2\/media?parent=16548"}],"wp:term":[{"taxonomy":"product_brand","embeddable":true,"href":"https:\/\/www.pharmacieonline.lu\/de\/wp-json\/wp\/v2\/product_brand?post=16548"},{"taxonomy":"product_cat","embeddable":true,"href":"https:\/\/www.pharmacieonline.lu\/de\/wp-json\/wp\/v2\/product_cat?post=16548"},{"taxonomy":"product_tag","embeddable":true,"href":"https:\/\/www.pharmacieonline.lu\/de\/wp-json\/wp\/v2\/product_tag?post=16548"}],"curies":[{"name":"wp","href":"https:\/\/api.w.org\/{rel}","templated":true}]}}