{"id":16568,"date":"2021-02-16T14:40:48","date_gmt":"2021-02-16T13:40:48","guid":{"rendered":"https:\/\/www.pharmacieonline.lu\/?post_type=product&#038;p=16568"},"modified":"2026-04-06T00:25:19","modified_gmt":"2026-04-05T22:25:19","slug":"furterer-okara-silver-baume-demel-dejaun","status":"publish","type":"product","link":"https:\/\/www.pharmacieonline.lu\/de\/produit\/furterer-okara-silver-baume-demel-dejaun\/","title":{"rendered":"FURTERER OKARA SILVER BAUME DEMEL DEJAUN"},"content":{"rendered":"<p>ENTFERNEN UND FEUCHTIGKEITSPFLEGE F\u00dcR GRAUES, WEISSES ODER PLATINUM BLONDES HAAR<\/p>\n<p>OKARA SILVER Balsam hydratisiert die Haarfaser und neutralisiert unerw\u00fcnschte gelbe Glanzlichter in grauem, wei\u00dfem oder platinblondem Haar. Es f\u00f6rdert die Reparatur von geschw\u00e4chtem Haar. Die weiche Gelstruktur offenbart einen blumigen und raffinierten Duft. Das Haar ist perfekt entwirrt und gewinnt sofort wieder an Weichheit und Geschmeidigkeit. Graues und wei\u00dfes Haar strahlt eine schiere, faszinierende Farbe aus, platinblondes Haar ist mit strahlend kalten Reflexen geschm\u00fcckt.<\/p>\n<p>Anwendung<br \/>\nTragen Sie das \u00c4quivalent einer Produktnuss von der L\u00e4nge bis zum Ende auf gut handtuchtrockenes Haar auf.<\/p>\n<p>&#8211; 2 bis 3 Minuten einwirken lassen.<br \/>\n&#8211; Entr\u00e4tseln.<br \/>\n&#8211; Gr\u00fcndlich aussp\u00fclen, bis das Haar knirscht.<\/p>","protected":false},"excerpt":{"rendered":"<p>ENTFERNEN UND FEUCHTIGKEITSPFLEGE F\u00dcR GRAUES, WEISSES ODER PLATINUM BLONDES HAAR OKARA SILVER Balsam hydratisiert die Haarfaser und neutralisiert unerw\u00fcnschte gelbe Glanzlichter in grauem, wei\u00dfem oder platinblondem Haar. Es f\u00f6rdert die Reparatur von geschw\u00e4chtem Haar. Die weiche Gelstruktur offenbart einen blumigen und raffinierten Duft. Das Haar ist perfekt entwirrt und gewinnt sofort wieder an Weichheit und [&hellip;]<\/p>\n","protected":false},"featured_media":16570,"template":"","meta":{"_acf_changed":false,"footnotes":""},"product_brand":[],"product_cat":[42,74,53,782],"product_tag":[],"class_list":{"0":"post-16568","1":"product","2":"type-product","3":"status-publish","4":"has-post-thumbnail","6":"product_cat-para-pharmacie","7":"product_cat-apres-shampoing-et-soins","8":"product_cat-cheveux","9":"product_cat-vegan","11":"first","12":"instock","13":"taxable","14":"shipping-taxable","15":"purchasable","16":"product-type-simple"},"acf":[],"_links":{"self":[{"href":"https:\/\/www.pharmacieonline.lu\/de\/wp-json\/wp\/v2\/product\/16568","targetHints":{"allow":["GET"]}}],"collection":[{"href":"https:\/\/www.pharmacieonline.lu\/de\/wp-json\/wp\/v2\/product"}],"about":[{"href":"https:\/\/www.pharmacieonline.lu\/de\/wp-json\/wp\/v2\/types\/product"}],"version-history":[{"count":0,"href":"https:\/\/www.pharmacieonline.lu\/de\/wp-json\/wp\/v2\/product\/16568\/revisions"}],"wp:featuredmedia":[{"embeddable":true,"href":"https:\/\/www.pharmacieonline.lu\/de\/wp-json\/wp\/v2\/media\/16570"}],"wp:attachment":[{"href":"https:\/\/www.pharmacieonline.lu\/de\/wp-json\/wp\/v2\/media?parent=16568"}],"wp:term":[{"taxonomy":"product_brand","embeddable":true,"href":"https:\/\/www.pharmacieonline.lu\/de\/wp-json\/wp\/v2\/product_brand?post=16568"},{"taxonomy":"product_cat","embeddable":true,"href":"https:\/\/www.pharmacieonline.lu\/de\/wp-json\/wp\/v2\/product_cat?post=16568"},{"taxonomy":"product_tag","embeddable":true,"href":"https:\/\/www.pharmacieonline.lu\/de\/wp-json\/wp\/v2\/product_tag?post=16568"}],"curies":[{"name":"wp","href":"https:\/\/api.w.org\/{rel}","templated":true}]}}