{"id":16586,"date":"2021-02-16T15:14:28","date_gmt":"2021-02-16T14:14:28","guid":{"rendered":"https:\/\/www.pharmacieonline.lu\/?post_type=product&#038;p=16586"},"modified":"2026-04-03T16:25:17","modified_gmt":"2026-04-03T14:25:17","slug":"furterer-style-mousse-sculptante-200-ml","status":"publish","type":"product","link":"https:\/\/www.pharmacieonline.lu\/de\/produit\/furterer-style-mousse-sculptante-200-ml\/","title":{"rendered":"FURTERER STYLE MOUSSE SCULPTANTE 200 ML"},"content":{"rendered":"<p>STIL Skulptur Mousse<\/p>\n<p>Strukturieren und Volumen hinzuf\u00fcgen<\/p>\n<p>Das unverzichtbare Haarschaum f\u00fcr alle Frisuren, die Volumen suchen.<\/p>\n<p>Mit feuchtigkeitsspendendem Jojoba-Pflanzenextrakt.<br \/>\nWirkstoffe 100% nat\u00fcrlichen Ursprungs, silikonfrei<\/p>\n<p>H\u00e4ufigkeit der Nutzung<br \/>\nT\u00e4glich<\/p>\n<p>Vor Gebrauch gut sch\u00fctteln und die Flasche auf den Kopf stellen. Verteilen Sie die Mousse mit einem Kamm auf den Wurzeln und wringen Sie die L\u00e4ngen aus. Trocken und stilvoll.<\/p>","protected":false},"excerpt":{"rendered":"<p>STIL Skulptur Mousse Strukturieren und Volumen hinzuf\u00fcgen Das unverzichtbare Haarschaum f\u00fcr alle Frisuren, die Volumen suchen. Mit feuchtigkeitsspendendem Jojoba-Pflanzenextrakt. Wirkstoffe 100% nat\u00fcrlichen Ursprungs, silikonfrei H\u00e4ufigkeit der Nutzung T\u00e4glich Vor Gebrauch gut sch\u00fctteln und die Flasche auf den Kopf stellen. Verteilen Sie die Mousse mit einem Kamm auf den Wurzeln und wringen Sie die L\u00e4ngen aus. [&hellip;]<\/p>\n","protected":false},"featured_media":16589,"template":"","meta":{"_acf_changed":false,"footnotes":""},"product_brand":[],"product_cat":[42,53,924,782],"product_tag":[],"class_list":{"0":"post-16586","1":"product","2":"type-product","3":"status-publish","4":"has-post-thumbnail","6":"product_cat-para-pharmacie","7":"product_cat-cheveux","8":"product_cat-coiffants-texturisants","9":"product_cat-vegan","11":"first","12":"instock","13":"taxable","14":"shipping-taxable","15":"purchasable","16":"product-type-simple"},"acf":[],"_links":{"self":[{"href":"https:\/\/www.pharmacieonline.lu\/de\/wp-json\/wp\/v2\/product\/16586","targetHints":{"allow":["GET"]}}],"collection":[{"href":"https:\/\/www.pharmacieonline.lu\/de\/wp-json\/wp\/v2\/product"}],"about":[{"href":"https:\/\/www.pharmacieonline.lu\/de\/wp-json\/wp\/v2\/types\/product"}],"version-history":[{"count":0,"href":"https:\/\/www.pharmacieonline.lu\/de\/wp-json\/wp\/v2\/product\/16586\/revisions"}],"wp:featuredmedia":[{"embeddable":true,"href":"https:\/\/www.pharmacieonline.lu\/de\/wp-json\/wp\/v2\/media\/16589"}],"wp:attachment":[{"href":"https:\/\/www.pharmacieonline.lu\/de\/wp-json\/wp\/v2\/media?parent=16586"}],"wp:term":[{"taxonomy":"product_brand","embeddable":true,"href":"https:\/\/www.pharmacieonline.lu\/de\/wp-json\/wp\/v2\/product_brand?post=16586"},{"taxonomy":"product_cat","embeddable":true,"href":"https:\/\/www.pharmacieonline.lu\/de\/wp-json\/wp\/v2\/product_cat?post=16586"},{"taxonomy":"product_tag","embeddable":true,"href":"https:\/\/www.pharmacieonline.lu\/de\/wp-json\/wp\/v2\/product_tag?post=16586"}],"curies":[{"name":"wp","href":"https:\/\/api.w.org\/{rel}","templated":true}]}}