{"id":1662,"date":"2020-11-25T17:27:31","date_gmt":"2020-11-25T16:27:31","guid":{"rendered":"https:\/\/www.pharmacieonline.lu\/produit\/drontal-dog-tasty-2-cpr-vet\/"},"modified":"2026-04-29T01:40:19","modified_gmt":"2026-04-28T23:40:19","slug":"drontal-dog-tasty-2-cpr-vet","status":"publish","type":"product","link":"https:\/\/www.pharmacieonline.lu\/de\/produit\/drontal-dog-tasty-2-cpr-vet\/","title":{"rendered":"DRONTAL DOG TASTY 2 CPR VET"},"content":{"rendered":"<p>Drontal Dog Tasty for Dogs ist ein Anthelminthikum in Tablettenform, das f\u00fcr Hunde gro\u00dfer Rassen geeignet ist. Die Tabletten schmecken wie Fleisch und t\u00f6ten effektiv die h\u00e4ufigsten W\u00fcrmer Ihres Hundes ab. Das Produkt basiert auf Anthelminthika und enth\u00e4lt die Wirkstoffe Pyrantelembonat, Febantel und Praziquantel.<\/p>\n<p>Beseitigt h\u00e4ufige Bandw\u00fcrmer und Bandw\u00fcrmer, einschlie\u00dflich Peitschenw\u00fcrmer, Hakenw\u00fcrmer und Spulw\u00fcrmer<br \/>\nEinmalige Verabreichung mit einer f\u00fcr Ihren Hund geeigneten Dosis<br \/>\nSehr effektiver und schnell wirkender Entwurmungsmittel<\/p>","protected":false},"excerpt":{"rendered":"<p>Drontal Dog Tasty for Dogs ist ein Anthelminthikum in Tablettenform, das f\u00fcr Hunde gro\u00dfer Rassen geeignet ist. Die Tabletten schmecken wie Fleisch und t\u00f6ten effektiv die h\u00e4ufigsten W\u00fcrmer Ihres Hundes ab. Das Produkt basiert auf Anthelminthika und enth\u00e4lt die Wirkstoffe Pyrantelembonat, Febantel und Praziquantel. Beseitigt h\u00e4ufige Bandw\u00fcrmer und Bandw\u00fcrmer, einschlie\u00dflich Peitschenw\u00fcrmer, Hakenw\u00fcrmer und Spulw\u00fcrmer Einmalige [&hellip;]<\/p>\n","protected":false},"featured_media":3229,"template":"","meta":{"_acf_changed":false,"footnotes":""},"product_brand":[],"product_cat":[151,158,46],"product_tag":[],"class_list":{"0":"post-1662","1":"product","2":"type-product","3":"status-publish","4":"has-post-thumbnail","6":"product_cat-chiens","7":"product_cat-parasites-chiens","8":"product_cat-veterinaire","10":"first","11":"instock","12":"taxable","13":"shipping-taxable","14":"purchasable","15":"product-type-simple"},"acf":[],"_links":{"self":[{"href":"https:\/\/www.pharmacieonline.lu\/de\/wp-json\/wp\/v2\/product\/1662","targetHints":{"allow":["GET"]}}],"collection":[{"href":"https:\/\/www.pharmacieonline.lu\/de\/wp-json\/wp\/v2\/product"}],"about":[{"href":"https:\/\/www.pharmacieonline.lu\/de\/wp-json\/wp\/v2\/types\/product"}],"version-history":[{"count":0,"href":"https:\/\/www.pharmacieonline.lu\/de\/wp-json\/wp\/v2\/product\/1662\/revisions"}],"wp:featuredmedia":[{"embeddable":true,"href":"https:\/\/www.pharmacieonline.lu\/de\/wp-json\/wp\/v2\/media\/3229"}],"wp:attachment":[{"href":"https:\/\/www.pharmacieonline.lu\/de\/wp-json\/wp\/v2\/media?parent=1662"}],"wp:term":[{"taxonomy":"product_brand","embeddable":true,"href":"https:\/\/www.pharmacieonline.lu\/de\/wp-json\/wp\/v2\/product_brand?post=1662"},{"taxonomy":"product_cat","embeddable":true,"href":"https:\/\/www.pharmacieonline.lu\/de\/wp-json\/wp\/v2\/product_cat?post=1662"},{"taxonomy":"product_tag","embeddable":true,"href":"https:\/\/www.pharmacieonline.lu\/de\/wp-json\/wp\/v2\/product_tag?post=1662"}],"curies":[{"name":"wp","href":"https:\/\/api.w.org\/{rel}","templated":true}]}}