{"id":16632,"date":"2021-02-16T15:44:13","date_gmt":"2021-02-16T14:44:13","guid":{"rendered":"https:\/\/www.pharmacieonline.lu\/?post_type=product&#038;p=16632"},"modified":"2026-04-11T04:25:59","modified_gmt":"2026-04-11T02:25:59","slug":"furterer-tonucia-serum-repulpant-75ml","status":"publish","type":"product","link":"https:\/\/www.pharmacieonline.lu\/de\/produit\/furterer-tonucia-serum-repulpant-75ml\/","title":{"rendered":"FURTERER TONUCIA SERUM REPULPANT 75ML"},"content":{"rendered":"<p>TONUCIA Konzentriertes Jugendserum<\/p>\n<p>Sch\u00fctzt die Kopfhaut<\/p>\n<p>Die Tagespflege, die die Kopfhaut rehydriert und sch\u00fctzt, sorgt f\u00fcr dichtes, lebendiges Haar.<\/p>\n<p>Mit pflanzen\u00e4hnlicher Hyalurons\u00e4ure und Kollagen-Booster-Zitronenmelisseextrakt.<br \/>\nFormuliert mit 95% nat\u00fcrlichen Inhaltsstoffen<\/p>\n<p>H\u00e4ufigkeit der Nutzung: 2 bis 3 mal pro Woche<\/p>\n<p>Tragen Sie das Serum nach dem Waschen zeilenweise auf die feuchte Kopfhaut auf. Massieren Sie in kreisenden Bewegungen vom Hals bis zur Oberseite des Kopfes, um einzudringen. Nicht sp\u00fclen. 2-3 mal pro Woche anwenden<\/p>","protected":false},"excerpt":{"rendered":"<p>TONUCIA Konzentriertes Jugendserum Sch\u00fctzt die Kopfhaut Die Tagespflege, die die Kopfhaut rehydriert und sch\u00fctzt, sorgt f\u00fcr dichtes, lebendiges Haar. Mit pflanzen\u00e4hnlicher Hyalurons\u00e4ure und Kollagen-Booster-Zitronenmelisseextrakt. Formuliert mit 95% nat\u00fcrlichen Inhaltsstoffen H\u00e4ufigkeit der Nutzung: 2 bis 3 mal pro Woche Tragen Sie das Serum nach dem Waschen zeilenweise auf die feuchte Kopfhaut auf. Massieren Sie in kreisenden [&hellip;]<\/p>\n","protected":false},"featured_media":16634,"template":"","meta":{"_acf_changed":false,"footnotes":""},"product_brand":[],"product_cat":[42,74,53,782],"product_tag":[],"class_list":{"0":"post-16632","1":"product","2":"type-product","3":"status-publish","4":"has-post-thumbnail","6":"product_cat-para-pharmacie","7":"product_cat-apres-shampoing-et-soins","8":"product_cat-cheveux","9":"product_cat-vegan","11":"first","12":"outofstock","13":"taxable","14":"shipping-taxable","15":"purchasable","16":"product-type-simple"},"acf":[],"_links":{"self":[{"href":"https:\/\/www.pharmacieonline.lu\/de\/wp-json\/wp\/v2\/product\/16632","targetHints":{"allow":["GET"]}}],"collection":[{"href":"https:\/\/www.pharmacieonline.lu\/de\/wp-json\/wp\/v2\/product"}],"about":[{"href":"https:\/\/www.pharmacieonline.lu\/de\/wp-json\/wp\/v2\/types\/product"}],"version-history":[{"count":0,"href":"https:\/\/www.pharmacieonline.lu\/de\/wp-json\/wp\/v2\/product\/16632\/revisions"}],"wp:featuredmedia":[{"embeddable":true,"href":"https:\/\/www.pharmacieonline.lu\/de\/wp-json\/wp\/v2\/media\/16634"}],"wp:attachment":[{"href":"https:\/\/www.pharmacieonline.lu\/de\/wp-json\/wp\/v2\/media?parent=16632"}],"wp:term":[{"taxonomy":"product_brand","embeddable":true,"href":"https:\/\/www.pharmacieonline.lu\/de\/wp-json\/wp\/v2\/product_brand?post=16632"},{"taxonomy":"product_cat","embeddable":true,"href":"https:\/\/www.pharmacieonline.lu\/de\/wp-json\/wp\/v2\/product_cat?post=16632"},{"taxonomy":"product_tag","embeddable":true,"href":"https:\/\/www.pharmacieonline.lu\/de\/wp-json\/wp\/v2\/product_tag?post=16632"}],"curies":[{"name":"wp","href":"https:\/\/api.w.org\/{rel}","templated":true}]}}