{"id":16636,"date":"2021-02-16T15:46:04","date_gmt":"2021-02-16T14:46:04","guid":{"rendered":"https:\/\/www.pharmacieonline.lu\/?post_type=product&#038;p=16636"},"modified":"2026-04-11T09:55:32","modified_gmt":"2026-04-11T07:55:32","slug":"furterer-tonucia-shamp-repulpant-200-ml","status":"publish","type":"product","link":"https:\/\/www.pharmacieonline.lu\/de\/produit\/furterer-tonucia-shamp-repulpant-200-ml\/","title":{"rendered":"FURTERER TONUCIA SHAMP REPULPANT 200 ML"},"content":{"rendered":"<p>TONUCIA Plumping Shampoo<\/p>\n<p>Verdichtet, prallt<\/p>\n<p>Das jugendfreundliche Shampoo, das d\u00fcnnes, m\u00fcdes Haar auff\u00fcllt und wieder verdichtet.<\/p>\n<p>Mit pflanzen\u00e4hnlicher Hyalurons\u00e4ure.<br \/>\nFormuliert mit 90% nat\u00fcrlichen Inhaltsstoffen<br \/>\nH\u00e4ufigkeit der Nutzung<\/p>\n<p>H\u00e4ufige Verwendung<\/p>\n<p>Auf die feuchte Kopfhaut auftragen und emulgieren. Massage in kreisenden Bewegungen vom Hals bis zur Oberseite des Kopfes. 1 bis 3 Minuten einwirken lassen. Sp\u00fclen. H\u00e4ufige Verwendung.<\/p>","protected":false},"excerpt":{"rendered":"<p>TONUCIA Plumping Shampoo Verdichtet, prallt Das jugendfreundliche Shampoo, das d\u00fcnnes, m\u00fcdes Haar auff\u00fcllt und wieder verdichtet. Mit pflanzen\u00e4hnlicher Hyalurons\u00e4ure. Formuliert mit 90% nat\u00fcrlichen Inhaltsstoffen H\u00e4ufigkeit der Nutzung H\u00e4ufige Verwendung Auf die feuchte Kopfhaut auftragen und emulgieren. Massage in kreisenden Bewegungen vom Hals bis zur Oberseite des Kopfes. 1 bis 3 Minuten einwirken lassen. Sp\u00fclen. H\u00e4ufige [&hellip;]<\/p>\n","protected":false},"featured_media":16638,"template":"","meta":{"_acf_changed":false,"footnotes":""},"product_brand":[],"product_cat":[42,756,53,782],"product_tag":[],"class_list":{"0":"post-16636","1":"product","2":"type-product","3":"status-publish","4":"has-post-thumbnail","6":"product_cat-para-pharmacie","7":"product_cat-shampoing-cheveux","8":"product_cat-cheveux","9":"product_cat-vegan","11":"first","12":"instock","13":"taxable","14":"shipping-taxable","15":"purchasable","16":"product-type-simple"},"acf":[],"_links":{"self":[{"href":"https:\/\/www.pharmacieonline.lu\/de\/wp-json\/wp\/v2\/product\/16636","targetHints":{"allow":["GET"]}}],"collection":[{"href":"https:\/\/www.pharmacieonline.lu\/de\/wp-json\/wp\/v2\/product"}],"about":[{"href":"https:\/\/www.pharmacieonline.lu\/de\/wp-json\/wp\/v2\/types\/product"}],"version-history":[{"count":0,"href":"https:\/\/www.pharmacieonline.lu\/de\/wp-json\/wp\/v2\/product\/16636\/revisions"}],"wp:featuredmedia":[{"embeddable":true,"href":"https:\/\/www.pharmacieonline.lu\/de\/wp-json\/wp\/v2\/media\/16638"}],"wp:attachment":[{"href":"https:\/\/www.pharmacieonline.lu\/de\/wp-json\/wp\/v2\/media?parent=16636"}],"wp:term":[{"taxonomy":"product_brand","embeddable":true,"href":"https:\/\/www.pharmacieonline.lu\/de\/wp-json\/wp\/v2\/product_brand?post=16636"},{"taxonomy":"product_cat","embeddable":true,"href":"https:\/\/www.pharmacieonline.lu\/de\/wp-json\/wp\/v2\/product_cat?post=16636"},{"taxonomy":"product_tag","embeddable":true,"href":"https:\/\/www.pharmacieonline.lu\/de\/wp-json\/wp\/v2\/product_tag?post=16636"}],"curies":[{"name":"wp","href":"https:\/\/api.w.org\/{rel}","templated":true}]}}