{"id":16884,"date":"2021-03-01T16:58:44","date_gmt":"2021-03-01T15:58:44","guid":{"rendered":"https:\/\/www.pharmacieonline.lu\/?post_type=product&#038;p=16884"},"modified":"2026-04-10T00:25:32","modified_gmt":"2026-04-09T22:25:32","slug":"energie-tigra-men-28-cpr","status":"publish","type":"product","link":"https:\/\/www.pharmacieonline.lu\/de\/produit\/energie-tigra-men-28-cpr\/","title":{"rendered":"ENERGIE TIGRA+ MEN 28 CPR"},"content":{"rendered":"<p>Energie Tigra + M\u00e4nner sind f\u00fcr M\u00e4nner gedacht, die ihre Vitalit\u00e4t wiedererlangen m\u00f6chten. Seine Wirksamkeit basiert auf der \u00dcbernahme von 2 Schl\u00fcsseln, die f\u00fcr ein harmonisches Leben unerl\u00e4sslich sind: der allgemeinen Entwicklung des Menschen und der Optimierung seiner Leistung. Energy Tigra + men bietet eine nat\u00fcrliche L\u00f6sung, die auf zwei wesentlichen Ma\u00dfnahmen basiert:<\/p>\n<p>\u2022 Die allgemeine Entwicklung des Menschen: Dank \u00e4therischem Ingwer-, Ginseng- und herzhaftem \u00d6l werden Wirkstoffe f\u00fcr ihre stimulierenden Eigenschaften anerkannt. Durch die Beteiligung an der Regulierung der Stimmung wirken Zink, Chrom und Vitamin B1 in die Gesamtentwicklung ein.<\/p>\n<p>\u2022 Leistungsoptimierung: Mit Ume-C, einem innovativen Extrakt aus japanischen Pflaumen, der die Vitalit\u00e4t verbessert. Die Wirkung wird durch Kola (bekannt als Stimulans), Trauben-OPCs sowie die Vitamine B3 und E erg\u00e4nzt.<\/p>\n<p>Indikation<br \/>\nEnergie Tigra + M\u00e4nner sind f\u00fcr M\u00e4nner gedacht, die ihre sexuelle Vitalit\u00e4t wiedererlangen m\u00f6chten.<\/p>\n<p>Anwendung<br \/>\nNehmen Sie 2 Tabletten pro Tag in einer einzigen Einnahme mit einem Glas Wasser ein.<\/p>\n<p>Komposition<br \/>\nZUTATEN (mg pro Tagesdosis): F\u00fcllstoff (mikrokristalline Cellulose), Ume-C\u00ae: Trockenextrakt aus Pflaumen (Prunus mume) (300), Trockenextrakt aus Cola (Cola nitida) (200), Trockenextrakt aus Ginseng (Panax Ginseng CA Meyer) (200), Trockenextrakt von Ingwer (Zingiber officinalis) (200), Zinkgluconat, Trockenextrakt von Bohnenkraut (Satureja hortensis) (100), Beschichtungsmittel (Hydroxypropylmethylcellulose, Talk, Polydextrose, Triglyceride bis mittlere Kette, Farben) : Allurarot AC, Eisenoxid, orangegelbes S), Trockenextrakt aus Trauben (Vitis vinifera) (50), Vitamine E (DL-alpha-Tocopherolacetat), B3 (Nikotinamid), B1-Hydrochlorid von Thiamin), Antiback Mittel (Siliziumdioxid, Magnesiumstearat), Chromchlorid.<\/p>","protected":false},"excerpt":{"rendered":"<p>Energie Tigra + M\u00e4nner sind f\u00fcr M\u00e4nner gedacht, die ihre Vitalit\u00e4t wiedererlangen m\u00f6chten. Seine Wirksamkeit basiert auf der \u00dcbernahme von 2 Schl\u00fcsseln, die f\u00fcr ein harmonisches Leben unerl\u00e4sslich sind: der allgemeinen Entwicklung des Menschen und der Optimierung seiner Leistung. Energy Tigra + men bietet eine nat\u00fcrliche L\u00f6sung, die auf zwei wesentlichen Ma\u00dfnahmen basiert: \u2022 Die [&hellip;]<\/p>\n","protected":false},"featured_media":16886,"template":"","meta":{"_acf_changed":false,"footnotes":""},"product_brand":[],"product_cat":[42,766,953],"product_tag":[],"class_list":{"0":"post-16884","1":"product","2":"type-product","3":"status-publish","4":"has-post-thumbnail","6":"product_cat-para-pharmacie","7":"product_cat-vitamines","8":"product_cat-complements-alimentaires","10":"first","11":"instock","12":"taxable","13":"shipping-taxable","14":"purchasable","15":"product-type-simple"},"acf":[],"_links":{"self":[{"href":"https:\/\/www.pharmacieonline.lu\/de\/wp-json\/wp\/v2\/product\/16884","targetHints":{"allow":["GET"]}}],"collection":[{"href":"https:\/\/www.pharmacieonline.lu\/de\/wp-json\/wp\/v2\/product"}],"about":[{"href":"https:\/\/www.pharmacieonline.lu\/de\/wp-json\/wp\/v2\/types\/product"}],"version-history":[{"count":0,"href":"https:\/\/www.pharmacieonline.lu\/de\/wp-json\/wp\/v2\/product\/16884\/revisions"}],"wp:featuredmedia":[{"embeddable":true,"href":"https:\/\/www.pharmacieonline.lu\/de\/wp-json\/wp\/v2\/media\/16886"}],"wp:attachment":[{"href":"https:\/\/www.pharmacieonline.lu\/de\/wp-json\/wp\/v2\/media?parent=16884"}],"wp:term":[{"taxonomy":"product_brand","embeddable":true,"href":"https:\/\/www.pharmacieonline.lu\/de\/wp-json\/wp\/v2\/product_brand?post=16884"},{"taxonomy":"product_cat","embeddable":true,"href":"https:\/\/www.pharmacieonline.lu\/de\/wp-json\/wp\/v2\/product_cat?post=16884"},{"taxonomy":"product_tag","embeddable":true,"href":"https:\/\/www.pharmacieonline.lu\/de\/wp-json\/wp\/v2\/product_tag?post=16884"}],"curies":[{"name":"wp","href":"https:\/\/api.w.org\/{rel}","templated":true}]}}