{"id":17019,"date":"2021-03-04T10:15:25","date_gmt":"2021-03-04T09:15:25","guid":{"rendered":"https:\/\/www.pharmacieonline.lu\/?post_type=product&#038;p=17019"},"modified":"2026-04-09T03:55:42","modified_gmt":"2026-04-09T01:55:42","slug":"roche-posay-eau-thermale-100-ml","status":"publish","type":"product","link":"https:\/\/www.pharmacieonline.lu\/de\/produit\/roche-posay-eau-thermale-100-ml\/","title":{"rendered":"ROCHE POSAY EAU THERMALE 100 ML"},"content":{"rendered":"<p>F\u00fcr empfindliche Haut, auch f\u00fcr die empfindlichsten: Neugeborene, Kinder, Erwachsene, schwangere Frauen. Das La Roche-Posay-Thermalwasser ist reich an Selen und Spurenelementen und hat wissenschaftlich nachgewiesene beruhigende und sch\u00fctzende Eigenschaften. Das Thermalwasser aus dem thermisch dermatologischen Zentrum hat auch ein nat\u00fcrliches Pr\u00e4biotikum Eigenschaften: Es gleicht das Mikrobiom der Haut aus, um die Haut zu st\u00e4rken.<\/p>\n<p>Anwendung<br \/>\nUltrafeines Diffusionsspray, das das sofortige Eindringen mikroskopisch kleiner Wassertropfen in die Haut erm\u00f6glicht. &#8211; Verwenden Sie das Spray so oft wie n\u00f6tig. &#8211; 3 Minuten einwirken lassen, dann trocken tupfen. F\u00fcr einen K\u00fchleffekt im K\u00fchlschrank lagern.<\/p>\n<p>Komposition<br \/>\nMineralzusammensetzung pro Liter: &#8211; Bicarbonate: 396 MP &#8211; Calcium: 140 mg &#8211; Silikat: 30 mg &#8211; Selen: 60 \u00b5g &#8211; Zink: 22 \u00b5g &#8211; Kupfer: 5 \u00b5g Trockener R\u00fcckstand bei 180 \u00b0 C: 440 mg \/ h neutral<\/p>","protected":false},"excerpt":{"rendered":"<p>F\u00fcr empfindliche Haut, auch f\u00fcr die empfindlichsten: Neugeborene, Kinder, Erwachsene, schwangere Frauen. Das La Roche-Posay-Thermalwasser ist reich an Selen und Spurenelementen und hat wissenschaftlich nachgewiesene beruhigende und sch\u00fctzende Eigenschaften. Das Thermalwasser aus dem thermisch dermatologischen Zentrum hat auch ein nat\u00fcrliches Pr\u00e4biotikum Eigenschaften: Es gleicht das Mikrobiom der Haut aus, um die Haut zu st\u00e4rken. Anwendung [&hellip;]<\/p>\n","protected":false},"featured_media":17021,"template":"","meta":{"_acf_changed":false,"footnotes":""},"product_brand":[],"product_cat":[47,42,54],"product_tag":[],"class_list":{"0":"post-17019","1":"product","2":"type-product","3":"status-publish","4":"has-post-thumbnail","6":"product_cat-dermocosmetique","7":"product_cat-para-pharmacie","8":"product_cat-soins-du-visage","10":"first","11":"outofstock","12":"taxable","13":"shipping-taxable","14":"purchasable","15":"product-type-simple"},"acf":[],"_links":{"self":[{"href":"https:\/\/www.pharmacieonline.lu\/de\/wp-json\/wp\/v2\/product\/17019","targetHints":{"allow":["GET"]}}],"collection":[{"href":"https:\/\/www.pharmacieonline.lu\/de\/wp-json\/wp\/v2\/product"}],"about":[{"href":"https:\/\/www.pharmacieonline.lu\/de\/wp-json\/wp\/v2\/types\/product"}],"version-history":[{"count":0,"href":"https:\/\/www.pharmacieonline.lu\/de\/wp-json\/wp\/v2\/product\/17019\/revisions"}],"wp:featuredmedia":[{"embeddable":true,"href":"https:\/\/www.pharmacieonline.lu\/de\/wp-json\/wp\/v2\/media\/17021"}],"wp:attachment":[{"href":"https:\/\/www.pharmacieonline.lu\/de\/wp-json\/wp\/v2\/media?parent=17019"}],"wp:term":[{"taxonomy":"product_brand","embeddable":true,"href":"https:\/\/www.pharmacieonline.lu\/de\/wp-json\/wp\/v2\/product_brand?post=17019"},{"taxonomy":"product_cat","embeddable":true,"href":"https:\/\/www.pharmacieonline.lu\/de\/wp-json\/wp\/v2\/product_cat?post=17019"},{"taxonomy":"product_tag","embeddable":true,"href":"https:\/\/www.pharmacieonline.lu\/de\/wp-json\/wp\/v2\/product_tag?post=17019"}],"curies":[{"name":"wp","href":"https:\/\/api.w.org\/{rel}","templated":true}]}}