{"id":17226,"date":"2021-03-07T14:02:42","date_gmt":"2021-03-07T13:02:42","guid":{"rendered":"https:\/\/www.pharmacieonline.lu\/?post_type=product&#038;p=17226"},"modified":"2026-04-05T15:55:24","modified_gmt":"2026-04-05T13:55:24","slug":"physiomer-express-pocket-20-ml-be","status":"publish","type":"product","link":"https:\/\/www.pharmacieonline.lu\/de\/produit\/physiomer-express-pocket-20-ml-be\/","title":{"rendered":"PHYSIOMER EXPRESS POCKET 20 ML BE"},"content":{"rendered":"<p>Verstopfte Nase von einer Erk\u00e4ltung? PHYSIOMER\u00ae Express Nasenspray bringt sofortige Linderung und wirkt bei verstopfter Nase innerhalb von 2 Minuten. Es ist eine wirksame nat\u00fcrliche Alternative zu herk\u00f6mmlichen abschwellenden Mitteln gegen Erk\u00e4ltungen und weist eine ausgezeichnete Vertr\u00e4glichkeit auf. PHYSIOMER\u00ae Express Nasenspray beeintr\u00e4chtigt die Funktion der Nasenschleimhaut nicht. PHYSIOMER\u00ae Express ist ein sehr praktisches Taschen-Nasenspray auf Basis von hypertonem Meerwasser. PHYSIOMER\u00ae, die nat\u00fcrliche und wirksame L\u00f6sung f\u00fcr eine bessere Atmung.<\/p>\n<p>Dank eines speziellen Herstellungsprozesses bewahrt PHYSIOMER\u00ae den Reichtum an Mineralien und Spurenelementen des Meerwassers an der K\u00fcste von Saint-Malo, der gr\u00f6\u00dfer ist als eine einfache Salzl\u00f6sung.<br \/>\nDie hohe Salzkonzentration reduziert die verstopfte Nase durch osmotische Wirkung, indem \u00fcbersch\u00fcssige Fl\u00fcssigkeit aus den Nasenschleimh\u00e4uten abgelassen wird.<br \/>\nDie \u00e4therischen \u00d6le von Eukalyptus und Niaouli helfen den Nasenh\u00f6hlen, Bakterien und Viren zu eliminieren, so dass sie keine Infektionen verbreiten k\u00f6nnen.<\/p>\n<p>Indikation<br \/>\nReduziert die verstopfte Nase, indem \u00fcbersch\u00fcssiges Wasser aus der Schleimhaut abgelassen wird.<br \/>\nHemmt die Ausbreitung der Infektion.<br \/>\nDer Wildminzextrakt vermittelt ein sofortiges Gef\u00fchl von Frische.<br \/>\nDie \u00e4therischen \u00d6le Eukalyptus und Niaouli reinigen die Nasenh\u00f6hlen und helfen ihnen, Viren und Bakterien auszusp\u00fclen, damit sie keine Infektionen verbreiten k\u00f6nnen.<\/p>\n<p>Anwendung<br \/>\nEin Spray in jedes Nasenloch, w\u00e4hrend Sie Ihren Kopf aufrecht halten, maximal 6 Mal am Tag.<\/p>\n<p>1. Sch\u00fctteln Sie die Flasche vor Gebrauch.<br \/>\n2. Halten Sie die Flasche geneigt, dr\u00fccken Sie den Spr\u00fchkopf mindestens eine Sekunde lang fest nach unten und wiederholen Sie den Vorgang bis zum ersten Spr\u00fchen.<br \/>\n3. Halten Sie die Durchstechflasche mit aufrechtem Kopf und spr\u00fchen Sie in jedes Nasenloch.<br \/>\n4. Putzen Sie Ihre Nase.<br \/>\n5. Sp\u00fclen Sie das Spritzger\u00e4t mit hei\u00dfem Wasser ab und trocknen Sie es nach jedem Gebrauch ordnungsgem\u00e4\u00df ab.<br \/>\n6. Verwenden Sie bis zu 6 Mal pro Tag.<\/p>\n<p>Vorsichtsma\u00dfnahmen:<br \/>\nNicht anwenden, wenn Sie schwanger sind, stillen oder gegen eine der Komponenten allergisch sind.<br \/>\nKinder k\u00f6nnen das Produkt unter Aufsicht von Erwachsenen selbst verwenden.<br \/>\nWenn die Symptome l\u00e4nger als 10 Tage anhalten, suchen Sie einen Arzt auf.<br \/>\nWenn eine Nasenreizung auftritt, kann w\u00e4hrend des Gebrauchs ein vor\u00fcbergehendes Kribbeln auftreten.<br \/>\nInnerhalb von 6 Monaten nach dem ersten Spr\u00fchen verwenden.<br \/>\nNicht f\u00fcr Kinder unter 6 Jahren geeignet.<br \/>\nLesen Sie die Anweisungen vor dem Gebrauch sorgf\u00e4ltig durch.<br \/>\nHalten Sie sich von Kindern fern<br \/>\nKomposition<br \/>\nNat\u00fcrliches Meerwasser (22 g \/ l hypertonische Konzentration an Mineralsalzen)<br \/>\nEukalyptus globulus und \u00e4therisches Niaouli-\u00d6l<br \/>\nWildminzextrakt<\/p>","protected":false},"excerpt":{"rendered":"<p>Verstopfte Nase von einer Erk\u00e4ltung? PHYSIOMER\u00ae Express Nasenspray bringt sofortige Linderung und wirkt bei verstopfter Nase innerhalb von 2 Minuten. Es ist eine wirksame nat\u00fcrliche Alternative zu herk\u00f6mmlichen abschwellenden Mitteln gegen Erk\u00e4ltungen und weist eine ausgezeichnete Vertr\u00e4glichkeit auf. PHYSIOMER\u00ae Express Nasenspray beeintr\u00e4chtigt die Funktion der Nasenschleimhaut nicht. PHYSIOMER\u00ae Express ist ein sehr praktisches Taschen-Nasenspray auf [&hellip;]<\/p>\n","protected":false},"featured_media":17228,"template":"","meta":{"_acf_changed":false,"footnotes":""},"product_brand":[],"product_cat":[787,43,85],"product_tag":[],"class_list":{"0":"post-17226","1":"product","2":"type-product","3":"status-publish","4":"has-post-thumbnail","6":"product_cat-sprays-rhume","7":"product_cat-medicaments-en-vente-libre","8":"product_cat-rhume","10":"first","11":"instock","12":"taxable","13":"shipping-taxable","14":"purchasable","15":"product-type-simple"},"acf":[],"_links":{"self":[{"href":"https:\/\/www.pharmacieonline.lu\/de\/wp-json\/wp\/v2\/product\/17226","targetHints":{"allow":["GET"]}}],"collection":[{"href":"https:\/\/www.pharmacieonline.lu\/de\/wp-json\/wp\/v2\/product"}],"about":[{"href":"https:\/\/www.pharmacieonline.lu\/de\/wp-json\/wp\/v2\/types\/product"}],"version-history":[{"count":0,"href":"https:\/\/www.pharmacieonline.lu\/de\/wp-json\/wp\/v2\/product\/17226\/revisions"}],"wp:featuredmedia":[{"embeddable":true,"href":"https:\/\/www.pharmacieonline.lu\/de\/wp-json\/wp\/v2\/media\/17228"}],"wp:attachment":[{"href":"https:\/\/www.pharmacieonline.lu\/de\/wp-json\/wp\/v2\/media?parent=17226"}],"wp:term":[{"taxonomy":"product_brand","embeddable":true,"href":"https:\/\/www.pharmacieonline.lu\/de\/wp-json\/wp\/v2\/product_brand?post=17226"},{"taxonomy":"product_cat","embeddable":true,"href":"https:\/\/www.pharmacieonline.lu\/de\/wp-json\/wp\/v2\/product_cat?post=17226"},{"taxonomy":"product_tag","embeddable":true,"href":"https:\/\/www.pharmacieonline.lu\/de\/wp-json\/wp\/v2\/product_tag?post=17226"}],"curies":[{"name":"wp","href":"https:\/\/api.w.org\/{rel}","templated":true}]}}