{"id":1728,"date":"2020-11-25T17:27:32","date_gmt":"2020-11-25T16:27:32","guid":{"rendered":"https:\/\/www.pharmacieonline.lu\/produit\/avene-demaquillant-douceur-yeux-125-ml\/"},"modified":"2026-04-03T19:55:29","modified_gmt":"2026-04-03T17:55:29","slug":"avene-demaquillant-douceur-yeux-125-ml","status":"publish","type":"product","link":"https:\/\/www.pharmacieonline.lu\/de\/produit\/avene-demaquillant-douceur-yeux-125-ml\/","title":{"rendered":"AVENE DEMAQUILLANT DOUCEUR YEUX 125 ML"},"content":{"rendered":"<p>Entfernt sanft Make-up und beruhigt die empfindlichsten Augen oder diejenigen, die Kontaktlinsen und Augenlider tragen, die zu Reizungen neigen.<\/p>\n<p>Indikation<br \/>\nDer sanfte Augen-Make-up-Entferner eignet sich besonders f\u00fcr empfindliche Augen, Linsentr\u00e4ger und zu Reizungen neigende Augenlider.<br \/>\nOhne Parf\u00fcm.<\/p>\n<p>Verwendung<br \/>\nGie\u00dfen Sie ein kleines Produkt auf ein Wattepad. Entfernen Sie das Make-up vorsichtig von den Augenlidern und Wimpern.<\/p>\n<p>Komposition<br \/>\nAVENE THERMAL SPRING WATER (AVENE AQUA). TRIETHANOLAMIN. NATRIUMCHLORID-POLOXAMER 188. ACRYLATE \/ C10-30-ALKYLACRYLAT-CROSSPOLYMER. HYDROGENIERTES STARCHHYDROLYZAT. PHENETHYLALKOHOL. WASSER (AQUA)<\/p>","protected":false},"excerpt":{"rendered":"<p>Entfernt sanft Make-up und beruhigt die empfindlichsten Augen oder diejenigen, die Kontaktlinsen und Augenlider tragen, die zu Reizungen neigen. Indikation Der sanfte Augen-Make-up-Entferner eignet sich besonders f\u00fcr empfindliche Augen, Linsentr\u00e4ger und zu Reizungen neigende Augenlider. Ohne Parf\u00fcm. Verwendung Gie\u00dfen Sie ein kleines Produkt auf ein Wattepad. Entfernen Sie das Make-up vorsichtig von den Augenlidern und [&hellip;]<\/p>\n","protected":false},"featured_media":3211,"template":"","meta":{"_acf_changed":false,"footnotes":""},"product_brand":[],"product_cat":[47,42,761],"product_tag":[],"class_list":{"0":"post-1728","1":"product","2":"type-product","3":"status-publish","4":"has-post-thumbnail","6":"product_cat-dermocosmetique","7":"product_cat-para-pharmacie","8":"product_cat-demaquillant-eau-micellaire-tonique","10":"first","11":"outofstock","12":"taxable","13":"shipping-taxable","14":"purchasable","15":"product-type-simple"},"acf":[],"_links":{"self":[{"href":"https:\/\/www.pharmacieonline.lu\/de\/wp-json\/wp\/v2\/product\/1728","targetHints":{"allow":["GET"]}}],"collection":[{"href":"https:\/\/www.pharmacieonline.lu\/de\/wp-json\/wp\/v2\/product"}],"about":[{"href":"https:\/\/www.pharmacieonline.lu\/de\/wp-json\/wp\/v2\/types\/product"}],"version-history":[{"count":0,"href":"https:\/\/www.pharmacieonline.lu\/de\/wp-json\/wp\/v2\/product\/1728\/revisions"}],"wp:featuredmedia":[{"embeddable":true,"href":"https:\/\/www.pharmacieonline.lu\/de\/wp-json\/wp\/v2\/media\/3211"}],"wp:attachment":[{"href":"https:\/\/www.pharmacieonline.lu\/de\/wp-json\/wp\/v2\/media?parent=1728"}],"wp:term":[{"taxonomy":"product_brand","embeddable":true,"href":"https:\/\/www.pharmacieonline.lu\/de\/wp-json\/wp\/v2\/product_brand?post=1728"},{"taxonomy":"product_cat","embeddable":true,"href":"https:\/\/www.pharmacieonline.lu\/de\/wp-json\/wp\/v2\/product_cat?post=1728"},{"taxonomy":"product_tag","embeddable":true,"href":"https:\/\/www.pharmacieonline.lu\/de\/wp-json\/wp\/v2\/product_tag?post=1728"}],"curies":[{"name":"wp","href":"https:\/\/api.w.org\/{rel}","templated":true}]}}