{"id":1736,"date":"2020-11-25T17:27:32","date_gmt":"2020-11-25T16:27:32","guid":{"rendered":"https:\/\/www.pharmacieonline.lu\/produit\/pures-diffusion-cplx-cocooning-30-ml\/"},"modified":"2026-04-02T21:55:41","modified_gmt":"2026-04-02T19:55:41","slug":"pures-diffusion-cplx-cocooning-30-ml","status":"publish","type":"product","link":"https:\/\/www.pharmacieonline.lu\/de\/produit\/pures-diffusion-cplx-cocooning-30-ml\/","title":{"rendered":"PURES DIFFUSION CPLX COCOONING 30 ML"},"content":{"rendered":"<p>5 \u00e4therische \u00d6le (S\u00fc\u00dforange, wei\u00dfe Grapefruit, chinesische Zimtbl\u00e4tter, Petit Grain Sour Cherry und Ceylon Cinnamon Bark) mit Gourmet-Noten, die an Kindheit, Abende, Abende und Entspannung am Feuer erinnern. Ideal, um eine warme und beruhigende Atmosph\u00e4re f\u00fcr K\u00f6rper und Seele zu schaffen. Hergestellt in Frankreich.<\/p>\n<p>Verwendung<br \/>\nZur Verwendung mit einem Puressentiel\u00ae-Diffusor. Wichtig ist, dass ein \u00e4therisches \u00d6l niemals zu stark verbrannt oder erhitzt wird, da sonst seine Wirkstoffe zerst\u00f6rt werden.<\/p>\n<p>Komposition<br \/>\n5 \u00c4therische \u00d6le: S\u00fc\u00dforange, wei\u00dfe Grapefruit, chinesische Zimtbl\u00e4tter, Sauerkirsche und Ceylon-Zimtrinde.<\/p>","protected":false},"excerpt":{"rendered":"<p>5 \u00e4therische \u00d6le (S\u00fc\u00dforange, wei\u00dfe Grapefruit, chinesische Zimtbl\u00e4tter, Petit Grain Sour Cherry und Ceylon Cinnamon Bark) mit Gourmet-Noten, die an Kindheit, Abende, Abende und Entspannung am Feuer erinnern. Ideal, um eine warme und beruhigende Atmosph\u00e4re f\u00fcr K\u00f6rper und Seele zu schaffen. Hergestellt in Frankreich. Verwendung Zur Verwendung mit einem Puressentiel\u00ae-Diffusor. Wichtig ist, dass ein \u00e4therisches [&hellip;]<\/p>\n","protected":false},"featured_media":3202,"template":"","meta":{"_acf_changed":false,"footnotes":""},"product_brand":[],"product_cat":[42,79,782],"product_tag":[],"class_list":{"0":"post-1736","1":"product","2":"type-product","3":"status-publish","4":"has-post-thumbnail","6":"product_cat-para-pharmacie","7":"product_cat-aromatherapie","8":"product_cat-vegan","10":"first","11":"instock","12":"taxable","13":"shipping-taxable","14":"purchasable","15":"product-type-simple"},"acf":[],"_links":{"self":[{"href":"https:\/\/www.pharmacieonline.lu\/de\/wp-json\/wp\/v2\/product\/1736","targetHints":{"allow":["GET"]}}],"collection":[{"href":"https:\/\/www.pharmacieonline.lu\/de\/wp-json\/wp\/v2\/product"}],"about":[{"href":"https:\/\/www.pharmacieonline.lu\/de\/wp-json\/wp\/v2\/types\/product"}],"version-history":[{"count":0,"href":"https:\/\/www.pharmacieonline.lu\/de\/wp-json\/wp\/v2\/product\/1736\/revisions"}],"wp:featuredmedia":[{"embeddable":true,"href":"https:\/\/www.pharmacieonline.lu\/de\/wp-json\/wp\/v2\/media\/3202"}],"wp:attachment":[{"href":"https:\/\/www.pharmacieonline.lu\/de\/wp-json\/wp\/v2\/media?parent=1736"}],"wp:term":[{"taxonomy":"product_brand","embeddable":true,"href":"https:\/\/www.pharmacieonline.lu\/de\/wp-json\/wp\/v2\/product_brand?post=1736"},{"taxonomy":"product_cat","embeddable":true,"href":"https:\/\/www.pharmacieonline.lu\/de\/wp-json\/wp\/v2\/product_cat?post=1736"},{"taxonomy":"product_tag","embeddable":true,"href":"https:\/\/www.pharmacieonline.lu\/de\/wp-json\/wp\/v2\/product_tag?post=1736"}],"curies":[{"name":"wp","href":"https:\/\/api.w.org\/{rel}","templated":true}]}}