{"id":1737,"date":"2020-11-25T17:27:32","date_gmt":"2020-11-25T16:27:32","guid":{"rendered":"https:\/\/www.pharmacieonline.lu\/produit\/pures-diffusion-cplx-energ-positive-30ml\/"},"modified":"2026-04-03T00:25:19","modified_gmt":"2026-04-02T22:25:19","slug":"pures-diffusion-cplx-energ-positive-30ml","status":"publish","type":"product","link":"https:\/\/www.pharmacieonline.lu\/de\/produit\/pures-diffusion-cplx-energ-positive-30ml\/","title":{"rendered":"PURES DIFFUSION CPLX ENERG POSITIVE 30ML"},"content":{"rendered":"<p>5 \u00e4therische \u00d6le (Waldkiefer, Pfefferminze, Pennyroyal, Rosmarin mit Cineole, offizieller Salbei) mit belebenden und ressourcenschonenden Eigenschaften, um Vertikalit\u00e4t und Neuausrichtung zu finden, neue und positive Energie zu sch\u00f6pfen und eine perfekte Harmonie zwischen K\u00f6rper und Geist zu erreichen. Hergestellt in Frankreich.<\/p>\n<p>Verwenden<br \/>\nZur Verwendung mit einem Puressentiel\u00ae-Diffusor. Wichtig ist, dass ein \u00e4therisches \u00d6l niemals zu stark verbrannt oder erhitzt wird, da sonst seine Wirkstoffe zerst\u00f6rt werden.<\/p>\n<p>Komposition<br \/>\n5 \u00c4therische \u00d6le: Waldkiefer, Pfefferminze, Pennyroyal, Cineole Rosmarin, offizieller Salbei.<\/p>","protected":false},"excerpt":{"rendered":"<p>5 \u00e4therische \u00d6le (Waldkiefer, Pfefferminze, Pennyroyal, Rosmarin mit Cineole, offizieller Salbei) mit belebenden und ressourcenschonenden Eigenschaften, um Vertikalit\u00e4t und Neuausrichtung zu finden, neue und positive Energie zu sch\u00f6pfen und eine perfekte Harmonie zwischen K\u00f6rper und Geist zu erreichen. Hergestellt in Frankreich. Verwenden Zur Verwendung mit einem Puressentiel\u00ae-Diffusor. Wichtig ist, dass ein \u00e4therisches \u00d6l niemals zu [&hellip;]<\/p>\n","protected":false},"featured_media":3180,"template":"","meta":{"_acf_changed":false,"footnotes":""},"product_brand":[],"product_cat":[42,79,782],"product_tag":[],"class_list":{"0":"post-1737","1":"product","2":"type-product","3":"status-publish","4":"has-post-thumbnail","6":"product_cat-para-pharmacie","7":"product_cat-aromatherapie","8":"product_cat-vegan","10":"first","11":"instock","12":"taxable","13":"shipping-taxable","14":"purchasable","15":"product-type-simple"},"acf":[],"_links":{"self":[{"href":"https:\/\/www.pharmacieonline.lu\/de\/wp-json\/wp\/v2\/product\/1737","targetHints":{"allow":["GET"]}}],"collection":[{"href":"https:\/\/www.pharmacieonline.lu\/de\/wp-json\/wp\/v2\/product"}],"about":[{"href":"https:\/\/www.pharmacieonline.lu\/de\/wp-json\/wp\/v2\/types\/product"}],"version-history":[{"count":0,"href":"https:\/\/www.pharmacieonline.lu\/de\/wp-json\/wp\/v2\/product\/1737\/revisions"}],"wp:featuredmedia":[{"embeddable":true,"href":"https:\/\/www.pharmacieonline.lu\/de\/wp-json\/wp\/v2\/media\/3180"}],"wp:attachment":[{"href":"https:\/\/www.pharmacieonline.lu\/de\/wp-json\/wp\/v2\/media?parent=1737"}],"wp:term":[{"taxonomy":"product_brand","embeddable":true,"href":"https:\/\/www.pharmacieonline.lu\/de\/wp-json\/wp\/v2\/product_brand?post=1737"},{"taxonomy":"product_cat","embeddable":true,"href":"https:\/\/www.pharmacieonline.lu\/de\/wp-json\/wp\/v2\/product_cat?post=1737"},{"taxonomy":"product_tag","embeddable":true,"href":"https:\/\/www.pharmacieonline.lu\/de\/wp-json\/wp\/v2\/product_tag?post=1737"}],"curies":[{"name":"wp","href":"https:\/\/api.w.org\/{rel}","templated":true}]}}