{"id":1744,"date":"2020-11-25T17:27:32","date_gmt":"2020-11-25T16:27:32","guid":{"rendered":"https:\/\/www.pharmacieonline.lu\/produit\/uriage-xemose-cerat-p-200-ml-nf\/"},"modified":"2026-04-02T21:55:40","modified_gmt":"2026-04-02T19:55:40","slug":"uriage-xemose-cerat-p-200-ml-nf","status":"publish","type":"product","link":"https:\/\/www.pharmacieonline.lu\/de\/produit\/uriage-xemose-cerat-p-200-ml-nf\/","title":{"rendered":"URIAGE XEMOSE CERAT P 200 ML NF"},"content":{"rendered":"<p>X\u00c9MOSE Lipidauff\u00fcllendes Anti-Reiz-Cerat<\/p>\n<p>SOOTHING RELIPIDANT CARE<\/p>\n<p>Mit seiner ultra-cremigen Textur n\u00e4hrt, sch\u00fctzt und lindert dieses Cerat, das extremen D\u00fcrreperioden gewidmet ist, intensiv die Juckreizgef\u00fchle, die Kratzer erzeugen.<\/p>\n<p>Seine Formel, die 25% Sheabutter enth\u00e4lt, pflegt intensiv und bietet sofortigen und dauerhaften Komfort.<\/p>\n<p>Indikation<br \/>\nBeruhigt sofort<\/p>\n<p>Diese Behandlung wirkt dank des Patents * Chronoxine sofort beruhigend.<\/p>\n<p>Bietet dauerhaften Komfort<\/p>\n<p>Es hat eine dreifache Barrierewirkung f\u00fcr eine dauerhafte Beruhigung: Cerasterol 2F stellt die Hautbarriere wieder her und st\u00e4rkt sie, der TLR2 Regul-Komplex moduliert die angeborene Abwehrbarriere und Uriage Thermal Water gleicht die mikrobielle Barriere aus.<\/p>\n<p>** Patent angemeldet *<\/p>\n<p>Verwendung<br \/>\nT\u00e4glich auf die gereinigte Haut auftragen.<\/p>\n<p>Komposition<br \/>\nAktive Substanzen<\/p>\n<p>Uriage Thermalwasser<br \/>\nChronoxin<br \/>\nCerasterol 2F<br \/>\nTLR2-Komplex<\/p>\n<p>25% Sheabutter<\/p>\n<p>Babys Kinder Erwachsene<\/p>\n<p>Ohne Parf\u00fcm<br \/>\nHypoallergen<\/p>","protected":false},"excerpt":{"rendered":"<p>X\u00c9MOSE Lipidauff\u00fcllendes Anti-Reiz-Cerat SOOTHING RELIPIDANT CARE Mit seiner ultra-cremigen Textur n\u00e4hrt, sch\u00fctzt und lindert dieses Cerat, das extremen D\u00fcrreperioden gewidmet ist, intensiv die Juckreizgef\u00fchle, die Kratzer erzeugen. Seine Formel, die 25% Sheabutter enth\u00e4lt, pflegt intensiv und bietet sofortigen und dauerhaften Komfort. Indikation Beruhigt sofort Diese Behandlung wirkt dank des Patents * Chronoxine sofort beruhigend. Bietet [&hellip;]<\/p>\n","protected":false},"featured_media":3209,"template":"","meta":{"_acf_changed":false,"footnotes":""},"product_brand":[],"product_cat":[47,42,54,56],"product_tag":[],"class_list":{"0":"post-1744","1":"product","2":"type-product","3":"status-publish","4":"has-post-thumbnail","6":"product_cat-dermocosmetique","7":"product_cat-para-pharmacie","8":"product_cat-soins-du-visage","9":"product_cat-soins-du-corps","11":"first","12":"instock","13":"taxable","14":"shipping-taxable","15":"purchasable","16":"product-type-simple"},"acf":[],"_links":{"self":[{"href":"https:\/\/www.pharmacieonline.lu\/de\/wp-json\/wp\/v2\/product\/1744","targetHints":{"allow":["GET"]}}],"collection":[{"href":"https:\/\/www.pharmacieonline.lu\/de\/wp-json\/wp\/v2\/product"}],"about":[{"href":"https:\/\/www.pharmacieonline.lu\/de\/wp-json\/wp\/v2\/types\/product"}],"version-history":[{"count":0,"href":"https:\/\/www.pharmacieonline.lu\/de\/wp-json\/wp\/v2\/product\/1744\/revisions"}],"wp:featuredmedia":[{"embeddable":true,"href":"https:\/\/www.pharmacieonline.lu\/de\/wp-json\/wp\/v2\/media\/3209"}],"wp:attachment":[{"href":"https:\/\/www.pharmacieonline.lu\/de\/wp-json\/wp\/v2\/media?parent=1744"}],"wp:term":[{"taxonomy":"product_brand","embeddable":true,"href":"https:\/\/www.pharmacieonline.lu\/de\/wp-json\/wp\/v2\/product_brand?post=1744"},{"taxonomy":"product_cat","embeddable":true,"href":"https:\/\/www.pharmacieonline.lu\/de\/wp-json\/wp\/v2\/product_cat?post=1744"},{"taxonomy":"product_tag","embeddable":true,"href":"https:\/\/www.pharmacieonline.lu\/de\/wp-json\/wp\/v2\/product_tag?post=1744"}],"curies":[{"name":"wp","href":"https:\/\/api.w.org\/{rel}","templated":true}]}}