{"id":1746,"date":"2020-11-25T17:27:32","date_gmt":"2020-11-25T16:27:32","guid":{"rendered":"https:\/\/www.pharmacieonline.lu\/produit\/uriage-xemose-creme-t-200-ml\/"},"modified":"2026-04-03T04:25:40","modified_gmt":"2026-04-03T02:25:40","slug":"uriage-xemose-creme-t-200-ml","status":"publish","type":"product","link":"https:\/\/www.pharmacieonline.lu\/de\/produit\/uriage-xemose-creme-t-200-ml\/","title":{"rendered":"URIAGE XEMOSE CREME T 200 ML"},"content":{"rendered":"<p>X\u00c9MOSE Lipid-auff\u00fcllende Anti-Reiz-Creme<\/p>\n<p>SOOTHING RELIPIDING CREAM<\/p>\n<p>Diese pflegende und sch\u00fctzende Creme lindert sofort Juckreizgef\u00fchle, die Kratzer erzeugen, und bietet dauerhaften Komfort. Mit einer nicht klebrigen Schmelzstruktur erm\u00f6glicht es ein schnelles Anziehen. Es dringt sofort ein, um Spitzen schwerer D\u00fcrre auszur\u00e4umen und dauerhaften Komfort zu bieten.<\/p>\n<p>Indikation<br \/>\nBeruhigt sofort<\/p>\n<p>Diese Behandlung wirkt dank des Patents * Chronoxine sofort beruhigend.<\/p>\n<p>Bietet dauerhaften Komfort<br \/>\nEs hat eine dreifache Barrierewirkung f\u00fcr eine dauerhafte Beruhigung: Cerasterol 2F stellt die Hautbarriere wieder her und st\u00e4rkt sie, der TLR2 Regul-Komplex moduliert die angeborene Abwehrbarriere und Uriage Thermal Water gleicht die mikrobielle Barriere aus.<\/p>\n<p>** Patent angemeldet *<\/p>\n<p>Verwendung<br \/>\nT\u00e4glich auf die gereinigte Haut auftragen.<\/p>\n<p>Komposition<br \/>\nAktive Substanzen<br \/>\nUriage Thermalwasser<br \/>\nChronoxin<br \/>\nCerasterol 2F<br \/>\nTLR2-Komplex<\/p>\n<p>Babys Kinder Erwachsene<\/p>\n<p>Hypoallergen<br \/>\nOhne Parf\u00fcm<\/p>","protected":false},"excerpt":{"rendered":"<p>X\u00c9MOSE Lipid-auff\u00fcllende Anti-Reiz-Creme SOOTHING RELIPIDING CREAM Diese pflegende und sch\u00fctzende Creme lindert sofort Juckreizgef\u00fchle, die Kratzer erzeugen, und bietet dauerhaften Komfort. Mit einer nicht klebrigen Schmelzstruktur erm\u00f6glicht es ein schnelles Anziehen. Es dringt sofort ein, um Spitzen schwerer D\u00fcrre auszur\u00e4umen und dauerhaften Komfort zu bieten. Indikation Beruhigt sofort Diese Behandlung wirkt dank des Patents * [&hellip;]<\/p>\n","protected":false},"featured_media":3204,"template":"","meta":{"_acf_changed":false,"footnotes":""},"product_brand":[],"product_cat":[47,42,54,56],"product_tag":[],"class_list":{"0":"post-1746","1":"product","2":"type-product","3":"status-publish","4":"has-post-thumbnail","6":"product_cat-dermocosmetique","7":"product_cat-para-pharmacie","8":"product_cat-soins-du-visage","9":"product_cat-soins-du-corps","11":"first","12":"instock","13":"taxable","14":"shipping-taxable","15":"purchasable","16":"product-type-simple"},"acf":[],"_links":{"self":[{"href":"https:\/\/www.pharmacieonline.lu\/de\/wp-json\/wp\/v2\/product\/1746","targetHints":{"allow":["GET"]}}],"collection":[{"href":"https:\/\/www.pharmacieonline.lu\/de\/wp-json\/wp\/v2\/product"}],"about":[{"href":"https:\/\/www.pharmacieonline.lu\/de\/wp-json\/wp\/v2\/types\/product"}],"version-history":[{"count":0,"href":"https:\/\/www.pharmacieonline.lu\/de\/wp-json\/wp\/v2\/product\/1746\/revisions"}],"wp:featuredmedia":[{"embeddable":true,"href":"https:\/\/www.pharmacieonline.lu\/de\/wp-json\/wp\/v2\/media\/3204"}],"wp:attachment":[{"href":"https:\/\/www.pharmacieonline.lu\/de\/wp-json\/wp\/v2\/media?parent=1746"}],"wp:term":[{"taxonomy":"product_brand","embeddable":true,"href":"https:\/\/www.pharmacieonline.lu\/de\/wp-json\/wp\/v2\/product_brand?post=1746"},{"taxonomy":"product_cat","embeddable":true,"href":"https:\/\/www.pharmacieonline.lu\/de\/wp-json\/wp\/v2\/product_cat?post=1746"},{"taxonomy":"product_tag","embeddable":true,"href":"https:\/\/www.pharmacieonline.lu\/de\/wp-json\/wp\/v2\/product_tag?post=1746"}],"curies":[{"name":"wp","href":"https:\/\/api.w.org\/{rel}","templated":true}]}}