{"id":1747,"date":"2020-11-25T17:27:32","date_gmt":"2020-11-25T16:27:32","guid":{"rendered":"https:\/\/www.pharmacieonline.lu\/produit\/uriage-xemose-visage-40-ml\/"},"modified":"2026-04-03T04:26:48","modified_gmt":"2026-04-03T02:26:48","slug":"uriage-xemose-visage-40-ml","status":"publish","type":"product","link":"https:\/\/www.pharmacieonline.lu\/de\/produit\/uriage-xemose-visage-40-ml\/","title":{"rendered":"URIAGE XEMOSE VISAGE 40 ML"},"content":{"rendered":"<p>X\u00c9MOSE Gesichtscreme<\/p>\n<p>N\u00c4HRENDE GESICHTSCREME<\/p>\n<p>Diese glatte Creme pflegt, lindert Verspannungsgef\u00fchle und sch\u00fctzt vor \u00e4u\u00dferen Einfl\u00fcssen. Seine schmelzende Textur stellt die Geschmeidigkeit und Weichheit der Haut wieder her.<\/p>\n<p>Indikation<\/p>\n<p>Beruhigt<\/p>\n<p>Bietet sofortige beruhigende Wirkung dank des neuen Patents * Chronoxine.<\/p>\n<p>N\u00e4hrt<br \/>\nDank Cerasterol 2F stellt diese Creme die Hautbarriere f\u00fcr 24 Stunden Wirksamkeit wieder her und st\u00e4rkt sie.<\/p>\n<p>Gesch\u00fctzt<br \/>\nDer TLR2 REGUL-Komplex moduliert die angeborene Abwehrbarriere und Uriage Thermal Water gleicht die mikrobielle Barriere wieder aus.<\/p>\n<p>** Patent angemeldet *<\/p>\n<p>Verwendung<br \/>\nMorgens und abends auf das perfekt gereinigte und getrocknete Gesicht auftragen.<\/p>\n<p>Komposition<br \/>\nAktive Substanzen<br \/>\nUriage Thermalwasser<br \/>\nChronoxin<br \/>\nCerasterol 2F<\/p>\n<p>TLR2-Komplex<\/p>\n<p>Nicht komedogen<\/p>\n<p>Ohne Parf\u00fcm<br \/>\nHypoallergen<br \/>\nBabys Kinder Erwachsene<\/p>","protected":false},"excerpt":{"rendered":"<p>X\u00c9MOSE Gesichtscreme N\u00c4HRENDE GESICHTSCREME Diese glatte Creme pflegt, lindert Verspannungsgef\u00fchle und sch\u00fctzt vor \u00e4u\u00dferen Einfl\u00fcssen. Seine schmelzende Textur stellt die Geschmeidigkeit und Weichheit der Haut wieder her. Indikation Beruhigt Bietet sofortige beruhigende Wirkung dank des neuen Patents * Chronoxine. N\u00e4hrt Dank Cerasterol 2F stellt diese Creme die Hautbarriere f\u00fcr 24 Stunden Wirksamkeit wieder her und [&hellip;]<\/p>\n","protected":false},"featured_media":3191,"template":"","meta":{"_acf_changed":false,"footnotes":""},"product_brand":[],"product_cat":[47,42,54],"product_tag":[],"class_list":{"0":"post-1747","1":"product","2":"type-product","3":"status-publish","4":"has-post-thumbnail","6":"product_cat-dermocosmetique","7":"product_cat-para-pharmacie","8":"product_cat-soins-du-visage","10":"first","11":"instock","12":"taxable","13":"shipping-taxable","14":"purchasable","15":"product-type-simple"},"acf":[],"_links":{"self":[{"href":"https:\/\/www.pharmacieonline.lu\/de\/wp-json\/wp\/v2\/product\/1747","targetHints":{"allow":["GET"]}}],"collection":[{"href":"https:\/\/www.pharmacieonline.lu\/de\/wp-json\/wp\/v2\/product"}],"about":[{"href":"https:\/\/www.pharmacieonline.lu\/de\/wp-json\/wp\/v2\/types\/product"}],"version-history":[{"count":0,"href":"https:\/\/www.pharmacieonline.lu\/de\/wp-json\/wp\/v2\/product\/1747\/revisions"}],"wp:featuredmedia":[{"embeddable":true,"href":"https:\/\/www.pharmacieonline.lu\/de\/wp-json\/wp\/v2\/media\/3191"}],"wp:attachment":[{"href":"https:\/\/www.pharmacieonline.lu\/de\/wp-json\/wp\/v2\/media?parent=1747"}],"wp:term":[{"taxonomy":"product_brand","embeddable":true,"href":"https:\/\/www.pharmacieonline.lu\/de\/wp-json\/wp\/v2\/product_brand?post=1747"},{"taxonomy":"product_cat","embeddable":true,"href":"https:\/\/www.pharmacieonline.lu\/de\/wp-json\/wp\/v2\/product_cat?post=1747"},{"taxonomy":"product_tag","embeddable":true,"href":"https:\/\/www.pharmacieonline.lu\/de\/wp-json\/wp\/v2\/product_tag?post=1747"}],"curies":[{"name":"wp","href":"https:\/\/api.w.org\/{rel}","templated":true}]}}