{"id":1749,"date":"2020-11-25T17:27:32","date_gmt":"2020-11-25T16:27:32","guid":{"rendered":"https:\/\/www.pharmacieonline.lu\/produit\/avene-trixera-nutri-lait-nutri-fl-400-ml\/"},"modified":"2026-04-04T04:25:33","modified_gmt":"2026-04-04T02:25:33","slug":"avene-trixera-nutri-lait-nutri-fl-400-ml","status":"publish","type":"product","link":"https:\/\/www.pharmacieonline.lu\/de\/produit\/avene-trixera-nutri-lait-nutri-fl-400-ml\/","title":{"rendered":"AVENE TRIXERA NUTRI LAIT NUTRI-FL 400 ML"},"content":{"rendered":"<p>T\u00e4gliche Pflege f\u00fcr empfindliche und trockene Haut in der Familie. Repariert, pflegt und beruhigt trockene Haut und erleichtert das t\u00e4gliche Leben der Familie.<\/p>\n<p>Indikation<br \/>\nTriXera NUTRITION Nutri-Fluid-Milch ist besonders f\u00fcr trockene Haut der ganzen Familie (Kinder ab 2 Jahren) geeignet.<\/p>\n<p>Verwenden<br \/>\nTragen Sie dann die Nutri-Fl\u00fcssigkeitsmilch 1 bis 2 mal t\u00e4glich auf.<\/p>\n<p>Komposition<br \/>\nAVENE THERMAL SPRING WATER (AVENE AQUA). GLYCERIN. CAPRYL \/ CAPRIC TRIGLYCERIDE. ISOPROPYLPALMITAT. PROPYLENGLYCOLDICAPRYLAT \/ DICAPRAT. GLYCERYLSTEARAT. PEG-100 STEARATE. MYRETH-3 MYRISTATE. ACRYLATE \/ C10-30 ALKYLACRYLAT-CROSSPOLYMER. BENZOES\u00c4URE. CAPRYLYL GLYCOL. CARBOMER. DUFT (PARFUM). GLYCINE. GLYCINE SOY (SOYBEAN) SAMEN-EXTRAKT (GLYCINE SOY SEED EXTRACT). OENOTHERA BIENNIS (ABEND PRIMROSE) \u00d6L (OENOTHERA BIENNIS \u00d6L). PEG-32. PEG-400. PENTYLRHAMNOSID. NATRIUMHYDROXID. TOCOPHEROL. TOCOPHERYLACETAT. WASSER (AQUA).<\/p>","protected":false},"excerpt":{"rendered":"<p>T\u00e4gliche Pflege f\u00fcr empfindliche und trockene Haut in der Familie. Repariert, pflegt und beruhigt trockene Haut und erleichtert das t\u00e4gliche Leben der Familie. Indikation TriXera NUTRITION Nutri-Fluid-Milch ist besonders f\u00fcr trockene Haut der ganzen Familie (Kinder ab 2 Jahren) geeignet. Verwenden Tragen Sie dann die Nutri-Fl\u00fcssigkeitsmilch 1 bis 2 mal t\u00e4glich auf. Komposition AVENE THERMAL [&hellip;]<\/p>\n","protected":false},"featured_media":3196,"template":"","meta":{"_acf_changed":false,"footnotes":""},"product_brand":[],"product_cat":[47,42,56],"product_tag":[],"class_list":{"0":"post-1749","1":"product","2":"type-product","3":"status-publish","4":"has-post-thumbnail","6":"product_cat-dermocosmetique","7":"product_cat-para-pharmacie","8":"product_cat-soins-du-corps","10":"first","11":"outofstock","12":"taxable","13":"shipping-taxable","14":"purchasable","15":"product-type-simple"},"acf":[],"_links":{"self":[{"href":"https:\/\/www.pharmacieonline.lu\/de\/wp-json\/wp\/v2\/product\/1749","targetHints":{"allow":["GET"]}}],"collection":[{"href":"https:\/\/www.pharmacieonline.lu\/de\/wp-json\/wp\/v2\/product"}],"about":[{"href":"https:\/\/www.pharmacieonline.lu\/de\/wp-json\/wp\/v2\/types\/product"}],"version-history":[{"count":0,"href":"https:\/\/www.pharmacieonline.lu\/de\/wp-json\/wp\/v2\/product\/1749\/revisions"}],"wp:featuredmedia":[{"embeddable":true,"href":"https:\/\/www.pharmacieonline.lu\/de\/wp-json\/wp\/v2\/media\/3196"}],"wp:attachment":[{"href":"https:\/\/www.pharmacieonline.lu\/de\/wp-json\/wp\/v2\/media?parent=1749"}],"wp:term":[{"taxonomy":"product_brand","embeddable":true,"href":"https:\/\/www.pharmacieonline.lu\/de\/wp-json\/wp\/v2\/product_brand?post=1749"},{"taxonomy":"product_cat","embeddable":true,"href":"https:\/\/www.pharmacieonline.lu\/de\/wp-json\/wp\/v2\/product_cat?post=1749"},{"taxonomy":"product_tag","embeddable":true,"href":"https:\/\/www.pharmacieonline.lu\/de\/wp-json\/wp\/v2\/product_tag?post=1749"}],"curies":[{"name":"wp","href":"https:\/\/api.w.org\/{rel}","templated":true}]}}