{"id":1776,"date":"2020-11-25T17:27:33","date_gmt":"2020-11-25T16:27:33","guid":{"rendered":"https:\/\/www.pharmacieonline.lu\/produit\/avene-hydrance-intense-serum-30ml\/"},"modified":"2026-04-02T22:25:30","modified_gmt":"2026-04-02T20:25:30","slug":"avene-hydrance-intense-serum-30ml","status":"publish","type":"product","link":"https:\/\/www.pharmacieonline.lu\/de\/produit\/avene-hydrance-intense-serum-30ml\/","title":{"rendered":"AVENE HYDRANCE INTENSE SERUM 30ML"},"content":{"rendered":"<p>30 ml Pumpflasche<br \/>\nEin Nachf\u00fcllen von Thermalwasser f\u00fcr intensiv und dauerhaft hydratisierte Haut. Die Aquafilmstruktur hinterl\u00e4sst einen unmerklichen Wasserschleier auf der Haut.<br \/>\nIndikation<\/p>\n<p>Ein Nachf\u00fcllen von Thermalwasser f\u00fcr intensiv und dauerhaft hydratisierte Haut. Die Aquafilmstruktur hinterl\u00e4sst einen unmerklichen Wasserschleier auf der Haut.<\/p>\n<p>Verwendung<br \/>\nBeginnen Sie mit einer gr\u00fcndlichen Reinigung Ihres Gesichts.<br \/>\nMorgens und abends ein paar Tropfen Serum auftragen und in kleinen kreisenden Bewegungen einmassieren. Einige Minuten einwirken lassen.<br \/>\nKomplett mit der leichten Hydrance Optimale-Creme (normale bis Mischhaut) oder reichhaltig (trockene bis sehr trockene Haut) mit oder ohne Lichtschutzfaktor 20.<br \/>\nKomposition<\/p>\n<p>AVENE THERMAL SPRING WATER (AVENE AQUA). CAPRYL \/ CAPRIC TRIGLYCERIDE. ISOCETYLSTEAROYLSTEARAT. TRIETHYLHEXANOIN. GLYCERIN. 1,2-HEXANEDIOL. HYDROGENIERTES STARCHHYDROLYZAT. METHYLGLUCETH-20. BENZOES\u00c4URE. BETA-SITOSTEROL. C12-20 ALKYLGLUCOSID. C14-22 ALKOHOLE. CARBOMER. DISODIUM EDTA. DUFT (PARFUM). POLYGLYCERYL-10 MYRISTATE. NATRIUMHYDROXID. TOCOPHERYLACETAT. WASSER (AQUA).<\/p>","protected":false},"excerpt":{"rendered":"<p>30 ml Pumpflasche Ein Nachf\u00fcllen von Thermalwasser f\u00fcr intensiv und dauerhaft hydratisierte Haut. Die Aquafilmstruktur hinterl\u00e4sst einen unmerklichen Wasserschleier auf der Haut. Indikation Ein Nachf\u00fcllen von Thermalwasser f\u00fcr intensiv und dauerhaft hydratisierte Haut. Die Aquafilmstruktur hinterl\u00e4sst einen unmerklichen Wasserschleier auf der Haut. Verwendung Beginnen Sie mit einer gr\u00fcndlichen Reinigung Ihres Gesichts. Morgens und abends ein [&hellip;]<\/p>\n","protected":false},"featured_media":3145,"template":"","meta":{"_acf_changed":false,"footnotes":""},"product_brand":[],"product_cat":[47,42,54],"product_tag":[],"class_list":{"0":"post-1776","1":"product","2":"type-product","3":"status-publish","4":"has-post-thumbnail","6":"product_cat-dermocosmetique","7":"product_cat-para-pharmacie","8":"product_cat-soins-du-visage","10":"first","11":"outofstock","12":"taxable","13":"shipping-taxable","14":"purchasable","15":"product-type-simple"},"acf":[],"_links":{"self":[{"href":"https:\/\/www.pharmacieonline.lu\/de\/wp-json\/wp\/v2\/product\/1776","targetHints":{"allow":["GET"]}}],"collection":[{"href":"https:\/\/www.pharmacieonline.lu\/de\/wp-json\/wp\/v2\/product"}],"about":[{"href":"https:\/\/www.pharmacieonline.lu\/de\/wp-json\/wp\/v2\/types\/product"}],"version-history":[{"count":0,"href":"https:\/\/www.pharmacieonline.lu\/de\/wp-json\/wp\/v2\/product\/1776\/revisions"}],"wp:featuredmedia":[{"embeddable":true,"href":"https:\/\/www.pharmacieonline.lu\/de\/wp-json\/wp\/v2\/media\/3145"}],"wp:attachment":[{"href":"https:\/\/www.pharmacieonline.lu\/de\/wp-json\/wp\/v2\/media?parent=1776"}],"wp:term":[{"taxonomy":"product_brand","embeddable":true,"href":"https:\/\/www.pharmacieonline.lu\/de\/wp-json\/wp\/v2\/product_brand?post=1776"},{"taxonomy":"product_cat","embeddable":true,"href":"https:\/\/www.pharmacieonline.lu\/de\/wp-json\/wp\/v2\/product_cat?post=1776"},{"taxonomy":"product_tag","embeddable":true,"href":"https:\/\/www.pharmacieonline.lu\/de\/wp-json\/wp\/v2\/product_tag?post=1776"}],"curies":[{"name":"wp","href":"https:\/\/api.w.org\/{rel}","templated":true}]}}