{"id":1779,"date":"2020-11-25T17:27:33","date_gmt":"2020-11-25T16:27:33","guid":{"rendered":"https:\/\/www.pharmacieonline.lu\/produit\/antimetil-24-gommes\/"},"modified":"2026-04-23T09:56:15","modified_gmt":"2026-04-23T07:56:15","slug":"antimetil-24-gommes","status":"publish","type":"product","link":"https:\/\/www.pharmacieonline.lu\/de\/produit\/antimetil-24-gommes\/","title":{"rendered":"ANTIMETIL 24 GOMMES"},"content":{"rendered":"<p>Dank seiner nat\u00fcrlichen Formel ist Antimetil gom perfekt geeignet, um in folgenden Situationen ein optimales Verdauungsgleichgewicht zu finden: bei \u00dcberern\u00e4hrung oder ungew\u00f6hnlicher Ern\u00e4hrung (z. B. im Urlaub) und auf Reisen.<\/p>\n<p>Antimetil ist f\u00fcr Kinder ab 6 Jahren geeignet.<\/p>\n<p>Antimetil Gom kommt in Form von zuckerfreiem Zahnfleisch mit einem k\u00f6stlichen Zitronengeschmack. Antimetil Gom ben\u00f6tigt kein Wasser und ist ideal, um es \u00fcberall hin mitzunehmen!<\/p>\n<p>Jeder Kaugummi enth\u00e4lt 25 mg Ingwerextrakt. Der verwendete Ingwerextrakt ist 10x konzentrierter als ein herk\u00f6mmliches Ingwerpulver.<\/p>\n<p>Ein Tipp vor dem Urlaub: Vergessen Sie nicht, Antimetil gom in Ihr Reisekit aufzunehmen.<\/p>\n<p>Indikation<br \/>\nLeichter Magen<br \/>\nVerdauungsgleichgewicht<br \/>\nUngew\u00f6hnliche Mahlzeiten<br \/>\nReise<br \/>\nVerwenden<br \/>\nKinder ab 6 Jahren: 1 bis 3 Mal t\u00e4glich 1 Gummi (maximal 3 Zahnfleisch pro Tag)<br \/>\nErwachsene und Kinder ab 12 Jahren: 1 bis 3 Mal t\u00e4glich 2 Zahnfleisch (maximal 6 Zahnfleisch pro Tag)<\/p>\n<p>Wenn Sie reisen oder sich bewegen, nehmen Sie die Reifen 30 Minuten vor Abflug.<\/p>\n<p>Komposition<br \/>\nInhaltsstoffe pro Gummi: F\u00fcllstoffe: Gummi arabicum, Sorbitolsirup, Beta-Cyclodextrin, Maltitolsirup &#8211; Standardisierter Trockenextrakt von Ingwer * (Zingiber officinale) 25 mg &#8211; Nat\u00fcrliche Aromen: Zitrone, Minze, Eukalyptus &#8211; S\u00fc\u00dfstoffe: Sucralose, Glykoside von Steviol. Beschichtungsmittel: Kokos\u00f6l, Carnaubawachs.<\/p>\n<p>Kann Spuren von Eiern, N\u00fcssen und Weizen enthalten.<\/p>\n<p>* 10% Gingerole: 25 mg standardisierter Extrakt, entsprechend 250 mg Ingwerpulver.<\/p>","protected":false},"excerpt":{"rendered":"<p>Dank seiner nat\u00fcrlichen Formel ist Antimetil gom perfekt geeignet, um in folgenden Situationen ein optimales Verdauungsgleichgewicht zu finden: bei \u00dcberern\u00e4hrung oder ungew\u00f6hnlicher Ern\u00e4hrung (z. B. im Urlaub) und auf Reisen. Antimetil ist f\u00fcr Kinder ab 6 Jahren geeignet. Antimetil Gom kommt in Form von zuckerfreiem Zahnfleisch mit einem k\u00f6stlichen Zitronengeschmack. Antimetil Gom ben\u00f6tigt kein Wasser [&hellip;]<\/p>\n","protected":false},"featured_media":3170,"template":"","meta":{"_acf_changed":false,"footnotes":""},"product_brand":[],"product_cat":[42,43,78,779],"product_tag":[],"class_list":{"0":"post-1779","1":"product","2":"type-product","3":"status-publish","4":"has-post-thumbnail","6":"product_cat-para-pharmacie","7":"product_cat-medicaments-en-vente-libre","8":"product_cat-phytotherapie","9":"product_cat-digestion-estomac","11":"first","12":"instock","13":"taxable","14":"shipping-taxable","15":"purchasable","16":"product-type-simple"},"acf":[],"_links":{"self":[{"href":"https:\/\/www.pharmacieonline.lu\/de\/wp-json\/wp\/v2\/product\/1779","targetHints":{"allow":["GET"]}}],"collection":[{"href":"https:\/\/www.pharmacieonline.lu\/de\/wp-json\/wp\/v2\/product"}],"about":[{"href":"https:\/\/www.pharmacieonline.lu\/de\/wp-json\/wp\/v2\/types\/product"}],"version-history":[{"count":0,"href":"https:\/\/www.pharmacieonline.lu\/de\/wp-json\/wp\/v2\/product\/1779\/revisions"}],"wp:featuredmedia":[{"embeddable":true,"href":"https:\/\/www.pharmacieonline.lu\/de\/wp-json\/wp\/v2\/media\/3170"}],"wp:attachment":[{"href":"https:\/\/www.pharmacieonline.lu\/de\/wp-json\/wp\/v2\/media?parent=1779"}],"wp:term":[{"taxonomy":"product_brand","embeddable":true,"href":"https:\/\/www.pharmacieonline.lu\/de\/wp-json\/wp\/v2\/product_brand?post=1779"},{"taxonomy":"product_cat","embeddable":true,"href":"https:\/\/www.pharmacieonline.lu\/de\/wp-json\/wp\/v2\/product_cat?post=1779"},{"taxonomy":"product_tag","embeddable":true,"href":"https:\/\/www.pharmacieonline.lu\/de\/wp-json\/wp\/v2\/product_tag?post=1779"}],"curies":[{"name":"wp","href":"https:\/\/api.w.org\/{rel}","templated":true}]}}