{"id":1785,"date":"2020-11-25T17:27:33","date_gmt":"2020-11-25T16:27:33","guid":{"rendered":"https:\/\/www.pharmacieonline.lu\/produit\/pures-he-eucalyptus-citron-bio-10-ml\/"},"modified":"2026-04-04T02:25:19","modified_gmt":"2026-04-04T00:25:19","slug":"pures-he-eucalyptus-citron-bio-10-ml","status":"publish","type":"product","link":"https:\/\/www.pharmacieonline.lu\/de\/produit\/pures-he-eucalyptus-citron-bio-10-ml\/","title":{"rendered":"PURES HE EUCALYPTUS CITRON BIO 10 ML"},"content":{"rendered":"<p>ORGANIC LEMON EUCALYPTUS \u00c4THERISCHES \u00d6L 10ML<\/p>\n<p>Verwenden<br \/>\nNehmen Sie maximal 2 Tropfen dreimal t\u00e4glich (d. H. 0,21 ml) auf eine neutrale Puressentiel-Tablette (oder 1 Teel\u00f6ffel Honig, Oliven\u00f6l oder 1\/4 Zucker). \u00c4quivalenz: 1 ml 29 Tropfen . \u00dcberschreiten Sie nicht die empfohlene Tagesdosis. Ersetzt nicht eine abwechslungsreiche und ausgewogene Ern\u00e4hrung und einen gesunden Lebensstil. Nicht rein ohne Unterst\u00fctzung verwenden oder mit Wasser mischen. Von Kindern fern halten. Nicht anwenden bei Kindern unter 7 Jahren, bei schwangeren Frauen (insbesondere in den ersten 3 Monaten der Schwangerschaft) oder beim Stillen, bei Personen mit Krampf- oder Epilepsieerkrankungen in der Vorgeschichte und bei Personen, die gegen \u00e4therische \u00d6le allergisch sind. Wenden Sie sich bei medizinisch behandelten Personen und bei Kindern \u00fcber 7 Jahren an einen Facharzt. Vor Licht, Luft und Hitze sch\u00fctzen.<\/p>\n<p>ZUTAT: \u00c4THERISCHES \u00d6L VON Eukalyptus citriodora * CHEMOTYP: CITRONELLAL ANDERER NAME: Corymbia citriodora FAMILIE: MYRTACEA ORGAN * Aus \u00f6kologischem Landbau Nahrungserg\u00e4nzungsmittel HERSTELLERORGAN: BL\u00c4TTER<\/p>","protected":false},"excerpt":{"rendered":"<p>ORGANIC LEMON EUCALYPTUS \u00c4THERISCHES \u00d6L 10ML Verwenden Nehmen Sie maximal 2 Tropfen dreimal t\u00e4glich (d. H. 0,21 ml) auf eine neutrale Puressentiel-Tablette (oder 1 Teel\u00f6ffel Honig, Oliven\u00f6l oder 1\/4 Zucker). \u00c4quivalenz: 1 ml 29 Tropfen . \u00dcberschreiten Sie nicht die empfohlene Tagesdosis. Ersetzt nicht eine abwechslungsreiche und ausgewogene Ern\u00e4hrung und einen gesunden Lebensstil. Nicht rein [&hellip;]<\/p>\n","protected":false},"featured_media":3138,"template":"","meta":{"_acf_changed":false,"footnotes":""},"product_brand":[],"product_cat":[42,79,782],"product_tag":[],"class_list":{"0":"post-1785","1":"product","2":"type-product","3":"status-publish","4":"has-post-thumbnail","6":"product_cat-para-pharmacie","7":"product_cat-aromatherapie","8":"product_cat-vegan","10":"first","11":"instock","12":"taxable","13":"shipping-taxable","14":"purchasable","15":"product-type-simple"},"acf":[],"_links":{"self":[{"href":"https:\/\/www.pharmacieonline.lu\/de\/wp-json\/wp\/v2\/product\/1785","targetHints":{"allow":["GET"]}}],"collection":[{"href":"https:\/\/www.pharmacieonline.lu\/de\/wp-json\/wp\/v2\/product"}],"about":[{"href":"https:\/\/www.pharmacieonline.lu\/de\/wp-json\/wp\/v2\/types\/product"}],"version-history":[{"count":0,"href":"https:\/\/www.pharmacieonline.lu\/de\/wp-json\/wp\/v2\/product\/1785\/revisions"}],"wp:featuredmedia":[{"embeddable":true,"href":"https:\/\/www.pharmacieonline.lu\/de\/wp-json\/wp\/v2\/media\/3138"}],"wp:attachment":[{"href":"https:\/\/www.pharmacieonline.lu\/de\/wp-json\/wp\/v2\/media?parent=1785"}],"wp:term":[{"taxonomy":"product_brand","embeddable":true,"href":"https:\/\/www.pharmacieonline.lu\/de\/wp-json\/wp\/v2\/product_brand?post=1785"},{"taxonomy":"product_cat","embeddable":true,"href":"https:\/\/www.pharmacieonline.lu\/de\/wp-json\/wp\/v2\/product_cat?post=1785"},{"taxonomy":"product_tag","embeddable":true,"href":"https:\/\/www.pharmacieonline.lu\/de\/wp-json\/wp\/v2\/product_tag?post=1785"}],"curies":[{"name":"wp","href":"https:\/\/api.w.org\/{rel}","templated":true}]}}