{"id":17893,"date":"2021-03-25T14:11:17","date_gmt":"2021-03-25T13:11:17","guid":{"rendered":"https:\/\/www.pharmacieonline.lu\/?post_type=product&#038;p=17893"},"modified":"2026-04-09T05:55:31","modified_gmt":"2026-04-09T03:55:31","slug":"nuxe-prodigieux-floral-gelee-dche-200ml","status":"publish","type":"product","link":"https:\/\/www.pharmacieonline.lu\/de\/produit\/nuxe-prodigieux-floral-gelee-dche-200ml\/","title":{"rendered":"NUXE PRODIGIEUX FLORAL GELEE DCHE 200ML"},"content":{"rendered":"<p>Prodigieux\u00ae Blumenduft-Duschgelee<\/p>\n<p>Dieses duftende Duschgel macht s\u00fcchtig machend weich dank seiner zarten Reinigungsbasis pflanzlichen Ursprungs, die mit s\u00fc\u00dfem Mandel\u00f6l versetzt ist. Es reinigt die Haut mit Finesse und macht sie weich und geschmeidig. Die cremige Textur mit einem subtilen blumigen Duft und frischen Noten von Grapefruit, Magnolie und Moschus verwandelt die Dusche jeden Tag in ein ultra-sensorisches Erlebnis.<\/p>\n<p>Massieren Sie morgens und abends einen Knopf duftendes Duschgel auf Ihre feuchte Haut. Genie\u00dfen Sie die frische Textur und den glatten Schaum und sp\u00fclen Sie ihn dann aus. Bei Augenkontakt aussp\u00fclen.<\/p>\n<p>Reinigungsbasis pflanzlichen Ursprungs aus Kokosnuss und Weizen: Es beseitigt Verunreinigungen unter Ber\u00fccksichtigung des Hydrolipidfilms.<\/p>\n<p>Und auch :<\/p>\n<p>&#8211; S\u00fc\u00dfmandel\u00f6l &amp; Glycerin pflanzlichen Ursprungs: Sie verhindern das Austrocknen der Haut.<\/p>\n<p>Leicht biologisch abbaubare Formel ohne Inhaltsstoffe tierischen Ursprungs.<\/p>\n<p>96% der gesamten Inhaltsstoffe sind nat\u00fcrlichen Ursprungs<\/p>\n<p>ZUTATEN: AAQUA \/ WASSER, CAPRYLYL \/ Caprylglucosid, Cocamidopropylbetain, GLYCERIN, PARFUM \/ DUFT, Acrylaten \/ C10-30 Alkylacrylat CROSSPOLYMER, GLYCAMIDOPROPYL BETAINE, GLYCERIN, PARFUM \/ DUFT, Acrylaten \/ C10-30 Alkylacrylat CROSSPOLYMER, GLYCAMIDOPROPYL LAURATE, SODALUS GLYCERYL LAURAT, SODALUSILO GLYCODIUM, SODALUSILO DULODIUM, SODALUSILO DULODIS, SODALUSILO DULODIS NATRIUMHYDROXID, LIMONEN, LINALOOL [N2218 \/ A].<\/p>","protected":false},"excerpt":{"rendered":"<p>Prodigieux\u00ae Blumenduft-Duschgelee Dieses duftende Duschgel macht s\u00fcchtig machend weich dank seiner zarten Reinigungsbasis pflanzlichen Ursprungs, die mit s\u00fc\u00dfem Mandel\u00f6l versetzt ist. Es reinigt die Haut mit Finesse und macht sie weich und geschmeidig. Die cremige Textur mit einem subtilen blumigen Duft und frischen Noten von Grapefruit, Magnolie und Moschus verwandelt die Dusche jeden Tag in [&hellip;]<\/p>\n","protected":false},"featured_media":17894,"template":"","meta":{"_acf_changed":false,"footnotes":""},"product_brand":[],"product_cat":[47,42,112],"product_tag":[],"class_list":{"0":"post-17893","1":"product","2":"type-product","3":"status-publish","4":"has-post-thumbnail","6":"product_cat-dermocosmetique","7":"product_cat-para-pharmacie","8":"product_cat-douche-bain","10":"first","11":"instock","12":"taxable","13":"shipping-taxable","14":"purchasable","15":"product-type-simple"},"acf":[],"_links":{"self":[{"href":"https:\/\/www.pharmacieonline.lu\/de\/wp-json\/wp\/v2\/product\/17893","targetHints":{"allow":["GET"]}}],"collection":[{"href":"https:\/\/www.pharmacieonline.lu\/de\/wp-json\/wp\/v2\/product"}],"about":[{"href":"https:\/\/www.pharmacieonline.lu\/de\/wp-json\/wp\/v2\/types\/product"}],"version-history":[{"count":0,"href":"https:\/\/www.pharmacieonline.lu\/de\/wp-json\/wp\/v2\/product\/17893\/revisions"}],"wp:featuredmedia":[{"embeddable":true,"href":"https:\/\/www.pharmacieonline.lu\/de\/wp-json\/wp\/v2\/media\/17894"}],"wp:attachment":[{"href":"https:\/\/www.pharmacieonline.lu\/de\/wp-json\/wp\/v2\/media?parent=17893"}],"wp:term":[{"taxonomy":"product_brand","embeddable":true,"href":"https:\/\/www.pharmacieonline.lu\/de\/wp-json\/wp\/v2\/product_brand?post=17893"},{"taxonomy":"product_cat","embeddable":true,"href":"https:\/\/www.pharmacieonline.lu\/de\/wp-json\/wp\/v2\/product_cat?post=17893"},{"taxonomy":"product_tag","embeddable":true,"href":"https:\/\/www.pharmacieonline.lu\/de\/wp-json\/wp\/v2\/product_tag?post=17893"}],"curies":[{"name":"wp","href":"https:\/\/api.w.org\/{rel}","templated":true}]}}