{"id":18127,"date":"2021-03-26T13:22:00","date_gmt":"2021-03-26T12:22:00","guid":{"rendered":"https:\/\/www.pharmacieonline.lu\/?post_type=product&#038;p=18127"},"modified":"2026-04-05T22:25:21","modified_gmt":"2026-04-05T20:25:21","slug":"caudalie-vinoclean-huil-soi-demaq-150ml","status":"publish","type":"product","link":"https:\/\/www.pharmacieonline.lu\/de\/produit\/caudalie-vinoclean-huil-soi-demaq-150ml\/","title":{"rendered":"CAUDALIE VINOCLEAN HUIL SOI DEMAQ 150ML"},"content":{"rendered":"<p>REINIGUNGSBEHANDLUNGS\u00d6L<br \/>\nSaubere Haut, gr\u00fcner Planet<\/p>\n<p>Dieses 100% nat\u00fcrliche \u00d6l beseitigt jegliches Make-up, auch wasserdicht.<\/p>\n<p>BESCHREIBUNG<\/p>\n<p>NEU<br \/>\nUnsere Make-up-Entferner werden neu gestaltet und zu VINOCLEAN, einer neuen Reihe umweltfreundlicher Reinigungsmittel mit veganen und sehr nat\u00fcrlichen Formeln.<\/p>\n<p>Make-up Remover Oil ist eine Mischung aus pflegenden Pflanzen\u00f6len, die zu 100% nat\u00fcrlichen Ursprungs sind (S\u00fc\u00dfmandel, Rizinus, Traubenkern\u00f6l und Sonnenblumen\u00f6l).<\/p>\n<p>Die saubere und vegane Formel wirkt auf alle Arten von Make-up, einschlie\u00dflich wasserfest, und entfernt sanft Make-up von Gesicht, Augen und Lippen. Es pflegt, reinigt und befreit die Haut von allen Unreinheiten und verbessert die Wimpern mit Rizinus\u00f6l. Ideal f\u00fcr eine effektive, schnelle und baumwollfreie Make-up-Entfernung.<\/p>\n<p>Seine \u00d6lstruktur verwandelt sich bei Kontakt mit Wasser in Milch, um schnell und einfach abzusp\u00fclen, ohne einen fettigen Film auf der Haut zu hinterlassen.<\/p>\n<p>Sein 100% nat\u00fcrlicher Duft nach s\u00fc\u00dfen Mandeln verwandelt das Entfernen von Make-up in einen echten Moment des Wohlbefindens und des Vergn\u00fcgens.<\/p>\n<p>Caudalie verpflichtet:<br \/>\n&#8211; Neue 100% recycelte und recycelbare Plastikflaschen *<br \/>\n&#8211; Einsparungen von 50 Tonnen petrochemischem Kunststoff **<br \/>\n&#8211; Reduzierung des CO2-Fu\u00dfabdrucks um 45% **<\/p>\n<p>* Wo Einrichtungen vorhanden sind. Es gibt keine recycelbaren Pumpen, die dank der TerraCycle-Partnerschaft in Caudalie Boutiquen abgeholt werden k\u00f6nnen.<br \/>\n** Im Vergleich zur alten Linie von Caudalie-Reinigern und Make-up-Entfernern.<\/p>\n<p>Leistungen<br \/>\nL\u00f6st alles Make-up auf<br \/>\nEntfernt Make-up von Gesicht und Augen<br \/>\nN\u00e4hrt ohne einen fettigen Film zu hinterlassen<br \/>\nFormel:<\/p>\n<p>Ein Cocktail aus Pflanzen\u00f6len 100% nat\u00fcrlichen Ursprungs.<\/p>\n<p>Nicht komedogen, getestet unter dermatologischer und ophthalmologischer Kontrolle.<\/p>\n<p>Und wie alle Caudalie-Produkte, frei von Parabenen, Phenoxyethanol, Phthalaten, Mineral\u00f6len, PEGs, Silikonen, Natriumlaurethsulfaten und Inhaltsstoffen tierischen Ursprungs.<\/p>\n<p>Yuka Bewertung: 100\/100<\/p>\n<p>Komposition<br \/>\nZUTATEN: HELIANTHUS ANNUUS (SONNENBLUME) SAMEN\u00d6L, POLYGLYCERYL-4-OLEAT, CAPRYL \/ CAPRIC TRIGLYCERIDE, RICINUS COMMUNIS (CASTOR) SAMEN\u00d6L, PRUNUS AMYGDALUS DULCIS (SWEET ALMRAG)<br \/>\nANWENDUNG<\/p>\n<p>1. Erhitzen Sie 1 Knopf Reinigungs\u00f6l in Ihrer Handfl\u00e4che.<br \/>\n2. Mit geschlossenen Augen in die trockene Haut einmassieren.<br \/>\n3. Mit etwas Wasser emulgieren.<br \/>\n4. Mit lauwarmem Wasser gr\u00fcndlich absp\u00fclen und trocken tupfen.<\/p>\n<p>Der Rat des Vinotherapeuten:<br \/>\nMischen Sie den Schaum mit dem Reinigungs\u00f6l f\u00fcr einen &#8222;seidigen Schaum&#8220; -Effekt. Dieser Cocooning-Cocktail, der f\u00fcr trockene Haut garantiert ist, reinigt und entfernt Make-up in einem einzigen Schritt.<\/p>","protected":false},"excerpt":{"rendered":"<p>REINIGUNGSBEHANDLUNGS\u00d6L Saubere Haut, gr\u00fcner Planet Dieses 100% nat\u00fcrliche \u00d6l beseitigt jegliches Make-up, auch wasserdicht. BESCHREIBUNG NEU Unsere Make-up-Entferner werden neu gestaltet und zu VINOCLEAN, einer neuen Reihe umweltfreundlicher Reinigungsmittel mit veganen und sehr nat\u00fcrlichen Formeln. Make-up Remover Oil ist eine Mischung aus pflegenden Pflanzen\u00f6len, die zu 100% nat\u00fcrlichen Ursprungs sind (S\u00fc\u00dfmandel, Rizinus, Traubenkern\u00f6l und Sonnenblumen\u00f6l). [&hellip;]<\/p>\n","protected":false},"featured_media":18129,"template":"","meta":{"_acf_changed":false,"footnotes":""},"product_brand":[],"product_cat":[47,42,761,782],"product_tag":[],"class_list":{"0":"post-18127","1":"product","2":"type-product","3":"status-publish","4":"has-post-thumbnail","6":"product_cat-dermocosmetique","7":"product_cat-para-pharmacie","8":"product_cat-demaquillant-eau-micellaire-tonique","9":"product_cat-vegan","11":"first","12":"instock","13":"taxable","14":"shipping-taxable","15":"purchasable","16":"product-type-simple"},"acf":[],"_links":{"self":[{"href":"https:\/\/www.pharmacieonline.lu\/de\/wp-json\/wp\/v2\/product\/18127","targetHints":{"allow":["GET"]}}],"collection":[{"href":"https:\/\/www.pharmacieonline.lu\/de\/wp-json\/wp\/v2\/product"}],"about":[{"href":"https:\/\/www.pharmacieonline.lu\/de\/wp-json\/wp\/v2\/types\/product"}],"version-history":[{"count":0,"href":"https:\/\/www.pharmacieonline.lu\/de\/wp-json\/wp\/v2\/product\/18127\/revisions"}],"wp:featuredmedia":[{"embeddable":true,"href":"https:\/\/www.pharmacieonline.lu\/de\/wp-json\/wp\/v2\/media\/18129"}],"wp:attachment":[{"href":"https:\/\/www.pharmacieonline.lu\/de\/wp-json\/wp\/v2\/media?parent=18127"}],"wp:term":[{"taxonomy":"product_brand","embeddable":true,"href":"https:\/\/www.pharmacieonline.lu\/de\/wp-json\/wp\/v2\/product_brand?post=18127"},{"taxonomy":"product_cat","embeddable":true,"href":"https:\/\/www.pharmacieonline.lu\/de\/wp-json\/wp\/v2\/product_cat?post=18127"},{"taxonomy":"product_tag","embeddable":true,"href":"https:\/\/www.pharmacieonline.lu\/de\/wp-json\/wp\/v2\/product_tag?post=18127"}],"curies":[{"name":"wp","href":"https:\/\/api.w.org\/{rel}","templated":true}]}}