{"id":18334,"date":"2021-04-02T10:50:25","date_gmt":"2021-04-02T08:50:25","guid":{"rendered":"https:\/\/www.pharmacieonline.lu\/?post_type=product&#038;p=18334"},"modified":"2026-04-24T00:25:31","modified_gmt":"2026-04-23T22:25:31","slug":"zovirax-duo-50mg-g-10-mg-g-2-g-tube","status":"publish","type":"product","link":"https:\/\/www.pharmacieonline.lu\/de\/produit\/zovirax-duo-50mg-g-10-mg-g-2-g-tube\/","title":{"rendered":"ZOVIRAX DUO 50MG\/G + 10 MG\/G 2 G TUBE"},"content":{"rendered":"<p>Indikation<\/p>\n<p>Behandlung der fr\u00fchen Anzeichen und Symptome wiederkehrender Fieberbl\u00e4schen (Fieberbl\u00e4schen), um das Fortschreiten der Fieberbl\u00e4schen zu ulzerativen L\u00e4sionen bei immunkompetenten Erwachsenen und Jugendlichen (ab 12 Jahren) zu verringern.<\/p>\n<p>Anwendung<br \/>\nErwachsene und Jugendliche (&gt; 12 Jahre)<\/p>\n<p>5 x \/ Tag, alle 4 Stunden, an betroffenen Stellen<br \/>\nBeginnen Sie die Behandlung so bald wie m\u00f6glich und fahren Sie 5 Tage fort<br \/>\nKonsultieren Sie den Arzt, wenn nach 10 Tagen noch L\u00e4sionen vorhanden sind<\/p>\n<p>Waschen Sie ihre H\u00e4nde vor und nach dem Auftragen der Creme<br \/>\nVermeiden Sie \u00fcberm\u00e4\u00dfiges Reiben oder Ber\u00fchren von L\u00e4sionen<\/p>","protected":false},"excerpt":{"rendered":"<p>Indikation Behandlung der fr\u00fchen Anzeichen und Symptome wiederkehrender Fieberbl\u00e4schen (Fieberbl\u00e4schen), um das Fortschreiten der Fieberbl\u00e4schen zu ulzerativen L\u00e4sionen bei immunkompetenten Erwachsenen und Jugendlichen (ab 12 Jahren) zu verringern. Anwendung Erwachsene und Jugendliche (&gt; 12 Jahre) 5 x \/ Tag, alle 4 Stunden, an betroffenen Stellen Beginnen Sie die Behandlung so bald wie m\u00f6glich und fahren [&hellip;]<\/p>\n","protected":false},"featured_media":40132,"template":"","meta":{"_acf_changed":false,"footnotes":""},"product_brand":[],"product_cat":[43],"product_tag":[],"class_list":{"0":"post-18334","1":"product","2":"type-product","3":"status-publish","4":"has-post-thumbnail","6":"product_cat-medicaments-en-vente-libre","8":"first","9":"instock","10":"taxable","11":"shipping-taxable","12":"purchasable","13":"product-type-simple"},"acf":[],"_links":{"self":[{"href":"https:\/\/www.pharmacieonline.lu\/de\/wp-json\/wp\/v2\/product\/18334","targetHints":{"allow":["GET"]}}],"collection":[{"href":"https:\/\/www.pharmacieonline.lu\/de\/wp-json\/wp\/v2\/product"}],"about":[{"href":"https:\/\/www.pharmacieonline.lu\/de\/wp-json\/wp\/v2\/types\/product"}],"version-history":[{"count":0,"href":"https:\/\/www.pharmacieonline.lu\/de\/wp-json\/wp\/v2\/product\/18334\/revisions"}],"wp:featuredmedia":[{"embeddable":true,"href":"https:\/\/www.pharmacieonline.lu\/de\/wp-json\/wp\/v2\/media\/40132"}],"wp:attachment":[{"href":"https:\/\/www.pharmacieonline.lu\/de\/wp-json\/wp\/v2\/media?parent=18334"}],"wp:term":[{"taxonomy":"product_brand","embeddable":true,"href":"https:\/\/www.pharmacieonline.lu\/de\/wp-json\/wp\/v2\/product_brand?post=18334"},{"taxonomy":"product_cat","embeddable":true,"href":"https:\/\/www.pharmacieonline.lu\/de\/wp-json\/wp\/v2\/product_cat?post=18334"},{"taxonomy":"product_tag","embeddable":true,"href":"https:\/\/www.pharmacieonline.lu\/de\/wp-json\/wp\/v2\/product_tag?post=18334"}],"curies":[{"name":"wp","href":"https:\/\/api.w.org\/{rel}","templated":true}]}}