{"id":18637,"date":"2021-04-15T14:24:49","date_gmt":"2021-04-15T12:24:49","guid":{"rendered":"https:\/\/www.pharmacieonline.lu\/?post_type=product&#038;p=18637"},"modified":"2026-04-14T23:55:23","modified_gmt":"2026-04-14T21:55:23","slug":"he-lavande-aspic-bio-10-ml-pranarom","status":"publish","type":"product","link":"https:\/\/www.pharmacieonline.lu\/de\/produit\/he-lavande-aspic-bio-10-ml-pranarom\/","title":{"rendered":"HE LAVANDE ASPIC BIO 10 ML (PRANAROM)"},"content":{"rendered":"<p>Diese Luftpflanze mag das Buschland S\u00fcdeuropas und kalkhaltige B\u00f6den, f\u00fcrchtet die K\u00e4lte und weist hellviolette Bl\u00fcten auf, die in losen \u00c4hren auf langen Stielen angeordnet sind. Bl\u00fcte und Ernte sind sp\u00e4ter als echter Lavendel. Der Lavendelaspik enth\u00e4lt ein \u00e4therisches \u00d6l, das als Notfall qualifiziert ist, da es &#8222;wunderbar&#8220; ist, schwere Verbrennungen und Wespenstiche fast augenblicklich zu lindern und zu heilen. Unter diesen Umst\u00e4nden gebraucht zu haben, beweist, wenn es eine gibt, dass die Aromatherapie tats\u00e4chlich ein eigenst\u00e4ndiges Medikament ist.<\/p>\n<p>Anwendung<br \/>\nTipps &amp; Tricks: Bei allem, was brennt und brennt, sowie bei giftigen Insekten alle 5 Minuten 1\/2 Stunde lang 2 Tropfen Lavendelaspik auftragen. Das Ergebnis ist fast &#8222;wunderbar&#8220;.<\/p>\n<p>Hinweis: 2 Tropfen, 3 mal t\u00e4glich auf einer neutralen Unterlage (Honig, Rohrzucker, Pflanzen\u00f6l).<\/p>\n<p>Oraler Weg: ++ Hautweg: ++++ Verteilung in der Luft: + Einatmen von Aerosolen: &#8211; +++++ = dringend empfohlen &#8211; (!) Mit Vorsicht anzuwenden<\/p>\n<p>Vorsichtsma\u00dfnahmen:<br \/>\n\u2022 Darf nicht in die H\u00e4nde kleiner Kinder gelangen. \u2022 Ersetzt nicht eine abwechslungsreiche und ausgewogene Ern\u00e4hrung und einen gesunden Lebensstil. \u2022 \u00dcberschreiten Sie nicht die empfohlene Dosis. \u2022 Von W\u00e4rme- und Lichtquellen fernhalten.<\/p>\n<p>Komposition<br \/>\nAromatische Molek\u00fcle: 1,8 Cineol, Linalool, Kampfer Destillierter Teil: bl\u00fchende Spitze<\/p>","protected":false},"excerpt":{"rendered":"<p>Diese Luftpflanze mag das Buschland S\u00fcdeuropas und kalkhaltige B\u00f6den, f\u00fcrchtet die K\u00e4lte und weist hellviolette Bl\u00fcten auf, die in losen \u00c4hren auf langen Stielen angeordnet sind. Bl\u00fcte und Ernte sind sp\u00e4ter als echter Lavendel. Der Lavendelaspik enth\u00e4lt ein \u00e4therisches \u00d6l, das als Notfall qualifiziert ist, da es &#8222;wunderbar&#8220; ist, schwere Verbrennungen und Wespenstiche fast augenblicklich [&hellip;]<\/p>\n","protected":false},"featured_media":18639,"template":"","meta":{"_acf_changed":false,"footnotes":""},"product_brand":[],"product_cat":[42,79],"product_tag":[],"class_list":{"0":"post-18637","1":"product","2":"type-product","3":"status-publish","4":"has-post-thumbnail","6":"product_cat-para-pharmacie","7":"product_cat-aromatherapie","9":"first","10":"instock","11":"taxable","12":"shipping-taxable","13":"purchasable","14":"product-type-simple"},"acf":[],"_links":{"self":[{"href":"https:\/\/www.pharmacieonline.lu\/de\/wp-json\/wp\/v2\/product\/18637","targetHints":{"allow":["GET"]}}],"collection":[{"href":"https:\/\/www.pharmacieonline.lu\/de\/wp-json\/wp\/v2\/product"}],"about":[{"href":"https:\/\/www.pharmacieonline.lu\/de\/wp-json\/wp\/v2\/types\/product"}],"version-history":[{"count":0,"href":"https:\/\/www.pharmacieonline.lu\/de\/wp-json\/wp\/v2\/product\/18637\/revisions"}],"wp:featuredmedia":[{"embeddable":true,"href":"https:\/\/www.pharmacieonline.lu\/de\/wp-json\/wp\/v2\/media\/18639"}],"wp:attachment":[{"href":"https:\/\/www.pharmacieonline.lu\/de\/wp-json\/wp\/v2\/media?parent=18637"}],"wp:term":[{"taxonomy":"product_brand","embeddable":true,"href":"https:\/\/www.pharmacieonline.lu\/de\/wp-json\/wp\/v2\/product_brand?post=18637"},{"taxonomy":"product_cat","embeddable":true,"href":"https:\/\/www.pharmacieonline.lu\/de\/wp-json\/wp\/v2\/product_cat?post=18637"},{"taxonomy":"product_tag","embeddable":true,"href":"https:\/\/www.pharmacieonline.lu\/de\/wp-json\/wp\/v2\/product_tag?post=18637"}],"curies":[{"name":"wp","href":"https:\/\/api.w.org\/{rel}","templated":true}]}}