{"id":18676,"date":"2021-04-15T16:30:05","date_gmt":"2021-04-15T14:30:05","guid":{"rendered":"https:\/\/www.pharmacieonline.lu\/?post_type=product&#038;p=18676"},"modified":"2026-04-22T18:25:13","modified_gmt":"2026-04-22T16:25:13","slug":"alvityl-miel-de-manuka-iaa-15-250g","status":"publish","type":"product","link":"https:\/\/www.pharmacieonline.lu\/de\/produit\/alvityl-miel-de-manuka-iaa-15-250g\/","title":{"rendered":"ALVITYL MIEL DE MANUKA IAA 15+ 250G"},"content":{"rendered":"<p>Manuka-Honig wird in der traditionellen Medizin verwendet und ist wirksamer als andere Honigsorten. Er hat einzigartige Eigenschaften, teilweise aufgrund seiner Nichtperoxidwirkung aufgrund seines hohen Gehalts an Methylglyoxal, einem spezifischen Bestandteil von Manuka-Honig. Dies wird durch zahlreiche wissenschaftliche Ver\u00f6ffentlichungen gest\u00fctzt. Die hohe Wirksamkeit wird durch die IAA-Bewertung garantiert. Je h\u00f6her diese ist, desto wirksamer ist der Honig! Nicht jede Sorte von Manuka-Honig ist wirksam. Alvityl testet systematisch seine aktiven Manuka-Honige, um ihre Wirksamkeit sicherzustellen.<\/p>","protected":false},"excerpt":{"rendered":"<p>Manuka-Honig wird in der traditionellen Medizin verwendet und ist wirksamer als andere Honigsorten. Er hat einzigartige Eigenschaften, teilweise aufgrund seiner Nichtperoxidwirkung aufgrund seines hohen Gehalts an Methylglyoxal, einem spezifischen Bestandteil von Manuka-Honig. Dies wird durch zahlreiche wissenschaftliche Ver\u00f6ffentlichungen gest\u00fctzt. Die hohe Wirksamkeit wird durch die IAA-Bewertung garantiert. Je h\u00f6her diese ist, desto wirksamer ist der [&hellip;]<\/p>\n","protected":false},"featured_media":18678,"template":"","meta":{"_acf_changed":false,"footnotes":""},"product_brand":[],"product_cat":[42,78],"product_tag":[],"class_list":{"0":"post-18676","1":"product","2":"type-product","3":"status-publish","4":"has-post-thumbnail","6":"product_cat-para-pharmacie","7":"product_cat-phytotherapie","9":"first","10":"instock","11":"taxable","12":"shipping-taxable","13":"purchasable","14":"product-type-simple"},"acf":[],"_links":{"self":[{"href":"https:\/\/www.pharmacieonline.lu\/de\/wp-json\/wp\/v2\/product\/18676","targetHints":{"allow":["GET"]}}],"collection":[{"href":"https:\/\/www.pharmacieonline.lu\/de\/wp-json\/wp\/v2\/product"}],"about":[{"href":"https:\/\/www.pharmacieonline.lu\/de\/wp-json\/wp\/v2\/types\/product"}],"version-history":[{"count":0,"href":"https:\/\/www.pharmacieonline.lu\/de\/wp-json\/wp\/v2\/product\/18676\/revisions"}],"wp:featuredmedia":[{"embeddable":true,"href":"https:\/\/www.pharmacieonline.lu\/de\/wp-json\/wp\/v2\/media\/18678"}],"wp:attachment":[{"href":"https:\/\/www.pharmacieonline.lu\/de\/wp-json\/wp\/v2\/media?parent=18676"}],"wp:term":[{"taxonomy":"product_brand","embeddable":true,"href":"https:\/\/www.pharmacieonline.lu\/de\/wp-json\/wp\/v2\/product_brand?post=18676"},{"taxonomy":"product_cat","embeddable":true,"href":"https:\/\/www.pharmacieonline.lu\/de\/wp-json\/wp\/v2\/product_cat?post=18676"},{"taxonomy":"product_tag","embeddable":true,"href":"https:\/\/www.pharmacieonline.lu\/de\/wp-json\/wp\/v2\/product_tag?post=18676"}],"curies":[{"name":"wp","href":"https:\/\/api.w.org\/{rel}","templated":true}]}}