{"id":1873,"date":"2020-11-25T17:27:49","date_gmt":"2020-11-25T16:27:49","guid":{"rendered":"https:\/\/www.pharmacieonline.lu\/produit\/avene-cleanance-hydra-cr-apais-40-ml\/"},"modified":"2026-04-02T17:55:44","modified_gmt":"2026-04-02T15:55:44","slug":"avene-cleanance-hydra-cr-apais-40-ml","status":"publish","type":"product","link":"https:\/\/www.pharmacieonline.lu\/de\/produit\/avene-cleanance-hydra-cr-apais-40-ml\/","title":{"rendered":"AVENE CLEANANCE HYDRA CR APAIS 40 ML"},"content":{"rendered":"<p>Beruhigende, feuchtigkeitsspendende und pflegende Behandlung speziell f\u00fcr trockene und gereizte Haut durch Anti-Akne-Medikamente.<br \/>\nStellt den Hautkomfort wieder her.<br \/>\nIndikation<\/p>\n<p>Reinigung HYDRA Beruhigungscreme ist besonders f\u00fcr trockene Haut geeignet, die durch Anti-Akne-Medikamente gereizt wird.<\/p>\n<p>Verwendung<br \/>\nMorgens und \/ oder abends auf das zuvor mit Cleanance HYDRA Beruhigende Reinigungscreme gereinigte Gesicht auftragen.<\/p>\n<p>Komposition<br \/>\nAVENE THERMISCHES FR\u00dcHLINGSWASSER (AVENE AQUA), CARTHAMUS TINCTORIUS (SAFFLOWER) SAMEN\u00d6L (CARTHAMUS TINCTORIUS SAMEN\u00d6L), CAPRYL \/ CAPRIC TRIGLYCERIDE, DIMETHICONE, PEG-12, BUTYLEN, GLI-GLY 100-Stearat, Cetylalkohol, Glyceryl Linoleate, Acrylaten \/ C10-30 Alkylacrylat CROSSPOLYMER, Benzoes\u00e4ure, Fragrance (Parfum), Glyceryl Linolenat, Glyceryloleat, Glycerylstearat PALMITANATE, Glyceryloleat, Glycerylstearat PALMITAN SOXULA (GLYCERYL SOYCINE) SOXULAINE (GLYCERYL PALMITAN) SODIUM GLYCERYL SOXULACINE (OYCERYL SOYJULA), OYCERYL SOXULACINE (SOXULA) S OYCINE (SOYBE) , NATRIUMHYDROXID, TOCOPHEROL, TOCOPHERYLACETAT, XANTHAN GUM.<\/p>","protected":false},"excerpt":{"rendered":"<p>Beruhigende, feuchtigkeitsspendende und pflegende Behandlung speziell f\u00fcr trockene und gereizte Haut durch Anti-Akne-Medikamente. Stellt den Hautkomfort wieder her. Indikation Reinigung HYDRA Beruhigungscreme ist besonders f\u00fcr trockene Haut geeignet, die durch Anti-Akne-Medikamente gereizt wird. Verwendung Morgens und \/ oder abends auf das zuvor mit Cleanance HYDRA Beruhigende Reinigungscreme gereinigte Gesicht auftragen. Komposition AVENE THERMISCHES FR\u00dcHLINGSWASSER (AVENE [&hellip;]<\/p>\n","protected":false},"featured_media":3056,"template":"","meta":{"_acf_changed":false,"footnotes":""},"product_brand":[],"product_cat":[47,42,54],"product_tag":[],"class_list":{"0":"post-1873","1":"product","2":"type-product","3":"status-publish","4":"has-post-thumbnail","6":"product_cat-dermocosmetique","7":"product_cat-para-pharmacie","8":"product_cat-soins-du-visage","10":"first","11":"instock","12":"taxable","13":"shipping-taxable","14":"purchasable","15":"product-type-simple"},"acf":[],"_links":{"self":[{"href":"https:\/\/www.pharmacieonline.lu\/de\/wp-json\/wp\/v2\/product\/1873","targetHints":{"allow":["GET"]}}],"collection":[{"href":"https:\/\/www.pharmacieonline.lu\/de\/wp-json\/wp\/v2\/product"}],"about":[{"href":"https:\/\/www.pharmacieonline.lu\/de\/wp-json\/wp\/v2\/types\/product"}],"version-history":[{"count":0,"href":"https:\/\/www.pharmacieonline.lu\/de\/wp-json\/wp\/v2\/product\/1873\/revisions"}],"wp:featuredmedia":[{"embeddable":true,"href":"https:\/\/www.pharmacieonline.lu\/de\/wp-json\/wp\/v2\/media\/3056"}],"wp:attachment":[{"href":"https:\/\/www.pharmacieonline.lu\/de\/wp-json\/wp\/v2\/media?parent=1873"}],"wp:term":[{"taxonomy":"product_brand","embeddable":true,"href":"https:\/\/www.pharmacieonline.lu\/de\/wp-json\/wp\/v2\/product_brand?post=1873"},{"taxonomy":"product_cat","embeddable":true,"href":"https:\/\/www.pharmacieonline.lu\/de\/wp-json\/wp\/v2\/product_cat?post=1873"},{"taxonomy":"product_tag","embeddable":true,"href":"https:\/\/www.pharmacieonline.lu\/de\/wp-json\/wp\/v2\/product_tag?post=1873"}],"curies":[{"name":"wp","href":"https:\/\/api.w.org\/{rel}","templated":true}]}}